{"id":7050,"date":"2025-05-11T16:36:11","date_gmt":"2025-05-11T13:36:11","guid":{"rendered":"https:\/\/pngate.com\/product\/lemon-squeezy-button-payment-method-free-png\/"},"modified":"2025-07-14T18:24:22","modified_gmt":"2025-07-14T15:24:22","slug":"lemon-squeezy-button-payment-method-free-png","status":"publish","type":"product","link":"https:\/\/pngate.com\/es\/producto\/lemon-squeezy-button-payment-method-free-png\/","title":{"rendered":"Bot\u00f3n de exprimir lim\u00f3n, m\u00e9todo de pago, PNG gratuito"},"content":{"rendered":"","protected":false},"excerpt":{"rendered":"","protected":false},"featured_media":7049,"template":"","meta":{"om_disable_all_campaigns":false,"_monsterinsights_skip_tracking":false,"_monsterinsights_sitenote_active":false,"_monsterinsights_sitenote_note":"","_monsterinsights_sitenote_category":0,"_uf_show_specific_survey":0,"_uf_disable_surveys":false},"product_brand":[],"product_cat":[14,1706],"product_tag":[3318,3323,3345,3281,1106],"class_list":{"0":"post-7050","1":"product","2":"type-product","3":"status-publish","4":"has-post-thumbnail","6":"product_cat-icons","7":"product_cat-buttons-ui","8":"product_tag-buttons-ui","9":"product_tag-digital-payment","10":"product_tag-lemon-squeezy","11":"product_tag-payment-method","12":"product_tag-user-interface","14":"first","15":"instock","16":"downloadable","17":"virtual","18":"purchasable","19":"product-type-simple"},"aioseo_notices":[],"_links":{"self":[{"href":"https:\/\/pngate.com\/es\/wp-json\/wp\/v2\/product\/7050","targetHints":{"allow":["GET"]}}],"collection":[{"href":"https:\/\/pngate.com\/es\/wp-json\/wp\/v2\/product"}],"about":[{"href":"https:\/\/pngate.com\/es\/wp-json\/wp\/v2\/types\/product"}],"version-history":[{"count":1,"href":"https:\/\/pngate.com\/es\/wp-json\/wp\/v2\/product\/7050\/revisions"}],"predecessor-version":[{"id":16670,"href":"https:\/\/pngate.com\/es\/wp-json\/wp\/v2\/product\/7050\/revisions\/16670"}],"wp:featuredmedia":[{"embeddable":true,"href":"https:\/\/pngate.com\/es\/wp-json\/wp\/v2\/media\/7049"}],"wp:attachment":[{"href":"https:\/\/pngate.com\/es\/wp-json\/wp\/v2\/media?parent=7050"}],"wp:term":[{"taxonomy":"product_brand","embeddable":true,"href":"https:\/\/pngate.com\/es\/wp-json\/wp\/v2\/product_brand?post=7050"},{"taxonomy":"product_cat","embeddable":true,"href":"https:\/\/pngate.com\/es\/wp-json\/wp\/v2\/product_cat?post=7050"},{"taxonomy":"product_tag","embeddable":true,"href":"https:\/\/pngate.com\/es\/wp-json\/wp\/v2\/product_tag?post=7050"}],"curies":[{"name":"wp","href":"https:\/\/api.w.org\/{rel}","templated":true}]}}