{"id":7425,"date":"2025-05-15T02:25:11","date_gmt":"2025-05-14T23:25:11","guid":{"rendered":"https:\/\/pngate.com\/product\/maestro-payment-method-button-graphics-free-png\/"},"modified":"2025-07-14T18:26:24","modified_gmt":"2025-07-14T15:26:24","slug":"maestro-payment-method-button-graphics-free-png","status":"publish","type":"product","link":"https:\/\/pngate.com\/es\/producto\/maestro-payment-method-button-graphics-free-png\/","title":{"rendered":"Gr\u00e1ficos PNG gratuitos del bot\u00f3n de m\u00e9todo de pago Maestro"},"content":{"rendered":"","protected":false},"excerpt":{"rendered":"","protected":false},"featured_media":7424,"template":"","meta":{"om_disable_all_campaigns":false,"_monsterinsights_skip_tracking":false,"_monsterinsights_sitenote_active":false,"_monsterinsights_sitenote_note":"","_monsterinsights_sitenote_category":0,"_uf_show_specific_survey":0,"_uf_disable_surveys":false},"product_brand":[],"product_cat":[14,1706,129],"product_tag":[3286,1281,3459,3343,3348,3281,3295],"class_list":{"0":"post-7425","1":"product","2":"type-product","3":"status-publish","4":"has-post-thumbnail","6":"product_cat-icons","7":"product_cat-buttons-ui","8":"product_cat-logos","9":"product_tag-digital-payments","10":"product_tag-finance","11":"product_tag-maestro","12":"product_tag-online-payments","13":"product_tag-payment-icons","14":"product_tag-payment-method","15":"product_tag-ui-button","17":"first","18":"instock","19":"downloadable","20":"virtual","21":"purchasable","22":"product-type-simple"},"aioseo_notices":[],"_links":{"self":[{"href":"https:\/\/pngate.com\/es\/wp-json\/wp\/v2\/product\/7425","targetHints":{"allow":["GET"]}}],"collection":[{"href":"https:\/\/pngate.com\/es\/wp-json\/wp\/v2\/product"}],"about":[{"href":"https:\/\/pngate.com\/es\/wp-json\/wp\/v2\/types\/product"}],"version-history":[{"count":1,"href":"https:\/\/pngate.com\/es\/wp-json\/wp\/v2\/product\/7425\/revisions"}],"predecessor-version":[{"id":16795,"href":"https:\/\/pngate.com\/es\/wp-json\/wp\/v2\/product\/7425\/revisions\/16795"}],"wp:featuredmedia":[{"embeddable":true,"href":"https:\/\/pngate.com\/es\/wp-json\/wp\/v2\/media\/7424"}],"wp:attachment":[{"href":"https:\/\/pngate.com\/es\/wp-json\/wp\/v2\/media?parent=7425"}],"wp:term":[{"taxonomy":"product_brand","embeddable":true,"href":"https:\/\/pngate.com\/es\/wp-json\/wp\/v2\/product_brand?post=7425"},{"taxonomy":"product_cat","embeddable":true,"href":"https:\/\/pngate.com\/es\/wp-json\/wp\/v2\/product_cat?post=7425"},{"taxonomy":"product_tag","embeddable":true,"href":"https:\/\/pngate.com\/es\/wp-json\/wp\/v2\/product_tag?post=7425"}],"curies":[{"name":"wp","href":"https:\/\/api.w.org\/{rel}","templated":true}]}}