{"id":7788,"date":"2025-05-17T03:59:30","date_gmt":"2025-05-17T00:59:30","guid":{"rendered":"https:\/\/pngate.com\/product\/react-js-logo-in-purple-hexagon-with-atom-symbol-free-png\/"},"modified":"2025-07-14T18:28:34","modified_gmt":"2025-07-14T15:28:34","slug":"react-js-logo-in-purple-hexagon-with-atom-symbol-free-png","status":"publish","type":"product","link":"https:\/\/pngate.com\/es\/producto\/react-js-logo-in-purple-hexagon-with-atom-symbol-free-png\/","title":{"rendered":"Logotipo de React JS en hex\u00e1gono morado con s\u00edmbolo at\u00f3mico PNG gratis"},"content":{"rendered":"","protected":false},"excerpt":{"rendered":"","protected":false},"featured_media":7787,"template":"","meta":{"om_disable_all_campaigns":false,"_monsterinsights_skip_tracking":false,"_monsterinsights_sitenote_active":false,"_monsterinsights_sitenote_note":"","_monsterinsights_sitenote_category":0,"_uf_show_specific_survey":0,"_uf_disable_surveys":false},"product_brand":[],"product_cat":[14,1811,129],"product_tag":[3557,1838,3554,3746,3745,3691,757],"class_list":{"0":"post-7788","1":"product","2":"type-product","3":"status-publish","4":"has-post-thumbnail","6":"product_cat-icons","7":"product_cat-technology","8":"product_cat-logos","9":"product_tag-atom-symbol","10":"product_tag-hexagon","11":"product_tag-programming","12":"product_tag-purple-logo","13":"product_tag-react","14":"product_tag-react-js","15":"product_tag-technology","17":"first","18":"instock","19":"downloadable","20":"virtual","21":"purchasable","22":"product-type-simple"},"aioseo_notices":[],"_links":{"self":[{"href":"https:\/\/pngate.com\/es\/wp-json\/wp\/v2\/product\/7788","targetHints":{"allow":["GET"]}}],"collection":[{"href":"https:\/\/pngate.com\/es\/wp-json\/wp\/v2\/product"}],"about":[{"href":"https:\/\/pngate.com\/es\/wp-json\/wp\/v2\/types\/product"}],"version-history":[{"count":1,"href":"https:\/\/pngate.com\/es\/wp-json\/wp\/v2\/product\/7788\/revisions"}],"predecessor-version":[{"id":16916,"href":"https:\/\/pngate.com\/es\/wp-json\/wp\/v2\/product\/7788\/revisions\/16916"}],"wp:featuredmedia":[{"embeddable":true,"href":"https:\/\/pngate.com\/es\/wp-json\/wp\/v2\/media\/7787"}],"wp:attachment":[{"href":"https:\/\/pngate.com\/es\/wp-json\/wp\/v2\/media?parent=7788"}],"wp:term":[{"taxonomy":"product_brand","embeddable":true,"href":"https:\/\/pngate.com\/es\/wp-json\/wp\/v2\/product_brand?post=7788"},{"taxonomy":"product_cat","embeddable":true,"href":"https:\/\/pngate.com\/es\/wp-json\/wp\/v2\/product_cat?post=7788"},{"taxonomy":"product_tag","embeddable":true,"href":"https:\/\/pngate.com\/es\/wp-json\/wp\/v2\/product_tag?post=7788"}],"curies":[{"name":"wp","href":"https:\/\/api.w.org\/{rel}","templated":true}]}}