{"id":7821,"date":"2025-05-17T08:01:33","date_gmt":"2025-05-17T05:01:33","guid":{"rendered":"https:\/\/pngate.com\/product\/atom-logo-green-circle-outline-symbol-free-png\/"},"modified":"2025-07-14T18:28:42","modified_gmt":"2025-07-14T15:28:42","slug":"atom-logo-green-circle-outline-symbol-free-png","status":"publish","type":"product","link":"https:\/\/pngate.com\/es\/producto\/atom-logo-green-circle-outline-symbol-free-png\/","title":{"rendered":"Logotipo de \u00e1tomo, c\u00edrculo verde, contorno, s\u00edmbolo PNG gratis"},"content":{"rendered":"","protected":false},"excerpt":{"rendered":"","protected":false},"featured_media":7820,"template":"","meta":{"om_disable_all_campaigns":false,"_monsterinsights_skip_tracking":false,"_monsterinsights_sitenote_active":false,"_monsterinsights_sitenote_note":"","_monsterinsights_sitenote_category":0,"_uf_show_specific_survey":0,"_uf_disable_surveys":false},"product_brand":[],"product_cat":[124,14,129,1752],"product_tag":[3766,3768,3708,2388,3767,3510],"class_list":{"0":"post-7821","1":"product","2":"type-product","3":"status-publish","4":"has-post-thumbnail","6":"product_cat-clipart","7":"product_cat-icons","8":"product_cat-logos","9":"product_cat-minimalist","10":"product_tag-atom-logo","11":"product_tag-atomic-icon","12":"product_tag-green-circle","13":"product_tag-minimalist-design","14":"product_tag-science-symbol","15":"product_tag-vector-graphic","17":"first","18":"instock","19":"downloadable","20":"virtual","21":"purchasable","22":"product-type-simple"},"aioseo_notices":[],"_links":{"self":[{"href":"https:\/\/pngate.com\/es\/wp-json\/wp\/v2\/product\/7821","targetHints":{"allow":["GET"]}}],"collection":[{"href":"https:\/\/pngate.com\/es\/wp-json\/wp\/v2\/product"}],"about":[{"href":"https:\/\/pngate.com\/es\/wp-json\/wp\/v2\/types\/product"}],"version-history":[{"count":1,"href":"https:\/\/pngate.com\/es\/wp-json\/wp\/v2\/product\/7821\/revisions"}],"predecessor-version":[{"id":16927,"href":"https:\/\/pngate.com\/es\/wp-json\/wp\/v2\/product\/7821\/revisions\/16927"}],"wp:featuredmedia":[{"embeddable":true,"href":"https:\/\/pngate.com\/es\/wp-json\/wp\/v2\/media\/7820"}],"wp:attachment":[{"href":"https:\/\/pngate.com\/es\/wp-json\/wp\/v2\/media?parent=7821"}],"wp:term":[{"taxonomy":"product_brand","embeddable":true,"href":"https:\/\/pngate.com\/es\/wp-json\/wp\/v2\/product_brand?post=7821"},{"taxonomy":"product_cat","embeddable":true,"href":"https:\/\/pngate.com\/es\/wp-json\/wp\/v2\/product_cat?post=7821"},{"taxonomy":"product_tag","embeddable":true,"href":"https:\/\/pngate.com\/es\/wp-json\/wp\/v2\/product_tag?post=7821"}],"curies":[{"name":"wp","href":"https:\/\/api.w.org\/{rel}","templated":true}]}}