{"id":8079,"date":"2025-05-18T13:10:21","date_gmt":"2025-05-18T10:10:21","guid":{"rendered":"https:\/\/pngate.com\/product\/mocha-coffee-logo-brown-hexagon-modern-design-free-png\/"},"modified":"2025-07-14T18:30:11","modified_gmt":"2025-07-14T15:30:11","slug":"mocha-coffee-logo-brown-hexagon-modern-design-free-png","status":"publish","type":"product","link":"https:\/\/pngate.com\/es\/producto\/mocha-coffee-logo-brown-hexagon-modern-design-free-png\/","title":{"rendered":"Logotipo de caf\u00e9 moca, dise\u00f1o hexagonal marr\u00f3n moderno, PNG gratis"},"content":{"rendered":"","protected":false},"excerpt":{"rendered":"","protected":false},"featured_media":8078,"template":"","meta":{"om_disable_all_campaigns":false,"_monsterinsights_skip_tracking":false,"_monsterinsights_sitenote_active":false,"_monsterinsights_sitenote_note":"","_monsterinsights_sitenote_category":0,"_uf_show_specific_survey":0,"_uf_disable_surveys":false},"product_brand":[],"product_cat":[1713,1719,344,129],"product_tag":[1140,3922,776,400,1838,3921,768],"class_list":{"0":"post-8079","1":"product","2":"type-product","3":"status-publish","4":"has-post-thumbnail","6":"product_cat-coffee-cup","7":"product_cat-drinks","8":"product_cat-food","9":"product_cat-logos","10":"product_tag-beverage","11":"product_tag-brown","12":"product_tag-cafe","13":"product_tag-coffee","14":"product_tag-hexagon","15":"product_tag-mocha","16":"product_tag-modern","18":"first","19":"instock","20":"downloadable","21":"virtual","22":"purchasable","23":"product-type-simple"},"aioseo_notices":[],"_links":{"self":[{"href":"https:\/\/pngate.com\/es\/wp-json\/wp\/v2\/product\/8079","targetHints":{"allow":["GET"]}}],"collection":[{"href":"https:\/\/pngate.com\/es\/wp-json\/wp\/v2\/product"}],"about":[{"href":"https:\/\/pngate.com\/es\/wp-json\/wp\/v2\/types\/product"}],"version-history":[{"count":1,"href":"https:\/\/pngate.com\/es\/wp-json\/wp\/v2\/product\/8079\/revisions"}],"predecessor-version":[{"id":17013,"href":"https:\/\/pngate.com\/es\/wp-json\/wp\/v2\/product\/8079\/revisions\/17013"}],"wp:featuredmedia":[{"embeddable":true,"href":"https:\/\/pngate.com\/es\/wp-json\/wp\/v2\/media\/8078"}],"wp:attachment":[{"href":"https:\/\/pngate.com\/es\/wp-json\/wp\/v2\/media?parent=8079"}],"wp:term":[{"taxonomy":"product_brand","embeddable":true,"href":"https:\/\/pngate.com\/es\/wp-json\/wp\/v2\/product_brand?post=8079"},{"taxonomy":"product_cat","embeddable":true,"href":"https:\/\/pngate.com\/es\/wp-json\/wp\/v2\/product_cat?post=8079"},{"taxonomy":"product_tag","embeddable":true,"href":"https:\/\/pngate.com\/es\/wp-json\/wp\/v2\/product_tag?post=8079"}],"curies":[{"name":"wp","href":"https:\/\/api.w.org\/{rel}","templated":true}]}}