{"id":8994,"date":"2025-05-27T00:42:16","date_gmt":"2025-05-26T21:42:16","guid":{"rendered":"https:\/\/pngate.com\/product\/face-with-tears-of-joy-emoji-3d-colorful-expression-free-png\/"},"modified":"2025-07-14T18:35:15","modified_gmt":"2025-07-14T15:35:15","slug":"face-with-tears-of-joy-emoji-3d-colorful-expression-free-png","status":"publish","type":"product","link":"https:\/\/pngate.com\/es\/producto\/face-with-tears-of-joy-emoji-3d-colorful-expression-free-png\/","title":{"rendered":"Emoji de cara con l\u00e1grimas de alegr\u00eda (expresi\u00f3n colorida en 3D) PNG gratis"},"content":{"rendered":"","protected":false},"excerpt":{"rendered":"","protected":false},"featured_media":8993,"template":"","meta":{"om_disable_all_campaigns":false,"_monsterinsights_skip_tracking":false,"_monsterinsights_sitenote_active":false,"_monsterinsights_sitenote_note":"","_monsterinsights_sitenote_category":0,"_uf_show_specific_survey":0,"_uf_disable_surveys":false},"product_brand":[],"product_cat":[126,798,1796],"product_tag":[2562,425,412,1577,1802,4586,861],"class_list":{"0":"post-8994","1":"product","2":"type-product","3":"status-publish","4":"has-post-thumbnail","6":"product_cat-3d-graphics","7":"product_cat-cartoon-anime","8":"product_cat-emoji","9":"product_tag-3d-graphic","10":"product_tag-colorful","11":"product_tag-emoji","12":"product_tag-expressive","13":"product_tag-happy-face","14":"product_tag-laughter","15":"product_tag-playful","17":"first","18":"instock","19":"downloadable","20":"virtual","21":"purchasable","22":"product-type-simple"},"aioseo_notices":[],"_links":{"self":[{"href":"https:\/\/pngate.com\/es\/wp-json\/wp\/v2\/product\/8994","targetHints":{"allow":["GET"]}}],"collection":[{"href":"https:\/\/pngate.com\/es\/wp-json\/wp\/v2\/product"}],"about":[{"href":"https:\/\/pngate.com\/es\/wp-json\/wp\/v2\/types\/product"}],"version-history":[{"count":1,"href":"https:\/\/pngate.com\/es\/wp-json\/wp\/v2\/product\/8994\/revisions"}],"predecessor-version":[{"id":17309,"href":"https:\/\/pngate.com\/es\/wp-json\/wp\/v2\/product\/8994\/revisions\/17309"}],"wp:featuredmedia":[{"embeddable":true,"href":"https:\/\/pngate.com\/es\/wp-json\/wp\/v2\/media\/8993"}],"wp:attachment":[{"href":"https:\/\/pngate.com\/es\/wp-json\/wp\/v2\/media?parent=8994"}],"wp:term":[{"taxonomy":"product_brand","embeddable":true,"href":"https:\/\/pngate.com\/es\/wp-json\/wp\/v2\/product_brand?post=8994"},{"taxonomy":"product_cat","embeddable":true,"href":"https:\/\/pngate.com\/es\/wp-json\/wp\/v2\/product_cat?post=8994"},{"taxonomy":"product_tag","embeddable":true,"href":"https:\/\/pngate.com\/es\/wp-json\/wp\/v2\/product_tag?post=8994"}],"curies":[{"name":"wp","href":"https:\/\/api.w.org\/{rel}","templated":true}]}}