{"id":9417,"date":"2025-05-28T03:29:37","date_gmt":"2025-05-28T00:29:37","guid":{"rendered":"https:\/\/pngate.com\/product\/gold-foil-balloon-number-8-metallic-inflatable-free-png\/"},"modified":"2025-07-14T18:37:31","modified_gmt":"2025-07-14T15:37:31","slug":"gold-foil-balloon-number-8-metallic-inflatable-free-png","status":"publish","type":"product","link":"https:\/\/pngate.com\/es\/producto\/gold-foil-balloon-number-8-metallic-inflatable-free-png\/","title":{"rendered":"Globo inflable met\u00e1lico n\u00famero 8 de l\u00e1mina dorada, PNG gratis"},"content":{"rendered":"","protected":false},"excerpt":{"rendered":"","protected":false},"featured_media":9416,"template":"","meta":{"om_disable_all_campaigns":false,"_monsterinsights_skip_tracking":false,"_monsterinsights_sitenote_active":false,"_monsterinsights_sitenote_note":"","_monsterinsights_sitenote_category":0,"_uf_show_specific_survey":0,"_uf_disable_surveys":false},"product_brand":[],"product_cat":[1699,1700,1906,4882,4881],"product_tag":[434,1239,3123,4876,4880,4878,4877,4879],"class_list":{"0":"post-9417","1":"product","2":"type-product","3":"status-publish","4":"has-post-thumbnail","6":"product_cat-balloons","7":"product_cat-birthday","8":"product_cat-celebration","9":"product_cat-event-decoration","10":"product_cat-party-decor","11":"product_tag-birthday","12":"product_tag-celebration","13":"product_tag-event-decoration","14":"product_tag-gold-foil-balloon","15":"product_tag-inflatable-balloon","16":"product_tag-metallic-decoration","17":"product_tag-number-8-balloon","18":"product_tag-party-decor","20":"first","21":"instock","22":"downloadable","23":"virtual","24":"purchasable","25":"product-type-simple"},"aioseo_notices":[],"_links":{"self":[{"href":"https:\/\/pngate.com\/es\/wp-json\/wp\/v2\/product\/9417","targetHints":{"allow":["GET"]}}],"collection":[{"href":"https:\/\/pngate.com\/es\/wp-json\/wp\/v2\/product"}],"about":[{"href":"https:\/\/pngate.com\/es\/wp-json\/wp\/v2\/types\/product"}],"version-history":[{"count":1,"href":"https:\/\/pngate.com\/es\/wp-json\/wp\/v2\/product\/9417\/revisions"}],"predecessor-version":[{"id":17450,"href":"https:\/\/pngate.com\/es\/wp-json\/wp\/v2\/product\/9417\/revisions\/17450"}],"wp:featuredmedia":[{"embeddable":true,"href":"https:\/\/pngate.com\/es\/wp-json\/wp\/v2\/media\/9416"}],"wp:attachment":[{"href":"https:\/\/pngate.com\/es\/wp-json\/wp\/v2\/media?parent=9417"}],"wp:term":[{"taxonomy":"product_brand","embeddable":true,"href":"https:\/\/pngate.com\/es\/wp-json\/wp\/v2\/product_brand?post=9417"},{"taxonomy":"product_cat","embeddable":true,"href":"https:\/\/pngate.com\/es\/wp-json\/wp\/v2\/product_cat?post=9417"},{"taxonomy":"product_tag","embeddable":true,"href":"https:\/\/pngate.com\/es\/wp-json\/wp\/v2\/product_tag?post=9417"}],"curies":[{"name":"wp","href":"https:\/\/api.w.org\/{rel}","templated":true}]}}