{"id":9423,"date":"2025-05-28T03:49:34","date_gmt":"2025-05-28T00:49:34","guid":{"rendered":"https:\/\/pngate.com\/product\/gold-foil-number-6-balloon-shiny-metallic-decoration-free-png\/"},"modified":"2025-07-14T18:37:39","modified_gmt":"2025-07-14T15:37:39","slug":"gold-foil-number-6-balloon-shiny-metallic-decoration-free-png","status":"publish","type":"product","link":"https:\/\/pngate.com\/es\/producto\/gold-foil-number-6-balloon-shiny-metallic-decoration-free-png\/","title":{"rendered":"Globo n\u00famero 6 de l\u00e1mina dorada, decoraci\u00f3n met\u00e1lica brillante, PNG gratis"},"content":{"rendered":"","protected":false},"excerpt":{"rendered":"","protected":false},"featured_media":9422,"template":"","meta":{"om_disable_all_campaigns":false,"_monsterinsights_skip_tracking":false,"_monsterinsights_sitenote_active":false,"_monsterinsights_sitenote_note":"","_monsterinsights_sitenote_category":0,"_uf_show_specific_survey":0,"_uf_disable_surveys":false},"product_brand":[],"product_cat":[1699,1700,1906,2015],"product_tag":[428,1239,328,4884,1241,709,4885],"class_list":{"0":"post-9423","1":"product","2":"type-product","3":"status-publish","4":"has-post-thumbnail","6":"product_cat-balloons","7":"product_cat-birthday","8":"product_cat-celebration","9":"product_cat-party","10":"product_tag-balloon","11":"product_tag-celebration","12":"product_tag-metallic","13":"product_tag-number","14":"product_tag-party","15":"product_tag-shiny","16":"product_tag-six","18":"first","19":"instock","20":"downloadable","21":"virtual","22":"purchasable","23":"product-type-simple"},"aioseo_notices":[],"_links":{"self":[{"href":"https:\/\/pngate.com\/es\/wp-json\/wp\/v2\/product\/9423","targetHints":{"allow":["GET"]}}],"collection":[{"href":"https:\/\/pngate.com\/es\/wp-json\/wp\/v2\/product"}],"about":[{"href":"https:\/\/pngate.com\/es\/wp-json\/wp\/v2\/types\/product"}],"version-history":[{"count":1,"href":"https:\/\/pngate.com\/es\/wp-json\/wp\/v2\/product\/9423\/revisions"}],"predecessor-version":[{"id":17452,"href":"https:\/\/pngate.com\/es\/wp-json\/wp\/v2\/product\/9423\/revisions\/17452"}],"wp:featuredmedia":[{"embeddable":true,"href":"https:\/\/pngate.com\/es\/wp-json\/wp\/v2\/media\/9422"}],"wp:attachment":[{"href":"https:\/\/pngate.com\/es\/wp-json\/wp\/v2\/media?parent=9423"}],"wp:term":[{"taxonomy":"product_brand","embeddable":true,"href":"https:\/\/pngate.com\/es\/wp-json\/wp\/v2\/product_brand?post=9423"},{"taxonomy":"product_cat","embeddable":true,"href":"https:\/\/pngate.com\/es\/wp-json\/wp\/v2\/product_cat?post=9423"},{"taxonomy":"product_tag","embeddable":true,"href":"https:\/\/pngate.com\/es\/wp-json\/wp\/v2\/product_tag?post=9423"}],"curies":[{"name":"wp","href":"https:\/\/api.w.org\/{rel}","templated":true}]}}