{"id":9426,"date":"2025-05-28T03:56:30","date_gmt":"2025-05-28T00:56:30","guid":{"rendered":"https:\/\/pngate.com\/product\/gold-foil-balloon-number-9-shiny-metallic-party-decoration-free-png\/"},"modified":"2025-07-14T18:37:39","modified_gmt":"2025-07-14T15:37:39","slug":"gold-foil-balloon-number-9-shiny-metallic-party-decoration-free-png","status":"publish","type":"product","link":"https:\/\/pngate.com\/es\/producto\/gold-foil-balloon-number-9-shiny-metallic-party-decoration-free-png\/","title":{"rendered":"Globo de papel dorado n\u00famero 9, decoraci\u00f3n met\u00e1lica brillante para fiesta, PNG gratis"},"content":{"rendered":"","protected":false},"excerpt":{"rendered":"","protected":false},"featured_media":9425,"template":"","meta":{"om_disable_all_campaigns":false,"_monsterinsights_skip_tracking":false,"_monsterinsights_sitenote_active":false,"_monsterinsights_sitenote_note":"","_monsterinsights_sitenote_category":0,"_uf_show_specific_survey":0,"_uf_disable_surveys":false},"product_brand":[],"product_cat":[4888,1699,1700],"product_tag":[428,434,4887,4886,1458,2792],"class_list":{"0":"post-9426","1":"product","2":"type-product","3":"status-publish","4":"has-post-thumbnail","6":"product_cat-party-decoration","7":"product_cat-balloons","8":"product_cat-birthday","9":"product_tag-balloon","10":"product_tag-birthday","11":"product_tag-gold-foil","12":"product_tag-number-9","13":"product_tag-party-decoration","14":"product_tag-shiny-metallic","16":"first","17":"instock","18":"downloadable","19":"virtual","20":"purchasable","21":"product-type-simple"},"aioseo_notices":[],"_links":{"self":[{"href":"https:\/\/pngate.com\/es\/wp-json\/wp\/v2\/product\/9426","targetHints":{"allow":["GET"]}}],"collection":[{"href":"https:\/\/pngate.com\/es\/wp-json\/wp\/v2\/product"}],"about":[{"href":"https:\/\/pngate.com\/es\/wp-json\/wp\/v2\/types\/product"}],"version-history":[{"count":1,"href":"https:\/\/pngate.com\/es\/wp-json\/wp\/v2\/product\/9426\/revisions"}],"predecessor-version":[{"id":17453,"href":"https:\/\/pngate.com\/es\/wp-json\/wp\/v2\/product\/9426\/revisions\/17453"}],"wp:featuredmedia":[{"embeddable":true,"href":"https:\/\/pngate.com\/es\/wp-json\/wp\/v2\/media\/9425"}],"wp:attachment":[{"href":"https:\/\/pngate.com\/es\/wp-json\/wp\/v2\/media?parent=9426"}],"wp:term":[{"taxonomy":"product_brand","embeddable":true,"href":"https:\/\/pngate.com\/es\/wp-json\/wp\/v2\/product_brand?post=9426"},{"taxonomy":"product_cat","embeddable":true,"href":"https:\/\/pngate.com\/es\/wp-json\/wp\/v2\/product_cat?post=9426"},{"taxonomy":"product_tag","embeddable":true,"href":"https:\/\/pngate.com\/es\/wp-json\/wp\/v2\/product_tag?post=9426"}],"curies":[{"name":"wp","href":"https:\/\/api.w.org\/{rel}","templated":true}]}}