{"id":9444,"date":"2025-05-28T04:41:44","date_gmt":"2025-05-28T01:41:44","guid":{"rendered":"https:\/\/pngate.com\/product\/happy-graduation-celebration-illustration-free-png\/"},"modified":"2025-07-14T18:37:39","modified_gmt":"2025-07-14T15:37:39","slug":"happy-graduation-celebration-illustration-free-png","status":"publish","type":"product","link":"https:\/\/pngate.com\/es\/producto\/happy-graduation-celebration-illustration-free-png\/","title":{"rendered":"Ilustraci\u00f3n de celebraci\u00f3n de graduaci\u00f3n feliz PNG gratis"},"content":{"rendered":"","protected":false},"excerpt":{"rendered":"","protected":false},"featured_media":9443,"template":"","meta":{"om_disable_all_campaigns":false,"_monsterinsights_skip_tracking":false,"_monsterinsights_sitenote_active":false,"_monsterinsights_sitenote_note":"","_monsterinsights_sitenote_category":0,"_uf_show_specific_survey":0,"_uf_disable_surveys":false},"product_brand":[],"product_cat":[1948,124,1735,1766],"product_tag":[1239,425,438,1452,1237,4907,199],"class_list":{"0":"post-9444","1":"product","2":"type-product","3":"status-publish","4":"has-post-thumbnail","6":"product_cat-celebrations","7":"product_cat-clipart","8":"product_cat-graduation","9":"product_cat-school-supplies","10":"product_tag-celebration","11":"product_tag-colorful","12":"product_tag-confetti","13":"product_tag-festive","14":"product_tag-graduation","15":"product_tag-scrolls","16":"product_tag-stars","18":"first","19":"instock","20":"downloadable","21":"virtual","22":"purchasable","23":"product-type-simple"},"aioseo_notices":[],"_links":{"self":[{"href":"https:\/\/pngate.com\/es\/wp-json\/wp\/v2\/product\/9444","targetHints":{"allow":["GET"]}}],"collection":[{"href":"https:\/\/pngate.com\/es\/wp-json\/wp\/v2\/product"}],"about":[{"href":"https:\/\/pngate.com\/es\/wp-json\/wp\/v2\/types\/product"}],"version-history":[{"count":1,"href":"https:\/\/pngate.com\/es\/wp-json\/wp\/v2\/product\/9444\/revisions"}],"predecessor-version":[{"id":17459,"href":"https:\/\/pngate.com\/es\/wp-json\/wp\/v2\/product\/9444\/revisions\/17459"}],"wp:featuredmedia":[{"embeddable":true,"href":"https:\/\/pngate.com\/es\/wp-json\/wp\/v2\/media\/9443"}],"wp:attachment":[{"href":"https:\/\/pngate.com\/es\/wp-json\/wp\/v2\/media?parent=9444"}],"wp:term":[{"taxonomy":"product_brand","embeddable":true,"href":"https:\/\/pngate.com\/es\/wp-json\/wp\/v2\/product_brand?post=9444"},{"taxonomy":"product_cat","embeddable":true,"href":"https:\/\/pngate.com\/es\/wp-json\/wp\/v2\/product_cat?post=9444"},{"taxonomy":"product_tag","embeddable":true,"href":"https:\/\/pngate.com\/es\/wp-json\/wp\/v2\/product_tag?post=9444"}],"curies":[{"name":"wp","href":"https:\/\/api.w.org\/{rel}","templated":true}]}}