{"id":9462,"date":"2025-05-28T05:30:33","date_gmt":"2025-05-28T02:30:33","guid":{"rendered":"https:\/\/pngate.com\/product\/jesus-cristo-medico-dos-medicos-red-cross-symbol-free-png\/"},"modified":"2025-07-14T18:37:47","modified_gmt":"2025-07-14T15:37:47","slug":"jesus-cristo-medico-dos-medicos-red-cross-symbol-free-png","status":"publish","type":"product","link":"https:\/\/pngate.com\/es\/producto\/jesus-cristo-medico-dos-medicos-red-cross-symbol-free-png\/","title":{"rendered":"Jesus Cristo M\u00e9dico dos M\u00e9dicos S\u00edmbolo de la Cruz Roja PNG gratis"},"content":{"rendered":"","protected":false},"excerpt":{"rendered":"","protected":false},"featured_media":9461,"template":"","meta":{"om_disable_all_campaigns":false,"_monsterinsights_skip_tracking":false,"_monsterinsights_sitenote_active":false,"_monsterinsights_sitenote_note":"","_monsterinsights_sitenote_category":0,"_uf_show_specific_survey":0,"_uf_disable_surveys":false},"product_brand":[],"product_cat":[4930,3211,140],"product_tag":[2318,4929,1093,4926,4927,4928,1468],"class_list":{"0":"post-9462","1":"product","2":"type-product","3":"status-publish","4":"has-post-thumbnail","6":"product_cat-healing","7":"product_cat-religious","8":"product_cat-professions","9":"product_tag-faith","10":"product_tag-healing","11":"product_tag-health","12":"product_tag-jesus-cristo","13":"product_tag-medical-cross","14":"product_tag-religious-graphics","15":"product_tag-spirituality","17":"first","18":"instock","19":"downloadable","20":"virtual","21":"purchasable","22":"product-type-simple"},"aioseo_notices":[],"_links":{"self":[{"href":"https:\/\/pngate.com\/es\/wp-json\/wp\/v2\/product\/9462","targetHints":{"allow":["GET"]}}],"collection":[{"href":"https:\/\/pngate.com\/es\/wp-json\/wp\/v2\/product"}],"about":[{"href":"https:\/\/pngate.com\/es\/wp-json\/wp\/v2\/types\/product"}],"version-history":[{"count":1,"href":"https:\/\/pngate.com\/es\/wp-json\/wp\/v2\/product\/9462\/revisions"}],"predecessor-version":[{"id":17465,"href":"https:\/\/pngate.com\/es\/wp-json\/wp\/v2\/product\/9462\/revisions\/17465"}],"wp:featuredmedia":[{"embeddable":true,"href":"https:\/\/pngate.com\/es\/wp-json\/wp\/v2\/media\/9461"}],"wp:attachment":[{"href":"https:\/\/pngate.com\/es\/wp-json\/wp\/v2\/media?parent=9462"}],"wp:term":[{"taxonomy":"product_brand","embeddable":true,"href":"https:\/\/pngate.com\/es\/wp-json\/wp\/v2\/product_brand?post=9462"},{"taxonomy":"product_cat","embeddable":true,"href":"https:\/\/pngate.com\/es\/wp-json\/wp\/v2\/product_cat?post=9462"},{"taxonomy":"product_tag","embeddable":true,"href":"https:\/\/pngate.com\/es\/wp-json\/wp\/v2\/product_tag?post=9462"}],"curies":[{"name":"wp","href":"https:\/\/api.w.org\/{rel}","templated":true}]}}