{"id":140,"date":"2022-06-20T10:31:01","date_gmt":"2022-06-20T10:31:01","guid":{"rendered":"https:\/?page_id=140"},"modified":"2025-05-07T20:24:22","modified_gmt":"2025-05-07T17:24:22","slug":"about","status":"publish","type":"page","link":"https:\/\/pngate.com\/fr\/a-propos\/","title":{"rendered":"\u00c0 propos"},"content":{"rendered":"<div data-elementor-type=\"wp-page\" data-elementor-id=\"140\" class=\"elementor elementor-140\" data-elementor-post-type=\"page\">\n\t\t\t\t\t\t<section class=\"elementor-section elementor-top-section elementor-element elementor-element-e2f6920 elementor-section-stretched elementor-section-boxed elementor-section-height-default elementor-section-height-default\" data-id=\"e2f6920\" data-element_type=\"section\" data-settings=\"{&quot;stretch_section&quot;:&quot;section-stretched&quot;,&quot;background_background&quot;:&quot;classic&quot;}\">\n\t\t\t\t\t\t<div class=\"elementor-container elementor-column-gap-wider\">\n\t\t\t\t\t<div class=\"elementor-column elementor-col-100 elementor-top-column elementor-element elementor-element-64fc2d3\" data-id=\"64fc2d3\" data-element_type=\"column\">\n\t\t\t<div class=\"elementor-widget-wrap elementor-element-populated\">\n\t\t\t\t\t\t<section class=\"elementor-section elementor-inner-section elementor-element elementor-element-b7788e9 elementor-section-boxed elementor-section-height-default elementor-section-height-default\" data-id=\"b7788e9\" data-element_type=\"section\">\n\t\t\t\t\t\t<div class=\"elementor-container elementor-column-gap-default\">\n\t\t\t\t\t<div class=\"elementor-column elementor-col-50 elementor-inner-column elementor-element elementor-element-a62fba7\" data-id=\"a62fba7\" data-element_type=\"column\">\n\t\t\t<div class=\"elementor-widget-wrap elementor-element-populated\">\n\t\t\t\t\t\t<div class=\"elementor-element elementor-element-02d1be9 elementor-widget elementor-widget-heading\" data-id=\"02d1be9\" data-element_type=\"widget\" data-widget_type=\"heading.default\">\n\t\t\t\t<div class=\"elementor-widget-container\">\n\t\t\t\t\t<h1 class=\"elementor-heading-title elementor-size-default\">\u00c0 propos <span style=\"color:#2251df\">Nous<\/span><\/h1>\t\t\t\t<\/div>\n\t\t\t\t<\/div>\n\t\t\t\t<div class=\"elementor-element elementor-element-2fe1337 elementor-position-top elementor-widget elementor-widget-image-box\" data-id=\"2fe1337\" data-element_type=\"widget\" data-widget_type=\"image-box.default\">\n\t\t\t\t<div class=\"elementor-widget-container\">\n\t\t\t\t\t<div class=\"elementor-image-box-wrapper\"><figure class=\"elementor-image-box-img\"><img decoding=\"async\" src=\"\/\/\/wp-content\/uploads\/2022\/06\/furniturestore-sep2-1.svg\" title=\"\" alt=\"\" loading=\"lazy\" \/><\/figure><div class=\"elementor-image-box-content\"><h5 class=\"elementor-image-box-title\">Bienvenue sur PNGate, votre destination ultime pour lib\u00e9rer votre potentiel cr\u00e9atif. Nous sommes plus qu&#039;un simple site Web : nous sommes une source d&#039;inspiration, une source de ressources artistiques et un refuge pour les personnes cherchant \u00e0 ajouter une touche de magie visuelle \u00e0 leurs projets. Notre engagement est simple mais profond : vous fournir un acc\u00e8s facile \u00e0 une vaste collection d\u2019images PNG, d\u2019ic\u00f4nes et d\u2019art de premier ordre, tous disponibles gratuitement.<\/h5><\/div><\/div>\t\t\t\t<\/div>\n\t\t\t\t<\/div>\n\t\t\t\t<div class=\"elementor-element elementor-element-c5243e3 elementor-widget__width-auto elementor-mobile-align-center elementor-widget-mobile__width-initial elementor-widget elementor-widget-button\" data-id=\"c5243e3\" data-element_type=\"widget\" data-widget_type=\"button.default\">\n\t\t\t\t<div class=\"elementor-widget-container\">\n\t\t\t\t\t\t\t\t\t<div class=\"elementor-button-wrapper\">\n\t\t\t\t\t<a class=\"elementor-button elementor-button-link elementor-size-md\" href=\"https:\/\/pngate.com\/fr\/contact\/\">\n\t\t\t\t\t\t<span class=\"elementor-button-content-wrapper\">\n\t\t\t\t\t\t\t\t\t<span class=\"elementor-button-text\">Contactez-nous<\/span>\n\t\t\t\t\t<\/span>\n\t\t\t\t\t<\/a>\n\t\t\t\t<\/div>\n\t\t\t\t\t\t\t\t<\/div>\n\t\t\t\t<\/div>\n\t\t\t\t\t<\/div>\n\t\t<\/div>\n\t\t\t\t<div class=\"elementor-column elementor-col-50 elementor-inner-column elementor-element elementor-element-9ae98f9\" data-id=\"9ae98f9\" data-element_type=\"column\">\n\t\t\t<div class=\"elementor-widget-wrap elementor-element-populated\">\n\t\t\t\t\t\t<div class=\"elementor-element elementor-element-30b1cc1 elementor-invisible elementor-widget elementor-widget-image\" data-id=\"30b1cc1\" data-element_type=\"widget\" data-settings=\"{&quot;_animation&quot;:&quot;fadeInRight&quot;}\" data-widget_type=\"image.default\">\n\t\t\t\t<div class=\"elementor-widget-container\">\n\t\t\t\t\t\t\t\t\t\t\t\t\t\t\t<img fetchpriority=\"high\" decoding=\"async\" width=\"1416\" height=\"1024\" src=\"https:\/\/pngate.com\/wp-content\/uploads\/2023\/09\/about-us-2-3.png\" class=\"attachment-large size-large wp-image-1089\" alt=\"\" \/>\t\t\t\t\t\t\t\t\t\t\t\t\t\t\t<\/div>\n\t\t\t\t<\/div>\n\t\t\t\t\t<\/div>\n\t\t<\/div>\n\t\t\t\t\t<\/div>\n\t\t<\/section>\n\t\t\t\t\t<\/div>\n\t\t<\/div>\n\t\t\t\t\t<\/div>\n\t\t<\/section>\n\t\t\t\t<section class=\"elementor-section elementor-top-section elementor-element elementor-element-6f6dd89 elementor-section-stretched elementor-section-boxed elementor-section-height-default elementor-section-height-default\" data-id=\"6f6dd89\" data-element_type=\"section\" data-settings=\"{&quot;stretch_section&quot;:&quot;section-stretched&quot;,&quot;background_background&quot;:&quot;classic&quot;}\">\n\t\t\t\t\t\t<div class=\"elementor-container elementor-column-gap-wider\">\n\t\t\t\t\t<div class=\"elementor-column elementor-col-100 elementor-top-column elementor-element elementor-element-915c827\" data-id=\"915c827\" data-element_type=\"column\">\n\t\t\t<div class=\"elementor-widget-wrap elementor-element-populated\">\n\t\t\t\t\t\t<section class=\"elementor-section elementor-inner-section elementor-element elementor-element-2a9dd98 elementor-section-content-middle elementor-section-boxed elementor-section-height-default elementor-section-height-default\" data-id=\"2a9dd98\" data-element_type=\"section\">\n\t\t\t\t\t\t<div class=\"elementor-container elementor-column-gap-default\">\n\t\t\t\t\t<div class=\"elementor-column elementor-col-50 elementor-inner-column elementor-element elementor-element-231091b\" data-id=\"231091b\" data-element_type=\"column\">\n\t\t\t<div class=\"elementor-widget-wrap elementor-element-populated\">\n\t\t\t\t\t\t<div class=\"elementor-element elementor-element-3171b77 elementor-invisible elementor-widget elementor-widget-image\" data-id=\"3171b77\" data-element_type=\"widget\" data-settings=\"{&quot;_animation&quot;:&quot;fadeInLeft&quot;}\" data-widget_type=\"image.default\">\n\t\t\t\t<div class=\"elementor-widget-container\">\n\t\t\t\t\t\t\t\t\t\t\t\t\t\t\t<img decoding=\"async\" width=\"1024\" height=\"663\" src=\"https:\/\/pngate.com\/wp-content\/uploads\/2023\/09\/about-us-3-2.png\" class=\"attachment-large size-large wp-image-1093\" alt=\"\" \/>\t\t\t\t\t\t\t\t\t\t\t\t\t\t\t<\/div>\n\t\t\t\t<\/div>\n\t\t\t\t\t<\/div>\n\t\t<\/div>\n\t\t\t\t<div class=\"elementor-column elementor-col-50 elementor-inner-column elementor-element elementor-element-3c21c1a\" data-id=\"3c21c1a\" data-element_type=\"column\">\n\t\t\t<div class=\"elementor-widget-wrap elementor-element-populated\">\n\t\t\t\t\t\t<div class=\"elementor-element elementor-element-4289332 elementor-widget elementor-widget-heading\" data-id=\"4289332\" data-element_type=\"widget\" data-widget_type=\"heading.default\">\n\t\t\t\t<div class=\"elementor-widget-container\">\n\t\t\t\t\t<h3 class=\"elementor-heading-title elementor-size-default\"><span style=\"color:#2251df\">Lib\u00e9rer la cr\u00e9ativit\u00e9<\/span> avec des images PNG, des ic\u00f4nes et des illustrations de haute qualit\u00e9<\/h3>\t\t\t\t<\/div>\n\t\t\t\t<\/div>\n\t\t\t\t<div class=\"elementor-element elementor-element-864669e elementor-widget elementor-widget-text-editor\" data-id=\"864669e\" data-element_type=\"widget\" data-widget_type=\"text-editor.default\">\n\t\t\t\t<div class=\"elementor-widget-container\">\n\t\t\t\t\t\t\t\t\t<p><span style=\"font-weight: 400;\">Dans un monde ax\u00e9 sur le contenu visuel, trouver les bonnes images et graphiques est crucial. Notre entreprise comprend que la cr\u00e9ativit\u00e9 ne conna\u00eet pas de limites, et c&#039;est pourquoi nous avons m\u00e9ticuleusement organis\u00e9 une biblioth\u00e8que diversifi\u00e9e qui r\u00e9pond \u00e0 un large \u00e9ventail de go\u00fbts artistiques.<\/span><\/p><p><span style=\"font-weight: 400;\">Notre collection comprend une vaste gamme d\u2019images, d\u2019ic\u00f4nes et d\u2019\u0153uvres d\u2019art PNG, qui ont tous \u00e9t\u00e9 tri\u00e9s sur le volet pour r\u00e9pondre aux normes de qualit\u00e9 les plus \u00e9lev\u00e9es. Nous pensons que chaque projet m\u00e9rite les meilleurs visuels, et notre engagement envers une qualit\u00e9 sans compromis est \u00e9vident dans chaque pixel.<\/span><\/p>\t\t\t\t\t\t\t\t<\/div>\n\t\t\t\t<\/div>\n\t\t\t\t\t<\/div>\n\t\t<\/div>\n\t\t\t\t\t<\/div>\n\t\t<\/section>\n\t\t\t\t\t<\/div>\n\t\t<\/div>\n\t\t\t\t\t<\/div>\n\t\t<\/section>\n\t\t\t\t<section class=\"elementor-section elementor-top-section elementor-element elementor-element-18f597d elementor-section-stretched elementor-section-boxed elementor-section-height-default elementor-section-height-default\" data-id=\"18f597d\" data-element_type=\"section\" data-settings=\"{&quot;stretch_section&quot;:&quot;section-stretched&quot;,&quot;background_background&quot;:&quot;classic&quot;}\">\n\t\t\t\t\t\t<div class=\"elementor-container elementor-column-gap-wide\">\n\t\t\t\t\t<div class=\"elementor-column elementor-col-66 elementor-top-column elementor-element elementor-element-25dd284\" data-id=\"25dd284\" data-element_type=\"column\">\n\t\t\t<div class=\"elementor-widget-wrap elementor-element-populated\">\n\t\t\t\t\t\t<section class=\"elementor-section elementor-inner-section elementor-element elementor-element-fb47f14 elementor-section-content-middle elementor-section-boxed elementor-section-height-default elementor-section-height-default\" data-id=\"fb47f14\" data-element_type=\"section\" data-settings=\"{&quot;background_background&quot;:&quot;classic&quot;}\">\n\t\t\t\t\t\t<div class=\"elementor-container elementor-column-gap-default\">\n\t\t\t\t\t<div class=\"elementor-column elementor-col-50 elementor-inner-column elementor-element elementor-element-b1e79d1\" data-id=\"b1e79d1\" data-element_type=\"column\">\n\t\t\t<div class=\"elementor-widget-wrap elementor-element-populated\">\n\t\t\t\t\t\t<div class=\"elementor-element elementor-element-17dfe83 elementor-widget elementor-widget-image\" data-id=\"17dfe83\" data-element_type=\"widget\" data-widget_type=\"image.default\">\n\t\t\t\t<div class=\"elementor-widget-container\">\n\t\t\t\t\t\t\t\t\t\t\t\t\t\t\t<img decoding=\"async\" width=\"80\" height=\"80\" src=\"https:\/\/pngate.com\/wp-content\/uploads\/2023\/09\/favicon-80x80-4.png\" class=\"attachment-large size-large wp-image-964\" alt=\"\" srcset=\"https:\/\/pngate.com\/wp-content\/uploads\/2023\/09\/favicon-80x80-4.png 80w, https:\/\/pngate.com\/wp-content\/uploads\/2023\/09\/favicon-80x80-4-50x50.png 50w, https:\/\/pngate.com\/wp-content\/uploads\/2023\/09\/favicon-80x80-4-75x75.png 75w\" sizes=\"(max-width:767px) 80px, 80px\" \/>\t\t\t\t\t\t\t\t\t\t\t\t\t\t\t<\/div>\n\t\t\t\t<\/div>\n\t\t\t\t\t<\/div>\n\t\t<\/div>\n\t\t\t\t<div class=\"elementor-column elementor-col-50 elementor-inner-column elementor-element elementor-element-f67fbf7\" data-id=\"f67fbf7\" data-element_type=\"column\">\n\t\t\t<div class=\"elementor-widget-wrap elementor-element-populated\">\n\t\t\t\t\t\t<div class=\"elementor-element elementor-element-b3431d8 elementor-widget elementor-widget-heading\" data-id=\"b3431d8\" data-element_type=\"widget\" data-widget_type=\"heading.default\">\n\t\t\t\t<div class=\"elementor-widget-container\">\n\t\t\t\t\t<h6 class=\"elementor-heading-title elementor-size-default\">nous le partageons gratuitement<\/h6>\t\t\t\t<\/div>\n\t\t\t\t<\/div>\n\t\t\t\t<div class=\"elementor-element elementor-element-7862588 elementor-widget elementor-widget-heading\" data-id=\"7862588\" data-element_type=\"widget\" data-widget_type=\"heading.default\">\n\t\t\t\t<div class=\"elementor-widget-container\">\n\t\t\t\t\t<h3 class=\"elementor-heading-title elementor-size-default\"><span style=\"color:#2251df\">Acc\u00e8s libre,<\/span> Des possibilit\u00e9s illimit\u00e9es<\/h3>\t\t\t\t<\/div>\n\t\t\t\t<\/div>\n\t\t\t\t<div class=\"elementor-element elementor-element-fdebfc0 elementor-widget elementor-widget-text-editor\" data-id=\"fdebfc0\" data-element_type=\"widget\" data-widget_type=\"text-editor.default\">\n\t\t\t\t<div class=\"elementor-widget-container\">\n\t\t\t\t\t\t\t\t\t<p><span style=\"font-weight: 400;\">La cr\u00e9ation de visuels captivants ne doit pas \u00eatre limit\u00e9e par des contraintes financi\u00e8res. C&#039;est pourquoi nous sommes fiers d&#039;offrir gratuitement toute notre collection. Oui, vous avez bien lu \u2013 nos utilisateurs ont un acc\u00e8s illimit\u00e9 \u00e0 un tr\u00e9sor d\u2019images, d\u2019ic\u00f4nes et d\u2019\u0153uvres d\u2019art PNG sans frais ni abonnements cach\u00e9s. Nous croyons fermement que la cr\u00e9ativit\u00e9 s&#039;\u00e9panouit lorsqu&#039;elle n&#039;est soumise \u00e0 aucune restriction, et notre plateforme t\u00e9moigne de cette conviction. Que vous soyez un \u00e9tudiant travaillant sur un projet scolaire ou un professionnel chevronn\u00e9 concevant une campagne r\u00e9volutionnaire, nos ressources sont l\u00e0 pour alimenter votre imagination.<\/span><\/p>\t\t\t\t\t\t\t\t<\/div>\n\t\t\t\t<\/div>\n\t\t\t\t<div class=\"elementor-element elementor-element-62a24a3 elementor-widget-divider--view-line elementor-widget elementor-widget-divider\" data-id=\"62a24a3\" data-element_type=\"widget\" data-widget_type=\"divider.default\">\n\t\t\t\t<div class=\"elementor-widget-container\">\n\t\t\t\t\t\t\t<div class=\"elementor-divider\">\n\t\t\t<span class=\"elementor-divider-separator\">\n\t\t\t\t\t\t<\/span>\n\t\t<\/div>\n\t\t\t\t\t\t<\/div>\n\t\t\t\t<\/div>\n\t\t\t\t\t<\/div>\n\t\t<\/div>\n\t\t\t\t\t<\/div>\n\t\t<\/section>\n\t\t\t\t\t<\/div>\n\t\t<\/div>\n\t\t\t\t<div class=\"elementor-column elementor-col-33 elementor-top-column elementor-element elementor-element-505f07f\" data-id=\"505f07f\" data-element_type=\"column\">\n\t\t\t<div class=\"elementor-widget-wrap elementor-element-populated\">\n\t\t\t\t\t\t<section class=\"elementor-section elementor-inner-section elementor-element elementor-element-a1ef70c elementor-section-boxed elementor-section-height-default elementor-section-height-default\" data-id=\"a1ef70c\" data-element_type=\"section\" data-settings=\"{&quot;background_background&quot;:&quot;classic&quot;}\">\n\t\t\t\t\t\t<div class=\"elementor-container elementor-column-gap-default\">\n\t\t\t\t\t<div class=\"elementor-column elementor-col-100 elementor-inner-column elementor-element elementor-element-510c9c6\" data-id=\"510c9c6\" data-element_type=\"column\">\n\t\t\t<div class=\"elementor-widget-wrap elementor-element-populated\">\n\t\t\t\t\t\t<div class=\"elementor-element elementor-element-5a61b77 elementor-widget elementor-widget-text-editor\" data-id=\"5a61b77\" data-element_type=\"widget\" data-widget_type=\"text-editor.default\">\n\t\t\t\t<div class=\"elementor-widget-container\">\n\t\t\t\t\t\t\t\t\t<p><span style=\"font-weight: 400;\">Nous vous invitons \u00e0 vous lancer dans un voyage cr\u00e9atif pas comme les autres. Que vous soyez designer, sp\u00e9cialiste du marketing, \u00e9tudiant ou amateur, notre plateforme est votre passerelle vers un monde d&#039;images, d&#039;ic\u00f4nes et d&#039;art PNG de haute qualit\u00e9. Profitez de la libert\u00e9 d&#039;une cr\u00e9ativit\u00e9 illimit\u00e9e, exploitez la puissance de visuels de premier ordre et connectez-vous \u00e0 une communaut\u00e9 qui partage votre passion. Bienvenue dans notre entreprise \u2013 o\u00f9 l&#039;imagination ne conna\u00eet pas de limites et o\u00f9 l&#039;extraordinaire est \u00e0 port\u00e9e de clic.<\/span><\/p>\t\t\t\t\t\t\t\t<\/div>\n\t\t\t\t<\/div>\n\t\t\t\t<div class=\"elementor-element elementor-element-f3ad1b3 elementor-widget elementor-widget-heading\" data-id=\"f3ad1b3\" data-element_type=\"widget\" data-widget_type=\"heading.default\">\n\t\t\t\t<div class=\"elementor-widget-container\">\n\t\t\t\t\t<h6 class=\"elementor-heading-title elementor-size-default\">Rejoignez-nous pour lib\u00e9rer la cr\u00e9ativit\u00e9<\/h6>\t\t\t\t<\/div>\n\t\t\t\t<\/div>\n\t\t\t\t\t<\/div>\n\t\t<\/div>\n\t\t\t\t\t<\/div>\n\t\t<\/section>\n\t\t\t\t\t<\/div>\n\t\t<\/div>\n\t\t\t\t\t<\/div>\n\t\t<\/section>\n\t\t\t\t<section class=\"elementor-section elementor-top-section elementor-element elementor-element-4600e06 elementor-section-boxed elementor-section-height-default elementor-section-height-default\" data-id=\"4600e06\" data-element_type=\"section\">\n\t\t\t\t\t\t<div class=\"elementor-container elementor-column-gap-default\">\n\t\t\t\t\t<div class=\"elementor-column elementor-col-100 elementor-top-column elementor-element elementor-element-dd679c1\" data-id=\"dd679c1\" data-element_type=\"column\">\n\t\t\t<div class=\"elementor-widget-wrap elementor-element-populated\">\n\t\t\t\t\t\t<div class=\"elementor-element elementor-element-a453d88 elementor-widget elementor-widget-text-editor\" data-id=\"a453d88\" data-element_type=\"widget\" data-widget_type=\"text-editor.default\">\n\t\t\t\t<div class=\"elementor-widget-container\">\n\t\t\t\t\t\t\t\t\t<div class=\"site-owner-info\"><br \/><strong>Entrepreneur individuel :<\/strong> Denys Spesivtsev<p><strong>Enregistr\u00e9 dans :<\/strong> Ukraine<\/p><p><strong>Adresse:<\/strong> 162\/1 rue Kostandi, app. 90, Odessa, 65114, Ukraine<\/p><\/div>\t\t\t\t\t\t\t\t<\/div>\n\t\t\t\t<\/div>\n\t\t\t\t\t<\/div>\n\t\t<\/div>\n\t\t\t\t\t<\/div>\n\t\t<\/section>\n\t\t\t\t<\/div>","protected":false},"excerpt":{"rendered":"<p>\u00c0 propos de nous Bienvenue sur PNGate, votre destination ultime pour lib\u00e9rer votre potentiel cr\u00e9atif. Nous sommes plus qu&#039;un simple site Web \u2013 nous sommes une plateforme de<span class=\"excerpt-hellip\"> [\u2026]<\/span><\/p>","protected":false},"author":1,"featured_media":0,"parent":0,"menu_order":0,"comment_status":"open","ping_status":"closed","template":"","meta":{"om_disable_all_campaigns":false,"_monsterinsights_skip_tracking":false,"_monsterinsights_sitenote_active":false,"_monsterinsights_sitenote_note":"","_monsterinsights_sitenote_category":0,"_uf_show_specific_survey":0,"_uf_disable_surveys":false,"footnotes":""},"class_list":["post-140","page","type-page","status-publish","hentry"],"aioseo_notices":[],"_links":{"self":[{"href":"https:\/\/pngate.com\/fr\/wp-json\/wp\/v2\/pages\/140","targetHints":{"allow":["GET"]}}],"collection":[{"href":"https:\/\/pngate.com\/fr\/wp-json\/wp\/v2\/pages"}],"about":[{"href":"https:\/\/pngate.com\/fr\/wp-json\/wp\/v2\/types\/page"}],"author":[{"embeddable":true,"href":"https:\/\/pngate.com\/fr\/wp-json\/wp\/v2\/users\/1"}],"replies":[{"embeddable":true,"href":"https:\/\/pngate.com\/fr\/wp-json\/wp\/v2\/comments?post=140"}],"version-history":[{"count":106,"href":"https:\/\/pngate.com\/fr\/wp-json\/wp\/v2\/pages\/140\/revisions"}],"predecessor-version":[{"id":6498,"href":"https:\/\/pngate.com\/fr\/wp-json\/wp\/v2\/pages\/140\/revisions\/6498"}],"wp:attachment":[{"href":"https:\/\/pngate.com\/fr\/wp-json\/wp\/v2\/media?parent=140"}],"curies":[{"name":"wp","href":"https:\/\/api.w.org\/{rel}","templated":true}]}}