{"id":955,"date":"2022-06-13T08:55:34","date_gmt":"2022-06-13T08:55:34","guid":{"rendered":"https:\/?page_id=3"},"modified":"2025-05-09T10:14:34","modified_gmt":"2025-05-09T07:14:34","slug":"privacy-policy","status":"publish","type":"page","link":"https:\/\/pngate.com\/fr\/politique-de-confidentialite\/","title":{"rendered":"politique de confidentialit\u00e9"},"content":{"rendered":"<div data-elementor-type=\"wp-page\" data-elementor-id=\"955\" class=\"elementor elementor-955\" data-elementor-post-type=\"page\">\n\t\t\t\t\t\t<section class=\"elementor-section elementor-top-section elementor-element elementor-element-4a101b77 elementor-section-boxed elementor-section-height-default elementor-section-height-default\" data-id=\"4a101b77\" data-element_type=\"section\">\n\t\t\t\t\t\t<div class=\"elementor-container elementor-column-gap-default\">\n\t\t\t\t\t<div class=\"elementor-column elementor-col-100 elementor-top-column elementor-element elementor-element-2daf46c1\" data-id=\"2daf46c1\" data-element_type=\"column\">\n\t\t\t<div class=\"elementor-widget-wrap elementor-element-populated\">\n\t\t\t\t\t\t<div class=\"elementor-element elementor-element-6170d224 elementor-widget elementor-widget-text-editor\" data-id=\"6170d224\" data-element_type=\"widget\" data-widget_type=\"text-editor.default\">\n\t\t\t\t<div class=\"elementor-widget-container\">\n\t\t\t\t\t\t\t\t\t<p>Cette politique de confidentialit\u00e9 explique comment PNGate (\u00ab nous \u00bb, \u00ab notre \u00bb ou \u00ab nos \u00bb) collecte, utilise, stocke et prot\u00e8ge vos informations lorsque vous visitez et interagissez avec notre site Web, <a href=\"https:\/\/pngate.com\/fr\/\">https:\/\/pngate.com<\/a>.<\/p><h2>1. Informations que nous collectons<\/h2><p>Nous collectons des donn\u00e9es personnelles et non personnelles des mani\u00e8res suivantes :<\/p><ul><li><strong>Enregistrement du compte :<\/strong> Lorsque vous vous inscrivez, nous pouvons collecter votre nom, votre adresse e-mail et d&#039;autres informations.<\/li><li><strong>Abonnement et paiement :<\/strong> Pour les forfaits payants, le paiement est trait\u00e9 de mani\u00e8re s\u00e9curis\u00e9e par des prestataires tiers (par exemple, Paddle). Nous ne conservons pas les donn\u00e9es de carte de cr\u00e9dit.<\/li><li><strong>Analytique:<\/strong> Nous utilisons des outils tels que Google Analytics pour collecter des donn\u00e9es de trafic anonymis\u00e9es telles que l&#039;adresse IP, le type de navigateur, le temps pass\u00e9 sur les pages, etc.<\/li><li><strong>Cookies:<\/strong> Nous utilisons des cookies pour am\u00e9liorer l&#039;exp\u00e9rience utilisateur et analyser l&#039;utilisation du site. Vous pouvez d\u00e9sactiver les cookies via les param\u00e8tres de votre navigateur.<\/li><\/ul><h2>2. Comment nous utilisons vos informations<\/h2><p>Vos informations sont utilis\u00e9es pour :<\/p><ul><li>Fournir l&#039;acc\u00e8s \u00e0 nos services et contenus t\u00e9l\u00e9chargeables<\/li><li>G\u00e9rez votre compte et vos abonnements<\/li><li>Envoyer des mises \u00e0 jour importantes (par exemple, modifications des conditions, alertes de s\u00e9curit\u00e9)<\/li><li>Analyser le comportement des utilisateurs pour am\u00e9liorer le site<\/li><li>Se conformer aux obligations l\u00e9gales<\/li><\/ul><h2>3. Partage des donn\u00e9es<\/h2><p>Nous ne vendons, ne louons ni n&#039;\u00e9changeons vos donn\u00e9es personnelles. Cependant, nous pouvons partager vos informations avec des prestataires de services tiers de confiance (par exemple, des processeurs de paiement, des outils d&#039;analyse) uniquement pour le fonctionnement du site. Ces tiers sont tenus de pr\u00e9server la s\u00e9curit\u00e9 et la confidentialit\u00e9 de vos informations.<\/p><h2>4. Conservation des donn\u00e9es<\/h2><p>Nous conservons vos donn\u00e9es uniquement le temps n\u00e9cessaire aux fins d\u00e9crites dans la pr\u00e9sente politique. Vous pouvez demander la suppression de votre compte et des donn\u00e9es associ\u00e9es en nous contactant.<\/p><h2>5. Droits des utilisateurs (RGPD)<\/h2><p>Si vous \u00eates situ\u00e9 dans l\u2019UE, vous avez le droit de :<\/p><ul><li>Acc\u00e9der \u00e0 vos donn\u00e9es personnelles<\/li><li>Demander une correction ou une suppression<\/li><li>Retirer son consentement \u00e0 tout moment<\/li><li>D\u00e9poser une plainte aupr\u00e8s d&#039;une autorit\u00e9 de protection des donn\u00e9es<\/li><\/ul><h2>6. Contenu tiers et soumissions des utilisateurs<\/h2><p>Les utilisateurs peuvent t\u00e9l\u00e9charger du contenu (tel que des images ou des logos) sur PNGate. Nous ne v\u00e9rifions pas le statut de licence de chaque t\u00e9l\u00e9chargement. Si vous \u00eates titulaire de droits et souhaitez demander la suppression d&#039;un contenu, veuillez nous contacter en nous fournissant les justificatifs de propri\u00e9t\u00e9 appropri\u00e9s.<\/p><h2>7. S\u00e9curit\u00e9<\/h2><p>Nous mettons en \u0153uvre des mesures techniques et organisationnelles appropri\u00e9es pour prot\u00e9ger vos donn\u00e9es. Cependant, aucune m\u00e9thode de transmission sur Internet n&#039;est s\u00e9curis\u00e9e 100%. Utilisez ce site \u00e0 vos propres risques.<\/p><h2>8. Vie priv\u00e9e des enfants<\/h2><p>PNGate n&#039;est pas destin\u00e9 aux utilisateurs de moins de 13 ans. Nous ne collectons pas sciemment de donn\u00e9es aupr\u00e8s des enfants. Si nous apprenons que de telles donn\u00e9es ont \u00e9t\u00e9 collect\u00e9es, nous les supprimerons imm\u00e9diatement.<\/p><h2>9. Modifications de cette politique<\/h2><p>Nous nous r\u00e9servons le droit de modifier cette politique de confidentialit\u00e9 \u00e0 tout moment. Toute modification sera publi\u00e9e sur cette page. Votre utilisation continue du site apr\u00e8s la publication des modifications vaut acceptation de la politique mise \u00e0 jour.<\/p><h2>10. Contact<\/h2><p>Si vous avez des questions ou des pr\u00e9occupations concernant cette politique de confidentialit\u00e9, veuillez nous contacter :<\/p><ul><li><strong>Nom:<\/strong> Entrepreneur individuel Denys Spesivtsev<\/li><li><strong>Adresse:<\/strong> 162\/1 rue Kostandi, app. 90, Odessa, 65114, Ukraine<\/li><li><strong>E-mail:<\/strong> support@pngate.com<\/li><\/ul>\t\t\t\t\t\t\t\t<\/div>\n\t\t\t\t<\/div>\n\t\t\t\t\t<\/div>\n\t\t<\/div>\n\t\t\t\t\t<\/div>\n\t\t<\/section>\n\t\t\t\t<\/div>","protected":false},"excerpt":{"rendered":"<p>Cette politique de confidentialit\u00e9 explique comment PNGate (\u00ab nous \u00bb, \u00ab notre \u00bb ou \u00ab nos \u00bb) collecte, utilise, stocke et prot\u00e8ge vos informations lorsque vous visitez et interagissez avec notre site Web, https:\/\/pngate.com.<span class=\"excerpt-hellip\"> [\u2026]<\/span><\/p>","protected":false},"author":1,"featured_media":0,"parent":0,"menu_order":0,"comment_status":"closed","ping_status":"open","template":"","meta":{"om_disable_all_campaigns":false,"_monsterinsights_skip_tracking":false,"_monsterinsights_sitenote_active":false,"_monsterinsights_sitenote_note":"","_monsterinsights_sitenote_category":0,"_uf_show_specific_survey":0,"_uf_disable_surveys":false,"footnotes":""},"class_list":["post-955","page","type-page","status-publish","hentry"],"aioseo_notices":[],"_links":{"self":[{"href":"https:\/\/pngate.com\/fr\/wp-json\/wp\/v2\/pages\/955","targetHints":{"allow":["GET"]}}],"collection":[{"href":"https:\/\/pngate.com\/fr\/wp-json\/wp\/v2\/pages"}],"about":[{"href":"https:\/\/pngate.com\/fr\/wp-json\/wp\/v2\/types\/page"}],"author":[{"embeddable":true,"href":"https:\/\/pngate.com\/fr\/wp-json\/wp\/v2\/users\/1"}],"replies":[{"embeddable":true,"href":"https:\/\/pngate.com\/fr\/wp-json\/wp\/v2\/comments?post=955"}],"version-history":[{"count":9,"href":"https:\/\/pngate.com\/fr\/wp-json\/wp\/v2\/pages\/955\/revisions"}],"predecessor-version":[{"id":6750,"href":"https:\/\/pngate.com\/fr\/wp-json\/wp\/v2\/pages\/955\/revisions\/6750"}],"wp:attachment":[{"href":"https:\/\/pngate.com\/fr\/wp-json\/wp\/v2\/media?parent=955"}],"curies":[{"name":"wp","href":"https:\/\/api.w.org\/{rel}","templated":true}]}}