{"id":972,"date":"2023-09-05T11:31:37","date_gmt":"2023-09-05T08:31:37","guid":{"rendered":"https:\/?page_id=972"},"modified":"2025-05-09T10:10:31","modified_gmt":"2025-05-09T07:10:31","slug":"terms-and-conditions","status":"publish","type":"page","link":"https:\/\/pngate.com\/fr\/termes-et-conditions\/","title":{"rendered":"Termes et conditions"},"content":{"rendered":"<div data-elementor-type=\"wp-page\" data-elementor-id=\"972\" class=\"elementor elementor-972\" data-elementor-post-type=\"page\">\n\t\t\t\t\t\t<section class=\"elementor-section elementor-top-section elementor-element elementor-element-4fe4dc0e elementor-section-boxed elementor-section-height-default elementor-section-height-default\" data-id=\"4fe4dc0e\" data-element_type=\"section\">\n\t\t\t\t\t\t<div class=\"elementor-container elementor-column-gap-default\">\n\t\t\t\t\t<div class=\"elementor-column elementor-col-100 elementor-top-column elementor-element elementor-element-73d6a2d0\" data-id=\"73d6a2d0\" data-element_type=\"column\">\n\t\t\t<div class=\"elementor-widget-wrap elementor-element-populated\">\n\t\t\t\t\t\t<div class=\"elementor-element elementor-element-3d9bc941 elementor-widget elementor-widget-text-editor\" data-id=\"3d9bc941\" data-element_type=\"widget\" data-widget_type=\"text-editor.default\">\n\t\t\t\t<div class=\"elementor-widget-container\">\n\t\t\t\t\t\t\t\t\t<div class=\"terms-conditions\"><p>Bienvenue sur PNGate\u00a0! Ces conditions g\u00e9n\u00e9rales r\u00e9gissent votre acc\u00e8s et votre utilisation du site web situ\u00e9 \u00e0 l&#039;adresse <a href=\"https:\/\/pngate.com\/fr\/\">https:\/\/pngate.com<\/a> (le \u00ab Site \u00bb). En acc\u00e9dant au Site ou en l&#039;utilisant, vous acceptez les pr\u00e9sentes Conditions. En cas de d\u00e9saccord, veuillez ne pas utiliser ce Site.<\/p><h2>1. \u00c0 propos de nous<\/h2><p>Ce site est exploit\u00e9 par un entrepreneur individuel enregistr\u00e9 en Ukraine :<\/p><ul><li><strong>Nom de l&#039;entreprise :<\/strong> Entrepreneur individuel Denys Spesivtsev<\/li><li><strong>Adresse enregistr\u00e9e :<\/strong> 162\/1 rue Kostandi, app. 90, Odessa, 65114, Ukraine<\/li><li><strong>E-mail:<\/strong> support@pngate.com<\/li><\/ul><h2>2. Licence et utilisation du contenu<\/h2><p>PNGate offre aux utilisateurs l&#039;acc\u00e8s \u00e0 une biblioth\u00e8que d&#039;images PNG organis\u00e9e par le biais d&#039;un abonnement. En vous abonnant, vous b\u00e9n\u00e9ficiez d&#039;une licence non exclusive et non transf\u00e9rable vous permettant d&#039;acc\u00e9der aux images et de les t\u00e9l\u00e9charger \u00e0 des fins personnelles et commerciales, sous r\u00e9serve des conditions d\u00e9crites dans les pr\u00e9sentes Conditions.<\/p><p>Bien que vous puissiez utiliser le contenu t\u00e9l\u00e9charg\u00e9 dans vos projets, vous n&#039;en acqu\u00e9rez pas la propri\u00e9t\u00e9. La redistribution, la revente ou l&#039;inclusion du contenu sur d&#039;autres plateformes, sites web ou collections est interdite sans modification significative et autorisation \u00e9crite pr\u00e9alable.<\/p><p>Lors de l&#039;utilisation du contenu PNGate d&#039;origine, <strong>vous devez fournir une attribution claire avec un lien vers<\/strong> <a href=\"https:\/\/pngate.com\/fr\/\">https:\/\/pngate.com<\/a>. <strong>Exemple: <\/strong>\u00ab Image de <a href=\"https:\/\/pngate.com\/fr\/\">PNGate.com<\/a>&quot;.<\/p><h2>3. Contenu tiers<\/h2><p>Certains contenus, notamment les logos, les personnages ou les \u00e9l\u00e9ments de marque, peuvent \u00eatre t\u00e9l\u00e9charg\u00e9s par les utilisateurs ou provenir de r\u00e9f\u00e9rentiels tiers. PNGate ne revendique pas la propri\u00e9t\u00e9 de ces contenus et ne peut en garantir la licence. Vous \u00eates seul responsable de la conformit\u00e9 de votre utilisation de ces images avec les lois applicables en mati\u00e8re de droits d&#039;auteur.<\/p><h2>4. Plaintes relatives aux droits d&#039;auteur<\/h2><p>Si vous \u00eates titulaire de droits et pensez que le contenu de ce site porte atteinte \u00e0 vos droits, veuillez nous contacter \u00e0 <a href=\"mailto:contact@pngate.com\">contact@pngate.com<\/a> avec une preuve de propri\u00e9t\u00e9 et une demande de suppression. Nous examinerons votre demande et supprimerons le contenu dans les meilleurs d\u00e9lais, le cas \u00e9ch\u00e9ant.<\/p><h2>5. Comptes utilisateurs<\/h2><p>Pour acc\u00e9der \u00e0 certaines fonctionnalit\u00e9s, vous devrez peut-\u00eatre cr\u00e9er un compte. Vous vous engagez \u00e0 fournir des informations exactes et \u00e0 les tenir \u00e0 jour. Vous \u00eates responsable de toute activit\u00e9 effectu\u00e9e sur votre compte et ne devez pas divulguer vos identifiants de connexion.<\/p><h2>6. Abonnements et paiements<\/h2><p>Nous proposons un acc\u00e8s gratuit et des formules d&#039;abonnement payantes. Les abonnements sont factur\u00e9s \u00e0 l&#039;avance de mani\u00e8re r\u00e9currente. En vous abonnant, vous autorisez PNGate ou son processeur de paiement \u00e0 d\u00e9biter le mode de paiement de votre choix. Vous pouvez r\u00e9silier votre abonnement \u00e0 tout moment et cette r\u00e9siliation prendra effet \u00e0 la fin de la p\u00e9riode de facturation en cours. Les remboursements sont trait\u00e9s conform\u00e9ment \u00e0 notre Politique de remboursement.<\/p><h2>7. Restrictions<\/h2><p>Lorsque vous utilisez ce site, vous acceptez de ne pas :<\/p><ul><li>Utiliser le contenu d&#039;une mani\u00e8re qui viole toute loi ou r\u00e9glementation<\/li><li>Porter atteinte aux droits de propri\u00e9t\u00e9 intellectuelle<\/li><li>Tenter de proc\u00e9der \u00e0 une r\u00e9tro-ing\u00e9nierie, de copier ou de refl\u00e9ter la structure, le style ou le syst\u00e8me du site<\/li><li>Utiliser des robots, des scrapers ou d&#039;autres moyens automatis\u00e9s pour extraire ou r\u00e9colter du contenu<\/li><li>Se faire passer pour PNGate ou ses repr\u00e9sentants<\/li><\/ul><h2>8. Limitation de responsabilit\u00e9<\/h2><p>PNGate est fourni \u00ab\u00a0en l&#039;\u00e9tat\u00a0\u00bb et \u00ab\u00a0selon la disponibilit\u00e9\u00a0\u00bb. Nous n&#039;offrons aucune garantie quant \u00e0 la disponibilit\u00e9, l&#039;exactitude ou la fiabilit\u00e9 du contenu. En aucun cas, PNGate ou son propri\u00e9taire ne pourront \u00eatre tenus responsables de tout dommage direct, indirect, accessoire ou cons\u00e9cutif r\u00e9sultant de votre utilisation ou de votre incapacit\u00e9 \u00e0 utiliser le Site.<\/p><h2>9. Modification des conditions<\/h2><p>Nous nous r\u00e9servons le droit de modifier les pr\u00e9sentes Conditions \u00e0 tout moment et sans pr\u00e9avis. Les versions mises \u00e0 jour seront publi\u00e9es sur cette page avec la date de modification. L&#039;utilisation continue du Site vaut acceptation de ces modifications.<\/p><h2>10. Loi applicable<\/h2><p>Les pr\u00e9sentes Conditions sont r\u00e9gies et interpr\u00e9t\u00e9es conform\u00e9ment au droit ukrainien. Tout litige sera tranch\u00e9 par les tribunaux d&#039;Odessa, en Ukraine.<\/p><h2>11. Contact<\/h2><p>Pour toute question ou pr\u00e9occupation concernant ces conditions, veuillez nous contacter :<\/p><ul><li><strong>Nom:<\/strong> Entrepreneur individuel Denys Spesivtsev<\/li><li><strong>Adresse:<\/strong> 162\/1 rue Kostandi, app. 90, Odessa, 65114, Ukraine<\/li><li><strong>E-mail:<\/strong> support@pngate.com<\/li><\/ul><\/div>\t\t\t\t\t\t\t\t<\/div>\n\t\t\t\t<\/div>\n\t\t\t\t\t<\/div>\n\t\t<\/div>\n\t\t\t\t\t<\/div>\n\t\t<\/section>\n\t\t\t\t<\/div>","protected":false},"excerpt":{"rendered":"<p>Bienvenue sur PNGate\u00a0! Les pr\u00e9sentes conditions g\u00e9n\u00e9rales r\u00e9gissent votre acc\u00e8s et votre utilisation du site web https:\/\/pngate.com (le \u00ab\u00a0Site\u00a0\u00bb). En acc\u00e9dant ou en utilisant le site, vous consentez \u00e0 l&#039;utilisation de ce dernier.<span class=\"excerpt-hellip\"> [\u2026]<\/span><\/p>","protected":false},"author":1,"featured_media":0,"parent":0,"menu_order":0,"comment_status":"closed","ping_status":"closed","template":"","meta":{"om_disable_all_campaigns":false,"_monsterinsights_skip_tracking":false,"_monsterinsights_sitenote_active":false,"_monsterinsights_sitenote_note":"","_monsterinsights_sitenote_category":0,"_uf_show_specific_survey":0,"_uf_disable_surveys":false,"footnotes":""},"class_list":["post-972","page","type-page","status-publish","hentry"],"aioseo_notices":[],"_links":{"self":[{"href":"https:\/\/pngate.com\/fr\/wp-json\/wp\/v2\/pages\/972","targetHints":{"allow":["GET"]}}],"collection":[{"href":"https:\/\/pngate.com\/fr\/wp-json\/wp\/v2\/pages"}],"about":[{"href":"https:\/\/pngate.com\/fr\/wp-json\/wp\/v2\/types\/page"}],"author":[{"embeddable":true,"href":"https:\/\/pngate.com\/fr\/wp-json\/wp\/v2\/users\/1"}],"replies":[{"embeddable":true,"href":"https:\/\/pngate.com\/fr\/wp-json\/wp\/v2\/comments?post=972"}],"version-history":[{"count":10,"href":"https:\/\/pngate.com\/fr\/wp-json\/wp\/v2\/pages\/972\/revisions"}],"predecessor-version":[{"id":6747,"href":"https:\/\/pngate.com\/fr\/wp-json\/wp\/v2\/pages\/972\/revisions\/6747"}],"wp:attachment":[{"href":"https:\/\/pngate.com\/fr\/wp-json\/wp\/v2\/media?parent=972"}],"curies":[{"name":"wp","href":"https:\/\/api.w.org\/{rel}","templated":true}]}}