{"id":10087,"date":"2025-06-06T18:49:53","date_gmt":"2025-06-06T15:49:53","guid":{"rendered":"https:\/\/pngate.com\/product\/golden-balloon-number-4-shiny-metallic-decoration-free-png\/"},"modified":"2025-07-14T18:39:55","modified_gmt":"2025-07-14T15:39:55","slug":"golden-balloon-number-4-shiny-metallic-decoration-free-png","status":"publish","type":"product","link":"https:\/\/pngate.com\/fr\/produit\/golden-balloon-number-4-shiny-metallic-decoration-free-png\/","title":{"rendered":"Ballon dor\u00e9 num\u00e9ro 4, d\u00e9coration m\u00e9tallique brillante, PNG gratuit"},"content":{"rendered":"","protected":false},"excerpt":{"rendered":"","protected":false},"featured_media":10086,"template":"","meta":{"om_disable_all_campaigns":false,"_monsterinsights_skip_tracking":false,"_monsterinsights_sitenote_active":false,"_monsterinsights_sitenote_note":"","_monsterinsights_sitenote_category":0,"_uf_show_specific_survey":0,"_uf_disable_surveys":false},"product_brand":[],"product_cat":[3263,1699,1700,2015],"product_tag":[426,434,24,328,5236,1241,709],"class_list":{"0":"post-10087","1":"product","2":"type-product","3":"status-publish","4":"has-post-thumbnail","6":"product_cat-decorations","7":"product_cat-balloons","8":"product_cat-birthday","9":"product_cat-party","10":"product_tag-balloons","11":"product_tag-birthday","12":"product_tag-decoration","13":"product_tag-metallic","14":"product_tag-number-4","15":"product_tag-party","16":"product_tag-shiny","18":"first","19":"instock","20":"downloadable","21":"virtual","22":"purchasable","23":"product-type-simple"},"aioseo_notices":[],"_links":{"self":[{"href":"https:\/\/pngate.com\/fr\/wp-json\/wp\/v2\/product\/10087","targetHints":{"allow":["GET"]}}],"collection":[{"href":"https:\/\/pngate.com\/fr\/wp-json\/wp\/v2\/product"}],"about":[{"href":"https:\/\/pngate.com\/fr\/wp-json\/wp\/v2\/types\/product"}],"version-history":[{"count":1,"href":"https:\/\/pngate.com\/fr\/wp-json\/wp\/v2\/product\/10087\/revisions"}],"predecessor-version":[{"id":17593,"href":"https:\/\/pngate.com\/fr\/wp-json\/wp\/v2\/product\/10087\/revisions\/17593"}],"wp:featuredmedia":[{"embeddable":true,"href":"https:\/\/pngate.com\/fr\/wp-json\/wp\/v2\/media\/10086"}],"wp:attachment":[{"href":"https:\/\/pngate.com\/fr\/wp-json\/wp\/v2\/media?parent=10087"}],"wp:term":[{"taxonomy":"product_brand","embeddable":true,"href":"https:\/\/pngate.com\/fr\/wp-json\/wp\/v2\/product_brand?post=10087"},{"taxonomy":"product_cat","embeddable":true,"href":"https:\/\/pngate.com\/fr\/wp-json\/wp\/v2\/product_cat?post=10087"},{"taxonomy":"product_tag","embeddable":true,"href":"https:\/\/pngate.com\/fr\/wp-json\/wp\/v2\/product_tag?post=10087"}],"curies":[{"name":"wp","href":"https:\/\/api.w.org\/{rel}","templated":true}]}}