{"id":10108,"date":"2025-06-06T20:06:52","date_gmt":"2025-06-06T17:06:52","guid":{"rendered":"https:\/\/pngate.com\/product\/heartwarming-cartoon-jesus-doctor-design-free-png\/"},"modified":"2025-07-14T18:40:03","modified_gmt":"2025-07-14T15:40:03","slug":"heartwarming-cartoon-jesus-doctor-design-free-png","status":"publish","type":"product","link":"https:\/\/pngate.com\/fr\/produit\/heartwarming-cartoon-jesus-doctor-design-free-png\/","title":{"rendered":"Dessin anim\u00e9 r\u00e9confortant de J\u00e9sus Docteur Design PNG gratuit"},"content":{"rendered":"","protected":false},"excerpt":{"rendered":"","protected":false},"featured_media":10107,"template":"","meta":{"om_disable_all_campaigns":false,"_monsterinsights_skip_tracking":false,"_monsterinsights_sitenote_active":false,"_monsterinsights_sitenote_note":"","_monsterinsights_sitenote_category":0,"_uf_show_specific_survey":0,"_uf_disable_surveys":false},"product_brand":[],"product_cat":[798,1739,125,140],"product_tag":[203,1432,5250,2051,166,362,5249,165],"class_list":{"0":"post-10108","1":"product","2":"type-product","3":"status-publish","4":"has-post-thumbnail","6":"product_cat-cartoon-anime","7":"product_cat-hearts","8":"product_cat-people","9":"product_cat-professions","10":"product_tag-cartoon","11":"product_tag-children","12":"product_tag-doctor","13":"product_tag-healthcare","14":"product_tag-heart","15":"product_tag-illustration","16":"product_tag-jesus","17":"product_tag-love","19":"first","20":"instock","21":"downloadable","22":"virtual","23":"purchasable","24":"product-type-simple"},"aioseo_notices":[],"_links":{"self":[{"href":"https:\/\/pngate.com\/fr\/wp-json\/wp\/v2\/product\/10108","targetHints":{"allow":["GET"]}}],"collection":[{"href":"https:\/\/pngate.com\/fr\/wp-json\/wp\/v2\/product"}],"about":[{"href":"https:\/\/pngate.com\/fr\/wp-json\/wp\/v2\/types\/product"}],"version-history":[{"count":1,"href":"https:\/\/pngate.com\/fr\/wp-json\/wp\/v2\/product\/10108\/revisions"}],"predecessor-version":[{"id":17600,"href":"https:\/\/pngate.com\/fr\/wp-json\/wp\/v2\/product\/10108\/revisions\/17600"}],"wp:featuredmedia":[{"embeddable":true,"href":"https:\/\/pngate.com\/fr\/wp-json\/wp\/v2\/media\/10107"}],"wp:attachment":[{"href":"https:\/\/pngate.com\/fr\/wp-json\/wp\/v2\/media?parent=10108"}],"wp:term":[{"taxonomy":"product_brand","embeddable":true,"href":"https:\/\/pngate.com\/fr\/wp-json\/wp\/v2\/product_brand?post=10108"},{"taxonomy":"product_cat","embeddable":true,"href":"https:\/\/pngate.com\/fr\/wp-json\/wp\/v2\/product_cat?post=10108"},{"taxonomy":"product_tag","embeddable":true,"href":"https:\/\/pngate.com\/fr\/wp-json\/wp\/v2\/product_tag?post=10108"}],"curies":[{"name":"wp","href":"https:\/\/api.w.org\/{rel}","templated":true}]}}