{"id":10192,"date":"2025-06-07T01:14:48","date_gmt":"2025-06-06T22:14:48","guid":{"rendered":"https:\/\/pngate.com\/product\/sleek-mclaren-765lt-sports-car-side-view-free-png\/"},"modified":"2025-07-14T18:40:36","modified_gmt":"2025-07-14T15:40:36","slug":"sleek-mclaren-765lt-sports-car-side-view-free-png","status":"publish","type":"product","link":"https:\/\/pngate.com\/fr\/produit\/sleek-mclaren-765lt-sports-car-side-view-free-png\/","title":{"rendered":"Vue lat\u00e9rale de la McLaren 765LT, une voiture de sport \u00e9l\u00e9gante, au format PNG gratuit"},"content":{"rendered":"","protected":false},"excerpt":{"rendered":"","protected":false},"featured_media":10191,"template":"","meta":{"om_disable_all_campaigns":false,"_monsterinsights_skip_tracking":false,"_monsterinsights_sitenote_active":false,"_monsterinsights_sitenote_note":"","_monsterinsights_sitenote_category":0,"_uf_show_specific_survey":0,"_uf_disable_surveys":false},"product_brand":[],"product_cat":[126,133,139],"product_tag":[1303,928,5011,5305,2740,1675,324,653],"class_list":{"0":"post-10192","1":"product","2":"type-product","3":"status-publish","4":"has-post-thumbnail","6":"product_cat-3d-graphics","7":"product_cat-cars-transport","8":"product_cat-sports","9":"product_tag-automotive","10":"product_tag-high-quality","11":"product_tag-mclaren","12":"product_tag-orange-car","13":"product_tag-side-view","14":"product_tag-sleek-design","15":"product_tag-sports-car","16":"product_tag-transparent-background","18":"first","19":"instock","20":"downloadable","21":"virtual","22":"purchasable","23":"product-type-simple"},"aioseo_notices":[],"_links":{"self":[{"href":"https:\/\/pngate.com\/fr\/wp-json\/wp\/v2\/product\/10192","targetHints":{"allow":["GET"]}}],"collection":[{"href":"https:\/\/pngate.com\/fr\/wp-json\/wp\/v2\/product"}],"about":[{"href":"https:\/\/pngate.com\/fr\/wp-json\/wp\/v2\/types\/product"}],"version-history":[{"count":1,"href":"https:\/\/pngate.com\/fr\/wp-json\/wp\/v2\/product\/10192\/revisions"}],"predecessor-version":[{"id":17628,"href":"https:\/\/pngate.com\/fr\/wp-json\/wp\/v2\/product\/10192\/revisions\/17628"}],"wp:featuredmedia":[{"embeddable":true,"href":"https:\/\/pngate.com\/fr\/wp-json\/wp\/v2\/media\/10191"}],"wp:attachment":[{"href":"https:\/\/pngate.com\/fr\/wp-json\/wp\/v2\/media?parent=10192"}],"wp:term":[{"taxonomy":"product_brand","embeddable":true,"href":"https:\/\/pngate.com\/fr\/wp-json\/wp\/v2\/product_brand?post=10192"},{"taxonomy":"product_cat","embeddable":true,"href":"https:\/\/pngate.com\/fr\/wp-json\/wp\/v2\/product_cat?post=10192"},{"taxonomy":"product_tag","embeddable":true,"href":"https:\/\/pngate.com\/fr\/wp-json\/wp\/v2\/product_tag?post=10192"}],"curies":[{"name":"wp","href":"https:\/\/api.w.org\/{rel}","templated":true}]}}