{"id":10223,"date":"2025-06-10T14:53:08","date_gmt":"2025-06-10T11:53:08","guid":{"rendered":"https:\/\/pngate.com\/product\/3d-black-medallion-icon-with-golden-crown-luxury-premium-badge-free-png\/"},"modified":"2025-07-14T18:40:44","modified_gmt":"2025-07-14T15:40:44","slug":"3d-black-medallion-icon-with-golden-crown-luxury-premium-badge-free-png","status":"publish","type":"product","link":"https:\/\/pngate.com\/fr\/produit\/3d-black-medallion-icon-with-golden-crown-luxury-premium-badge-free-png\/","title":{"rendered":"Ic\u00f4ne de m\u00e9daillon noir 3D avec couronne dor\u00e9e, badge premium de luxe, PNG gratuit"},"content":{"rendered":"","protected":false},"excerpt":{"rendered":"","protected":false},"featured_media":10222,"template":"","meta":{"om_disable_all_campaigns":false,"_monsterinsights_skip_tracking":false,"_monsterinsights_sitenote_active":false,"_monsterinsights_sitenote_note":"","_monsterinsights_sitenote_category":0,"_uf_show_specific_survey":0,"_uf_disable_surveys":false},"product_brand":[],"product_cat":[4869,14,126,1716,1750],"product_tag":[159,3084,298,141,2218,710,5326,964],"class_list":{"0":"post-10223","1":"product","2":"type-product","3":"status-publish","4":"has-post-thumbnail","6":"product_cat-badges","7":"product_cat-icons","8":"product_cat-3d-graphics","9":"product_cat-crowns","10":"product_cat-medals","11":"product_tag-3d","12":"product_tag-award","13":"product_tag-badge","14":"product_tag-black","15":"product_tag-crown","16":"product_tag-luxury","17":"product_tag-medallion","18":"product_tag-premium","20":"first","21":"instock","22":"downloadable","23":"virtual","24":"purchasable","25":"product-type-simple"},"aioseo_notices":[],"_links":{"self":[{"href":"https:\/\/pngate.com\/fr\/wp-json\/wp\/v2\/product\/10223","targetHints":{"allow":["GET"]}}],"collection":[{"href":"https:\/\/pngate.com\/fr\/wp-json\/wp\/v2\/product"}],"about":[{"href":"https:\/\/pngate.com\/fr\/wp-json\/wp\/v2\/types\/product"}],"version-history":[{"count":1,"href":"https:\/\/pngate.com\/fr\/wp-json\/wp\/v2\/product\/10223\/revisions"}],"predecessor-version":[{"id":17637,"href":"https:\/\/pngate.com\/fr\/wp-json\/wp\/v2\/product\/10223\/revisions\/17637"}],"wp:featuredmedia":[{"embeddable":true,"href":"https:\/\/pngate.com\/fr\/wp-json\/wp\/v2\/media\/10222"}],"wp:attachment":[{"href":"https:\/\/pngate.com\/fr\/wp-json\/wp\/v2\/media?parent=10223"}],"wp:term":[{"taxonomy":"product_brand","embeddable":true,"href":"https:\/\/pngate.com\/fr\/wp-json\/wp\/v2\/product_brand?post=10223"},{"taxonomy":"product_cat","embeddable":true,"href":"https:\/\/pngate.com\/fr\/wp-json\/wp\/v2\/product_cat?post=10223"},{"taxonomy":"product_tag","embeddable":true,"href":"https:\/\/pngate.com\/fr\/wp-json\/wp\/v2\/product_tag?post=10223"}],"curies":[{"name":"wp","href":"https:\/\/api.w.org\/{rel}","templated":true}]}}