{"id":10331,"date":"2025-06-10T21:18:20","date_gmt":"2025-06-10T18:18:20","guid":{"rendered":"https:\/\/pngate.com\/product\/realistic-chocolate-heart-with-happy-mothers-day-icing-free-png\/"},"modified":"2025-07-14T18:41:16","modified_gmt":"2025-07-14T15:41:16","slug":"realistic-chocolate-heart-with-happy-mothers-day-icing-free-png","status":"publish","type":"product","link":"https:\/\/pngate.com\/fr\/produit\/realistic-chocolate-heart-with-happy-mothers-day-icing-free-png\/","title":{"rendered":"C\u0153ur en chocolat r\u00e9aliste avec gla\u00e7age \u00ab\u00a0Joyeuse f\u00eate des m\u00e8res\u00a0\u00bb (PNG gratuit)"},"content":{"rendered":"","protected":false},"excerpt":{"rendered":"","protected":false},"featured_media":10330,"template":"","meta":{"om_disable_all_campaigns":false,"_monsterinsights_skip_tracking":false,"_monsterinsights_sitenote_active":false,"_monsterinsights_sitenote_note":"","_monsterinsights_sitenote_category":0,"_uf_show_specific_survey":0,"_uf_disable_surveys":false},"product_brand":[],"product_cat":[126,344,1733,1739,128],"product_tag":[2065,1239,2499,5423,928,1903,5422,653],"class_list":{"0":"post-10331","1":"product","2":"type-product","3":"status-publish","4":"has-post-thumbnail","6":"product_cat-3d-graphics","7":"product_cat-food","8":"product_cat-gifts","9":"product_cat-hearts","10":"product_cat-holidays","11":"product_tag-3d-graphics","12":"product_tag-celebration","13":"product_tag-chocolate-heart","14":"product_tag-dessert","15":"product_tag-high-quality","16":"product_tag-mothers-day","17":"product_tag-sweet-gift","18":"product_tag-transparent-background","20":"first","21":"instock","22":"downloadable","23":"virtual","24":"purchasable","25":"product-type-simple"},"aioseo_notices":[],"_links":{"self":[{"href":"https:\/\/pngate.com\/fr\/wp-json\/wp\/v2\/product\/10331","targetHints":{"allow":["GET"]}}],"collection":[{"href":"https:\/\/pngate.com\/fr\/wp-json\/wp\/v2\/product"}],"about":[{"href":"https:\/\/pngate.com\/fr\/wp-json\/wp\/v2\/types\/product"}],"version-history":[{"count":1,"href":"https:\/\/pngate.com\/fr\/wp-json\/wp\/v2\/product\/10331\/revisions"}],"predecessor-version":[{"id":17673,"href":"https:\/\/pngate.com\/fr\/wp-json\/wp\/v2\/product\/10331\/revisions\/17673"}],"wp:featuredmedia":[{"embeddable":true,"href":"https:\/\/pngate.com\/fr\/wp-json\/wp\/v2\/media\/10330"}],"wp:attachment":[{"href":"https:\/\/pngate.com\/fr\/wp-json\/wp\/v2\/media?parent=10331"}],"wp:term":[{"taxonomy":"product_brand","embeddable":true,"href":"https:\/\/pngate.com\/fr\/wp-json\/wp\/v2\/product_brand?post=10331"},{"taxonomy":"product_cat","embeddable":true,"href":"https:\/\/pngate.com\/fr\/wp-json\/wp\/v2\/product_cat?post=10331"},{"taxonomy":"product_tag","embeddable":true,"href":"https:\/\/pngate.com\/fr\/wp-json\/wp\/v2\/product_tag?post=10331"}],"curies":[{"name":"wp","href":"https:\/\/api.w.org\/{rel}","templated":true}]}}