{"id":10428,"date":"2025-06-13T19:43:21","date_gmt":"2025-06-13T16:43:21","guid":{"rendered":"https:\/\/pngate.com\/product\/decorated-christmas-tree-with-gold-and-red-ornaments-free-png\/"},"modified":"2025-07-14T18:41:44","modified_gmt":"2025-07-14T15:41:44","slug":"decorated-christmas-tree-with-gold-and-red-ornaments-free-png","status":"publish","type":"product","link":"https:\/\/pngate.com\/fr\/produit\/decorated-christmas-tree-with-gold-and-red-ornaments-free-png\/","title":{"rendered":"Sapin de No\u00ebl d\u00e9cor\u00e9 avec des ornements dor\u00e9s et rouges (PNG gratuit)"},"content":{"rendered":"","protected":false},"excerpt":{"rendered":"","protected":false},"featured_media":10427,"template":"","meta":{"om_disable_all_campaigns":false,"_monsterinsights_skip_tracking":false,"_monsterinsights_sitenote_active":false,"_monsterinsights_sitenote_note":"","_monsterinsights_sitenote_category":0,"_uf_show_specific_survey":0,"_uf_disable_surveys":false},"product_brand":[],"product_cat":[1709,128,1784],"product_tag":[2030,5493,2500,2200,2865,4388,2031,805],"class_list":{"0":"post-10428","1":"product","2":"type-product","3":"status-publish","4":"has-post-thumbnail","6":"product_cat-christmas","7":"product_cat-holidays","8":"product_cat-trees","9":"product_tag-christmas","10":"product_tag-festive-tree","11":"product_tag-gifts","12":"product_tag-holiday-decorations","13":"product_tag-ornaments","14":"product_tag-pine-tree","15":"product_tag-seasonal","16":"product_tag-winter","18":"first","19":"instock","20":"downloadable","21":"virtual","22":"purchasable","23":"product-type-simple"},"aioseo_notices":[],"_links":{"self":[{"href":"https:\/\/pngate.com\/fr\/wp-json\/wp\/v2\/product\/10428","targetHints":{"allow":["GET"]}}],"collection":[{"href":"https:\/\/pngate.com\/fr\/wp-json\/wp\/v2\/product"}],"about":[{"href":"https:\/\/pngate.com\/fr\/wp-json\/wp\/v2\/types\/product"}],"version-history":[{"count":1,"href":"https:\/\/pngate.com\/fr\/wp-json\/wp\/v2\/product\/10428\/revisions"}],"predecessor-version":[{"id":17703,"href":"https:\/\/pngate.com\/fr\/wp-json\/wp\/v2\/product\/10428\/revisions\/17703"}],"wp:featuredmedia":[{"embeddable":true,"href":"https:\/\/pngate.com\/fr\/wp-json\/wp\/v2\/media\/10427"}],"wp:attachment":[{"href":"https:\/\/pngate.com\/fr\/wp-json\/wp\/v2\/media?parent=10428"}],"wp:term":[{"taxonomy":"product_brand","embeddable":true,"href":"https:\/\/pngate.com\/fr\/wp-json\/wp\/v2\/product_brand?post=10428"},{"taxonomy":"product_cat","embeddable":true,"href":"https:\/\/pngate.com\/fr\/wp-json\/wp\/v2\/product_cat?post=10428"},{"taxonomy":"product_tag","embeddable":true,"href":"https:\/\/pngate.com\/fr\/wp-json\/wp\/v2\/product_tag?post=10428"}],"curies":[{"name":"wp","href":"https:\/\/api.w.org\/{rel}","templated":true}]}}