{"id":10467,"date":"2025-06-14T00:07:19","date_gmt":"2025-06-13T21:07:19","guid":{"rendered":"https:\/\/pngate.com\/product\/hidden-moon-behind-clouds-in-a-dreamy-sky-free-png\/"},"modified":"2025-07-14T18:41:59","modified_gmt":"2025-07-14T15:41:59","slug":"hidden-moon-behind-clouds-in-a-dreamy-sky-free-png","status":"publish","type":"product","link":"https:\/\/pngate.com\/fr\/produit\/hidden-moon-behind-clouds-in-a-dreamy-sky-free-png\/","title":{"rendered":"Lune cach\u00e9e derri\u00e8re les nuages dans un ciel de r\u00eave PNG gratuit"},"content":{"rendered":"","protected":false},"excerpt":{"rendered":"","protected":false},"featured_media":10466,"template":"","meta":{"om_disable_all_campaigns":false,"_monsterinsights_skip_tracking":false,"_monsterinsights_sitenote_active":false,"_monsterinsights_sitenote_note":"","_monsterinsights_sitenote_category":0,"_uf_show_specific_survey":0,"_uf_disable_surveys":false},"product_brand":[],"product_cat":[1698,1754,127,1770],"product_tag":[3854,4130,5524,274,2671,5523],"class_list":{"0":"post-10467","1":"product","2":"type-product","3":"status-publish","4":"has-post-thumbnail","6":"product_cat-backgrounds","7":"product_cat-moon","8":"product_cat-nature","9":"product_cat-sky","10":"product_tag-clouds","11":"product_tag-crescent-moon","12":"product_tag-misty-background","13":"product_tag-moon","14":"product_tag-night-sky","15":"product_tag-soft-light","17":"first","18":"instock","19":"downloadable","20":"virtual","21":"purchasable","22":"product-type-simple"},"aioseo_notices":[],"_links":{"self":[{"href":"https:\/\/pngate.com\/fr\/wp-json\/wp\/v2\/product\/10467","targetHints":{"allow":["GET"]}}],"collection":[{"href":"https:\/\/pngate.com\/fr\/wp-json\/wp\/v2\/product"}],"about":[{"href":"https:\/\/pngate.com\/fr\/wp-json\/wp\/v2\/types\/product"}],"version-history":[{"count":1,"href":"https:\/\/pngate.com\/fr\/wp-json\/wp\/v2\/product\/10467\/revisions"}],"predecessor-version":[{"id":17716,"href":"https:\/\/pngate.com\/fr\/wp-json\/wp\/v2\/product\/10467\/revisions\/17716"}],"wp:featuredmedia":[{"embeddable":true,"href":"https:\/\/pngate.com\/fr\/wp-json\/wp\/v2\/media\/10466"}],"wp:attachment":[{"href":"https:\/\/pngate.com\/fr\/wp-json\/wp\/v2\/media?parent=10467"}],"wp:term":[{"taxonomy":"product_brand","embeddable":true,"href":"https:\/\/pngate.com\/fr\/wp-json\/wp\/v2\/product_brand?post=10467"},{"taxonomy":"product_cat","embeddable":true,"href":"https:\/\/pngate.com\/fr\/wp-json\/wp\/v2\/product_cat?post=10467"},{"taxonomy":"product_tag","embeddable":true,"href":"https:\/\/pngate.com\/fr\/wp-json\/wp\/v2\/product_tag?post=10467"}],"curies":[{"name":"wp","href":"https:\/\/api.w.org\/{rel}","templated":true}]}}