{"id":10521,"date":"2025-06-20T14:05:31","date_gmt":"2025-06-20T11:05:31","guid":{"rendered":"https:\/\/pngate.com\/product\/realistic-bald-eagle-side-view-head-open-beak-close-up-free-png\/"},"modified":"2025-07-14T18:42:06","modified_gmt":"2025-07-14T15:42:06","slug":"realistic-bald-eagle-side-view-head-open-beak-close-up-free-png","status":"publish","type":"product","link":"https:\/\/pngate.com\/fr\/produit\/realistic-bald-eagle-side-view-head-open-beak-close-up-free-png\/","title":{"rendered":"Pygargue \u00e0 t\u00eate blanche r\u00e9aliste, vue lat\u00e9rale, t\u00eate ouverte, gros plan, PNG gratuit"},"content":{"rendered":"","protected":false},"excerpt":{"rendered":"","protected":false},"featured_media":10520,"template":"","meta":{"om_disable_all_campaigns":false,"_monsterinsights_skip_tracking":false,"_monsterinsights_sitenote_active":false,"_monsterinsights_sitenote_note":"","_monsterinsights_sitenote_category":0,"_uf_show_specific_survey":0,"_uf_disable_surveys":false},"product_brand":[],"product_cat":[123,1701],"product_tag":[5548,4783,5327,5384,823,5381,1362,1360],"class_list":{"0":"post-10521","1":"product","2":"type-product","3":"status-publish","4":"has-post-thumbnail","6":"product_cat-animals","7":"product_cat-birds","8":"product_tag-animal-photography","9":"product_tag-animal-portrait","10":"product_tag-bald-eagle","11":"product_tag-birds","12":"product_tag-close-up","13":"product_tag-eagle-head","14":"product_tag-nature","15":"product_tag-wildlife","17":"first","18":"instock","19":"downloadable","20":"virtual","21":"purchasable","22":"product-type-simple"},"aioseo_notices":[],"_links":{"self":[{"href":"https:\/\/pngate.com\/fr\/wp-json\/wp\/v2\/product\/10521","targetHints":{"allow":["GET"]}}],"collection":[{"href":"https:\/\/pngate.com\/fr\/wp-json\/wp\/v2\/product"}],"about":[{"href":"https:\/\/pngate.com\/fr\/wp-json\/wp\/v2\/types\/product"}],"version-history":[{"count":1,"href":"https:\/\/pngate.com\/fr\/wp-json\/wp\/v2\/product\/10521\/revisions"}],"predecessor-version":[{"id":17724,"href":"https:\/\/pngate.com\/fr\/wp-json\/wp\/v2\/product\/10521\/revisions\/17724"}],"wp:featuredmedia":[{"embeddable":true,"href":"https:\/\/pngate.com\/fr\/wp-json\/wp\/v2\/media\/10520"}],"wp:attachment":[{"href":"https:\/\/pngate.com\/fr\/wp-json\/wp\/v2\/media?parent=10521"}],"wp:term":[{"taxonomy":"product_brand","embeddable":true,"href":"https:\/\/pngate.com\/fr\/wp-json\/wp\/v2\/product_brand?post=10521"},{"taxonomy":"product_cat","embeddable":true,"href":"https:\/\/pngate.com\/fr\/wp-json\/wp\/v2\/product_cat?post=10521"},{"taxonomy":"product_tag","embeddable":true,"href":"https:\/\/pngate.com\/fr\/wp-json\/wp\/v2\/product_tag?post=10521"}],"curies":[{"name":"wp","href":"https:\/\/api.w.org\/{rel}","templated":true}]}}