{"id":10587,"date":"2025-06-20T19:09:24","date_gmt":"2025-06-20T16:09:24","guid":{"rendered":"https:\/\/pngate.com\/product\/bald-eagle-attacking-pose-with-spread-wings-free-png\/"},"modified":"2025-07-14T18:42:21","modified_gmt":"2025-07-14T15:42:21","slug":"bald-eagle-attacking-pose-with-spread-wings-free-png","status":"publish","type":"product","link":"https:\/\/pngate.com\/fr\/produit\/bald-eagle-attacking-pose-with-spread-wings-free-png\/","title":{"rendered":"Aigle \u00e0 t\u00eate blanche attaquant avec ailes d\u00e9ploy\u00e9es (PNG gratuit)"},"content":{"rendered":"","protected":false},"excerpt":{"rendered":"","protected":false},"featured_media":10586,"template":"","meta":{"om_disable_all_campaigns":false,"_monsterinsights_skip_tracking":false,"_monsterinsights_sitenote_active":false,"_monsterinsights_sitenote_note":"","_monsterinsights_sitenote_category":0,"_uf_show_specific_survey":0,"_uf_disable_surveys":false},"product_brand":[],"product_cat":[123,1701],"product_tag":[5592,5327,5384,1362,1360,236],"class_list":{"0":"post-10587","1":"product","2":"type-product","3":"status-publish","4":"has-post-thumbnail","6":"product_cat-animals","7":"product_cat-birds","8":"product_tag-attacking","9":"product_tag-bald-eagle","10":"product_tag-birds","11":"product_tag-nature","12":"product_tag-wildlife","13":"product_tag-wings","15":"first","16":"instock","17":"downloadable","18":"virtual","19":"purchasable","20":"product-type-simple"},"aioseo_notices":[],"_links":{"self":[{"href":"https:\/\/pngate.com\/fr\/wp-json\/wp\/v2\/product\/10587","targetHints":{"allow":["GET"]}}],"collection":[{"href":"https:\/\/pngate.com\/fr\/wp-json\/wp\/v2\/product"}],"about":[{"href":"https:\/\/pngate.com\/fr\/wp-json\/wp\/v2\/types\/product"}],"version-history":[{"count":1,"href":"https:\/\/pngate.com\/fr\/wp-json\/wp\/v2\/product\/10587\/revisions"}],"predecessor-version":[{"id":17746,"href":"https:\/\/pngate.com\/fr\/wp-json\/wp\/v2\/product\/10587\/revisions\/17746"}],"wp:featuredmedia":[{"embeddable":true,"href":"https:\/\/pngate.com\/fr\/wp-json\/wp\/v2\/media\/10586"}],"wp:attachment":[{"href":"https:\/\/pngate.com\/fr\/wp-json\/wp\/v2\/media?parent=10587"}],"wp:term":[{"taxonomy":"product_brand","embeddable":true,"href":"https:\/\/pngate.com\/fr\/wp-json\/wp\/v2\/product_brand?post=10587"},{"taxonomy":"product_cat","embeddable":true,"href":"https:\/\/pngate.com\/fr\/wp-json\/wp\/v2\/product_cat?post=10587"},{"taxonomy":"product_tag","embeddable":true,"href":"https:\/\/pngate.com\/fr\/wp-json\/wp\/v2\/product_tag?post=10587"}],"curies":[{"name":"wp","href":"https:\/\/api.w.org\/{rel}","templated":true}]}}