{"id":10590,"date":"2025-06-20T19:20:27","date_gmt":"2025-06-20T16:20:27","guid":{"rendered":"https:\/\/pngate.com\/product\/bonsai-tree-branch-with-green-leaves-and-textured-bark-free-png\/"},"modified":"2025-07-14T18:42:21","modified_gmt":"2025-07-14T15:42:21","slug":"bonsai-tree-branch-with-green-leaves-and-textured-bark-free-png","status":"publish","type":"product","link":"https:\/\/pngate.com\/fr\/produit\/bonsai-tree-branch-with-green-leaves-and-textured-bark-free-png\/","title":{"rendered":"Branche de bonsa\u00ef avec feuilles vertes et \u00e9corce textur\u00e9e (PNG gratuit)"},"content":{"rendered":"","protected":false},"excerpt":{"rendered":"","protected":false},"featured_media":10589,"template":"","meta":{"om_disable_all_campaigns":false,"_monsterinsights_skip_tracking":false,"_monsterinsights_sitenote_active":false,"_monsterinsights_sitenote_note":"","_monsterinsights_sitenote_category":0,"_uf_show_specific_survey":0,"_uf_disable_surveys":false},"product_brand":[],"product_cat":[124,1725,127,1762],"product_tag":[5593,441,447,5594],"class_list":{"0":"post-10590","1":"product","2":"type-product","3":"status-publish","4":"has-post-thumbnail","6":"product_cat-clipart","7":"product_cat-floral-patterns","8":"product_cat-nature","9":"product_cat-plants","10":"product_tag-bonsai-tree","11":"product_tag-green-leaves","12":"product_tag-plant","13":"product_tag-textured-bark","15":"first","16":"instock","17":"downloadable","18":"virtual","19":"purchasable","20":"product-type-simple"},"aioseo_notices":[],"_links":{"self":[{"href":"https:\/\/pngate.com\/fr\/wp-json\/wp\/v2\/product\/10590","targetHints":{"allow":["GET"]}}],"collection":[{"href":"https:\/\/pngate.com\/fr\/wp-json\/wp\/v2\/product"}],"about":[{"href":"https:\/\/pngate.com\/fr\/wp-json\/wp\/v2\/types\/product"}],"version-history":[{"count":1,"href":"https:\/\/pngate.com\/fr\/wp-json\/wp\/v2\/product\/10590\/revisions"}],"predecessor-version":[{"id":17747,"href":"https:\/\/pngate.com\/fr\/wp-json\/wp\/v2\/product\/10590\/revisions\/17747"}],"wp:featuredmedia":[{"embeddable":true,"href":"https:\/\/pngate.com\/fr\/wp-json\/wp\/v2\/media\/10589"}],"wp:attachment":[{"href":"https:\/\/pngate.com\/fr\/wp-json\/wp\/v2\/media?parent=10590"}],"wp:term":[{"taxonomy":"product_brand","embeddable":true,"href":"https:\/\/pngate.com\/fr\/wp-json\/wp\/v2\/product_brand?post=10590"},{"taxonomy":"product_cat","embeddable":true,"href":"https:\/\/pngate.com\/fr\/wp-json\/wp\/v2\/product_cat?post=10590"},{"taxonomy":"product_tag","embeddable":true,"href":"https:\/\/pngate.com\/fr\/wp-json\/wp\/v2\/product_tag?post=10590"}],"curies":[{"name":"wp","href":"https:\/\/api.w.org\/{rel}","templated":true}]}}