{"id":1144,"date":"2023-09-07T14:11:04","date_gmt":"2023-09-07T11:11:04","guid":{"rendered":"https:\/?post_type=product&#038;p=1144"},"modified":"2025-04-06T19:14:35","modified_gmt":"2025-04-06T16:14:35","slug":"facebook-blue-circled-logo","status":"publish","type":"product","link":"https:\/\/pngate.com\/fr\/produit\/logo-facebook-cercle-bleu\/","title":{"rendered":"Logo Facebook cercl\u00e9 bleu"},"content":{"rendered":"","protected":false},"excerpt":{"rendered":"<p>Ic\u00f4ne du logo cercl\u00e9 bleu Facebook \u2013 \u00e0 t\u00e9l\u00e9charger gratuitement sur PNGate.com. Cette image PNG pr\u00e9sente un arri\u00e8re-plan transparent, garantissant une int\u00e9gration facile dans vos projets. Aucune suppression d\u2019arri\u00e8re-plan requise\u00a0! Nos designers d\u00e9vou\u00e9s chez PNGate s\u00e9lectionnent syst\u00e9matiquement des images clipart de pointe, vous offrant ainsi les derni\u00e8res tendances en mati\u00e8re de design \u00e0 port\u00e9e de main. Am\u00e9liorez vos cr\u00e9ations avec cette image GRATUITE et de haute qualit\u00e9 avec fond transparent. Nos images PNG sont id\u00e9ales pour les designers, illustrateurs, artistes, propri\u00e9taires d\u2019entreprise, blogueurs et autres qui ont besoin d\u2019images avec un arri\u00e8re-plan transparent pour leur travail. Transformez vos cr\u00e9ations avec notre image gratuite du logo Facebook Blue Circled\u00a0!<\/p>","protected":false},"featured_media":1151,"template":"","meta":{"om_disable_all_campaigns":false,"_monsterinsights_skip_tracking":false,"_monsterinsights_sitenote_active":false,"_monsterinsights_sitenote_note":"","_monsterinsights_sitenote_category":0,"_uf_show_specific_survey":0,"_uf_disable_surveys":false},"product_brand":[],"product_cat":[14,129,130],"product_tag":[147,105,142,148],"class_list":{"0":"post-1144","1":"product","2":"type-product","3":"status-publish","4":"has-post-thumbnail","6":"product_cat-icons","7":"product_cat-logos","8":"product_cat-social-web","9":"product_tag-blue","10":"product_tag-circled","11":"product_tag-facebook","12":"product_tag-gradient","14":"first","15":"instock","16":"downloadable","17":"virtual","18":"purchasable","19":"product-type-simple"},"aioseo_notices":[],"_links":{"self":[{"href":"https:\/\/pngate.com\/fr\/wp-json\/wp\/v2\/product\/1144","targetHints":{"allow":["GET"]}}],"collection":[{"href":"https:\/\/pngate.com\/fr\/wp-json\/wp\/v2\/product"}],"about":[{"href":"https:\/\/pngate.com\/fr\/wp-json\/wp\/v2\/types\/product"}],"version-history":[{"count":4,"href":"https:\/\/pngate.com\/fr\/wp-json\/wp\/v2\/product\/1144\/revisions"}],"predecessor-version":[{"id":1198,"href":"https:\/\/pngate.com\/fr\/wp-json\/wp\/v2\/product\/1144\/revisions\/1198"}],"wp:featuredmedia":[{"embeddable":true,"href":"https:\/\/pngate.com\/fr\/wp-json\/wp\/v2\/media\/1151"}],"wp:attachment":[{"href":"https:\/\/pngate.com\/fr\/wp-json\/wp\/v2\/media?parent=1144"}],"wp:term":[{"taxonomy":"product_brand","embeddable":true,"href":"https:\/\/pngate.com\/fr\/wp-json\/wp\/v2\/product_brand?post=1144"},{"taxonomy":"product_cat","embeddable":true,"href":"https:\/\/pngate.com\/fr\/wp-json\/wp\/v2\/product_cat?post=1144"},{"taxonomy":"product_tag","embeddable":true,"href":"https:\/\/pngate.com\/fr\/wp-json\/wp\/v2\/product_tag?post=1144"}],"curies":[{"name":"wp","href":"https:\/\/api.w.org\/{rel}","templated":true}]}}