{"id":12187,"date":"2025-06-22T12:02:23","date_gmt":"2025-06-22T09:02:23","guid":{"rendered":"https:\/\/pngate.com\/product\/u-s-department-of-homeland-security-fema-emblem-free-png\/"},"modified":"2025-07-14T18:50:32","modified_gmt":"2025-07-14T15:50:32","slug":"u-s-department-of-homeland-security-fema-emblem-free-png","status":"publish","type":"product","link":"https:\/\/pngate.com\/fr\/produit\/u-s-department-of-homeland-security-fema-emblem-free-png\/","title":{"rendered":"Embl\u00e8me FEMA du D\u00e9partement de la S\u00e9curit\u00e9 int\u00e9rieure des \u00c9tats-Unis (PNG gratuit)"},"content":{"rendered":"","protected":false},"excerpt":{"rendered":"","protected":false},"featured_media":12186,"template":"","meta":{"om_disable_all_campaigns":false,"_monsterinsights_skip_tracking":false,"_monsterinsights_sitenote_active":false,"_monsterinsights_sitenote_note":"","_monsterinsights_sitenote_category":0,"_uf_show_specific_survey":0,"_uf_disable_surveys":false},"product_brand":[],"product_cat":[14,129,1386],"product_tag":[6296,228,6294,2325,6295],"class_list":{"0":"post-12187","1":"product","2":"type-product","3":"status-publish","4":"has-post-thumbnail","6":"product_cat-icons","7":"product_cat-logos","8":"product_cat-politics","9":"product_tag-blue-eagle","10":"product_tag-emblem","11":"product_tag-fema","12":"product_tag-government","13":"product_tag-homeland-security","15":"first","16":"instock","17":"downloadable","18":"virtual","19":"purchasable","20":"product-type-simple"},"aioseo_notices":[],"_links":{"self":[{"href":"https:\/\/pngate.com\/fr\/wp-json\/wp\/v2\/product\/12187","targetHints":{"allow":["GET"]}}],"collection":[{"href":"https:\/\/pngate.com\/fr\/wp-json\/wp\/v2\/product"}],"about":[{"href":"https:\/\/pngate.com\/fr\/wp-json\/wp\/v2\/types\/product"}],"version-history":[{"count":1,"href":"https:\/\/pngate.com\/fr\/wp-json\/wp\/v2\/product\/12187\/revisions"}],"predecessor-version":[{"id":18263,"href":"https:\/\/pngate.com\/fr\/wp-json\/wp\/v2\/product\/12187\/revisions\/18263"}],"wp:featuredmedia":[{"embeddable":true,"href":"https:\/\/pngate.com\/fr\/wp-json\/wp\/v2\/media\/12186"}],"wp:attachment":[{"href":"https:\/\/pngate.com\/fr\/wp-json\/wp\/v2\/media?parent=12187"}],"wp:term":[{"taxonomy":"product_brand","embeddable":true,"href":"https:\/\/pngate.com\/fr\/wp-json\/wp\/v2\/product_brand?post=12187"},{"taxonomy":"product_cat","embeddable":true,"href":"https:\/\/pngate.com\/fr\/wp-json\/wp\/v2\/product_cat?post=12187"},{"taxonomy":"product_tag","embeddable":true,"href":"https:\/\/pngate.com\/fr\/wp-json\/wp\/v2\/product_tag?post=12187"}],"curies":[{"name":"wp","href":"https:\/\/api.w.org\/{rel}","templated":true}]}}