{"id":13310,"date":"2025-06-27T12:05:57","date_gmt":"2025-06-27T09:05:57","guid":{"rendered":"https:\/\/pngate.com\/product\/kotlin-colorful-gradient-k-letter-design-free-png\/"},"modified":"2025-07-14T18:56:18","modified_gmt":"2025-07-14T15:56:18","slug":"kotlin-colorful-gradient-k-letter-design-free-png","status":"publish","type":"product","link":"https:\/\/pngate.com\/fr\/produit\/kotlin-colorful-gradient-k-letter-design-free-png\/","title":{"rendered":"Lettre K d\u00e9grad\u00e9e color\u00e9e Kotlin (PNG gratuit)"},"content":{"rendered":"","protected":false},"excerpt":{"rendered":"","protected":false},"featured_media":13309,"template":"","meta":{"om_disable_all_campaigns":false,"_monsterinsights_skip_tracking":false,"_monsterinsights_sitenote_active":false,"_monsterinsights_sitenote_note":"","_monsterinsights_sitenote_category":0,"_uf_show_specific_survey":0,"_uf_disable_surveys":false},"product_brand":[],"product_cat":[14,1811,129],"product_tag":[425,148,6728,3911,6210],"class_list":{"0":"post-13310","1":"product","2":"type-product","3":"status-publish","4":"has-post-thumbnail","6":"product_cat-icons","7":"product_cat-technology","8":"product_cat-logos","9":"product_tag-colorful","10":"product_tag-gradient","11":"product_tag-k","12":"product_tag-kotlin","13":"product_tag-letter","15":"first","16":"instock","17":"downloadable","18":"virtual","19":"purchasable","20":"product-type-simple"},"aioseo_notices":[],"_links":{"self":[{"href":"https:\/\/pngate.com\/fr\/wp-json\/wp\/v2\/product\/13310","targetHints":{"allow":["GET"]}}],"collection":[{"href":"https:\/\/pngate.com\/fr\/wp-json\/wp\/v2\/product"}],"about":[{"href":"https:\/\/pngate.com\/fr\/wp-json\/wp\/v2\/types\/product"}],"version-history":[{"count":1,"href":"https:\/\/pngate.com\/fr\/wp-json\/wp\/v2\/product\/13310\/revisions"}],"predecessor-version":[{"id":18626,"href":"https:\/\/pngate.com\/fr\/wp-json\/wp\/v2\/product\/13310\/revisions\/18626"}],"wp:featuredmedia":[{"embeddable":true,"href":"https:\/\/pngate.com\/fr\/wp-json\/wp\/v2\/media\/13309"}],"wp:attachment":[{"href":"https:\/\/pngate.com\/fr\/wp-json\/wp\/v2\/media?parent=13310"}],"wp:term":[{"taxonomy":"product_brand","embeddable":true,"href":"https:\/\/pngate.com\/fr\/wp-json\/wp\/v2\/product_brand?post=13310"},{"taxonomy":"product_cat","embeddable":true,"href":"https:\/\/pngate.com\/fr\/wp-json\/wp\/v2\/product_cat?post=13310"},{"taxonomy":"product_tag","embeddable":true,"href":"https:\/\/pngate.com\/fr\/wp-json\/wp\/v2\/product_tag?post=13310"}],"curies":[{"name":"wp","href":"https:\/\/api.w.org\/{rel}","templated":true}]}}