{"id":1435,"date":"2023-09-11T11:34:18","date_gmt":"2023-09-11T08:34:18","guid":{"rendered":"https:\/?post_type=product&#038;p=1435"},"modified":"2025-07-14T18:02:57","modified_gmt":"2025-07-14T15:02:57","slug":"facebook-blue-3d-rounded-icon","status":"publish","type":"product","link":"https:\/\/pngate.com\/fr\/produit\/facebook-bleu-3d-arrondi-icone\/","title":{"rendered":"Ic\u00f4ne arrondie d\u00e9grad\u00e9 bleu Facebook"},"content":{"rendered":"","protected":false},"excerpt":{"rendered":"","protected":false},"featured_media":1437,"template":"","meta":{"om_disable_all_campaigns":false,"_monsterinsights_skip_tracking":false,"_monsterinsights_sitenote_active":false,"_monsterinsights_sitenote_note":"","_monsterinsights_sitenote_category":0,"_uf_show_specific_survey":0,"_uf_disable_surveys":false},"product_brand":[],"product_cat":[14,126,124],"product_tag":[159,160,147,152,142,148,158,153],"class_list":{"0":"post-1435","1":"product","2":"type-product","3":"status-publish","4":"has-post-thumbnail","6":"product_cat-icons","7":"product_cat-3d-graphics","8":"product_cat-clipart","9":"product_tag-3d","10":"product_tag-3d-icon","11":"product_tag-blue","12":"product_tag-button","13":"product_tag-facebook","14":"product_tag-gradient","15":"product_tag-horizontal","16":"product_tag-white","18":"first","19":"instock","20":"downloadable","21":"virtual","22":"purchasable","23":"product-type-simple"},"aioseo_notices":[],"_links":{"self":[{"href":"https:\/\/pngate.com\/fr\/wp-json\/wp\/v2\/product\/1435","targetHints":{"allow":["GET"]}}],"collection":[{"href":"https:\/\/pngate.com\/fr\/wp-json\/wp\/v2\/product"}],"about":[{"href":"https:\/\/pngate.com\/fr\/wp-json\/wp\/v2\/types\/product"}],"version-history":[{"count":3,"href":"https:\/\/pngate.com\/fr\/wp-json\/wp\/v2\/product\/1435\/revisions"}],"predecessor-version":[{"id":15394,"href":"https:\/\/pngate.com\/fr\/wp-json\/wp\/v2\/product\/1435\/revisions\/15394"}],"wp:featuredmedia":[{"embeddable":true,"href":"https:\/\/pngate.com\/fr\/wp-json\/wp\/v2\/media\/1437"}],"wp:attachment":[{"href":"https:\/\/pngate.com\/fr\/wp-json\/wp\/v2\/media?parent=1435"}],"wp:term":[{"taxonomy":"product_brand","embeddable":true,"href":"https:\/\/pngate.com\/fr\/wp-json\/wp\/v2\/product_brand?post=1435"},{"taxonomy":"product_cat","embeddable":true,"href":"https:\/\/pngate.com\/fr\/wp-json\/wp\/v2\/product_cat?post=1435"},{"taxonomy":"product_tag","embeddable":true,"href":"https:\/\/pngate.com\/fr\/wp-json\/wp\/v2\/product_tag?post=1435"}],"curies":[{"name":"wp","href":"https:\/\/api.w.org\/{rel}","templated":true}]}}