{"id":14383,"date":"2025-06-30T02:45:19","date_gmt":"2025-06-29T23:45:19","guid":{"rendered":"https:\/\/pngate.com\/product\/google-verified-icon-blue-checkmark-badge-free-png\/"},"modified":"2025-07-14T19:01:47","modified_gmt":"2025-07-14T16:01:47","slug":"google-verified-icon-blue-checkmark-badge-free-png","status":"publish","type":"product","link":"https:\/\/pngate.com\/fr\/produit\/google-verified-icon-blue-checkmark-badge-free-png\/","title":{"rendered":"Ic\u00f4ne Google V\u00e9rifi\u00e9e Badge Coche Bleue PNG Gratuit"},"content":{"rendered":"","protected":false},"excerpt":{"rendered":"","protected":false},"featured_media":14382,"template":"","meta":{"om_disable_all_campaigns":false,"_monsterinsights_skip_tracking":false,"_monsterinsights_sitenote_active":false,"_monsterinsights_sitenote_note":"","_monsterinsights_sitenote_category":0,"_uf_show_specific_survey":0,"_uf_disable_surveys":false},"product_brand":[],"product_cat":[14,1708,129],"product_tag":[298,3481,3479,7043],"class_list":{"0":"post-14383","1":"product","2":"type-product","3":"status-publish","4":"has-post-thumbnail","6":"product_cat-icons","7":"product_cat-checkmarks","8":"product_cat-logos","9":"product_tag-badge","10":"product_tag-blue-checkmark","11":"product_tag-digital-verification","12":"product_tag-google-verified","14":"first","15":"instock","16":"downloadable","17":"virtual","18":"purchasable","19":"product-type-simple"},"aioseo_notices":[],"_links":{"self":[{"href":"https:\/\/pngate.com\/fr\/wp-json\/wp\/v2\/product\/14383","targetHints":{"allow":["GET"]}}],"collection":[{"href":"https:\/\/pngate.com\/fr\/wp-json\/wp\/v2\/product"}],"about":[{"href":"https:\/\/pngate.com\/fr\/wp-json\/wp\/v2\/types\/product"}],"version-history":[{"count":1,"href":"https:\/\/pngate.com\/fr\/wp-json\/wp\/v2\/product\/14383\/revisions"}],"predecessor-version":[{"id":18983,"href":"https:\/\/pngate.com\/fr\/wp-json\/wp\/v2\/product\/14383\/revisions\/18983"}],"wp:featuredmedia":[{"embeddable":true,"href":"https:\/\/pngate.com\/fr\/wp-json\/wp\/v2\/media\/14382"}],"wp:attachment":[{"href":"https:\/\/pngate.com\/fr\/wp-json\/wp\/v2\/media?parent=14383"}],"wp:term":[{"taxonomy":"product_brand","embeddable":true,"href":"https:\/\/pngate.com\/fr\/wp-json\/wp\/v2\/product_brand?post=14383"},{"taxonomy":"product_cat","embeddable":true,"href":"https:\/\/pngate.com\/fr\/wp-json\/wp\/v2\/product_cat?post=14383"},{"taxonomy":"product_tag","embeddable":true,"href":"https:\/\/pngate.com\/fr\/wp-json\/wp\/v2\/product_tag?post=14383"}],"curies":[{"name":"wp","href":"https:\/\/api.w.org\/{rel}","templated":true}]}}