{"id":14713,"date":"2025-07-01T13:06:24","date_gmt":"2025-07-01T10:06:24","guid":{"rendered":"https:\/\/pngate.com\/product\/european-union-round-flag-icon-with-blue-yellow-stars-free-png\/"},"modified":"2025-07-14T19:03:29","modified_gmt":"2025-07-14T16:03:29","slug":"european-union-round-flag-icon-with-blue-yellow-stars-free-png","status":"publish","type":"product","link":"https:\/\/pngate.com\/fr\/produit\/european-union-round-flag-icon-with-blue-yellow-stars-free-png\/","title":{"rendered":"Ic\u00f4ne ronde du drapeau de l&#039;Union europ\u00e9enne avec \u00e9toiles bleues et jaunes (PNG gratuit)"},"content":{"rendered":"","protected":false},"excerpt":{"rendered":"","protected":false},"featured_media":14712,"template":"","meta":{"om_disable_all_campaigns":false,"_monsterinsights_skip_tracking":false,"_monsterinsights_sitenote_active":false,"_monsterinsights_sitenote_note":"","_monsterinsights_sitenote_category":0,"_uf_show_specific_survey":0,"_uf_disable_surveys":false},"product_brand":[],"product_cat":[14,1724,1386],"product_tag":[6860,6762,7151,7150,221],"class_list":{"0":"post-14713","1":"product","2":"type-product","3":"status-publish","4":"has-post-thumbnail","6":"product_cat-icons","7":"product_cat-flags","8":"product_cat-politics","9":"product_tag-blue-yellow-stars","10":"product_tag-circle-emblem","11":"product_tag-eu-symbol","12":"product_tag-european-union","13":"product_tag-flag","15":"first","16":"instock","17":"downloadable","18":"virtual","19":"purchasable","20":"product-type-simple"},"aioseo_notices":[],"_links":{"self":[{"href":"https:\/\/pngate.com\/fr\/wp-json\/wp\/v2\/product\/14713","targetHints":{"allow":["GET"]}}],"collection":[{"href":"https:\/\/pngate.com\/fr\/wp-json\/wp\/v2\/product"}],"about":[{"href":"https:\/\/pngate.com\/fr\/wp-json\/wp\/v2\/types\/product"}],"version-history":[{"count":1,"href":"https:\/\/pngate.com\/fr\/wp-json\/wp\/v2\/product\/14713\/revisions"}],"predecessor-version":[{"id":19093,"href":"https:\/\/pngate.com\/fr\/wp-json\/wp\/v2\/product\/14713\/revisions\/19093"}],"wp:featuredmedia":[{"embeddable":true,"href":"https:\/\/pngate.com\/fr\/wp-json\/wp\/v2\/media\/14712"}],"wp:attachment":[{"href":"https:\/\/pngate.com\/fr\/wp-json\/wp\/v2\/media?parent=14713"}],"wp:term":[{"taxonomy":"product_brand","embeddable":true,"href":"https:\/\/pngate.com\/fr\/wp-json\/wp\/v2\/product_brand?post=14713"},{"taxonomy":"product_cat","embeddable":true,"href":"https:\/\/pngate.com\/fr\/wp-json\/wp\/v2\/product_cat?post=14713"},{"taxonomy":"product_tag","embeddable":true,"href":"https:\/\/pngate.com\/fr\/wp-json\/wp\/v2\/product_tag?post=14713"}],"curies":[{"name":"wp","href":"https:\/\/api.w.org\/{rel}","templated":true}]}}