{"id":14881,"date":"2025-07-09T16:41:53","date_gmt":"2025-07-09T13:41:53","guid":{"rendered":"https:\/\/pngate.com\/product\/cosmos-crypto-coin-monochrome-black-geometric-free-png\/"},"modified":"2025-07-14T19:04:12","modified_gmt":"2025-07-14T16:04:12","slug":"cosmos-crypto-coin-monochrome-black-geometric-free-png","status":"publish","type":"product","link":"https:\/\/pngate.com\/fr\/produit\/cosmos-crypto-coin-monochrome-black-geometric-free-png\/","title":{"rendered":"Pi\u00e8ce de crypto-monnaie Cosmos monochrome noire g\u00e9om\u00e9trique PNG gratuit"},"content":{"rendered":"","protected":false},"excerpt":{"rendered":"","protected":false},"featured_media":14880,"template":"","meta":{"om_disable_all_campaigns":false,"_monsterinsights_skip_tracking":false,"_monsterinsights_sitenote_active":false,"_monsterinsights_sitenote_note":"","_monsterinsights_sitenote_category":0,"_uf_show_specific_survey":0,"_uf_disable_surveys":false},"product_brand":[],"product_cat":[14,1732,129],"product_tag":[141,418,7190,1868,183,1578],"class_list":{"0":"post-14881","1":"product","2":"type-product","3":"status-publish","4":"has-post-thumbnail","6":"product_cat-icons","7":"product_cat-geometric-shapes","8":"product_cat-logos","9":"product_tag-black","10":"product_tag-coin","11":"product_tag-cosmos","12":"product_tag-crypto","13":"product_tag-geometric","14":"product_tag-symbols","16":"first","17":"instock","18":"downloadable","19":"virtual","20":"purchasable","21":"product-type-simple"},"aioseo_notices":[],"_links":{"self":[{"href":"https:\/\/pngate.com\/fr\/wp-json\/wp\/v2\/product\/14881","targetHints":{"allow":["GET"]}}],"collection":[{"href":"https:\/\/pngate.com\/fr\/wp-json\/wp\/v2\/product"}],"about":[{"href":"https:\/\/pngate.com\/fr\/wp-json\/wp\/v2\/types\/product"}],"version-history":[{"count":1,"href":"https:\/\/pngate.com\/fr\/wp-json\/wp\/v2\/product\/14881\/revisions"}],"predecessor-version":[{"id":19147,"href":"https:\/\/pngate.com\/fr\/wp-json\/wp\/v2\/product\/14881\/revisions\/19147"}],"wp:featuredmedia":[{"embeddable":true,"href":"https:\/\/pngate.com\/fr\/wp-json\/wp\/v2\/media\/14880"}],"wp:attachment":[{"href":"https:\/\/pngate.com\/fr\/wp-json\/wp\/v2\/media?parent=14881"}],"wp:term":[{"taxonomy":"product_brand","embeddable":true,"href":"https:\/\/pngate.com\/fr\/wp-json\/wp\/v2\/product_brand?post=14881"},{"taxonomy":"product_cat","embeddable":true,"href":"https:\/\/pngate.com\/fr\/wp-json\/wp\/v2\/product_cat?post=14881"},{"taxonomy":"product_tag","embeddable":true,"href":"https:\/\/pngate.com\/fr\/wp-json\/wp\/v2\/product_tag?post=14881"}],"curies":[{"name":"wp","href":"https:\/\/api.w.org\/{rel}","templated":true}]}}