{"id":1714,"date":"2023-09-11T22:13:06","date_gmt":"2023-09-11T19:13:06","guid":{"rendered":"https:\/?post_type=product&#038;p=1714"},"modified":"2025-07-14T18:04:05","modified_gmt":"2025-07-14T15:04:05","slug":"cute-baby-panda-face-icon","status":"publish","type":"product","link":"https:\/\/pngate.com\/fr\/produit\/icone-visage-de-bebe-panda-mignon\/","title":{"rendered":"Ic\u00f4ne de visage mignon b\u00e9b\u00e9 panda"},"content":{"rendered":"","protected":false},"excerpt":{"rendered":"","protected":false},"featured_media":1716,"template":"","meta":{"om_disable_all_campaigns":false,"_monsterinsights_skip_tracking":false,"_monsterinsights_sitenote_active":false,"_monsterinsights_sitenote_note":"","_monsterinsights_sitenote_category":0,"_uf_show_specific_survey":0,"_uf_disable_surveys":false},"product_brand":[],"product_cat":[123,124],"product_tag":[201,200,207,202],"class_list":{"0":"post-1714","1":"product","2":"type-product","3":"status-publish","4":"has-post-thumbnail","6":"product_cat-animals","7":"product_cat-clipart","8":"product_tag-baby","9":"product_tag-cute","10":"product_tag-face","11":"product_tag-panda","13":"first","14":"instock","15":"downloadable","16":"virtual","17":"purchasable","18":"product-type-simple"},"aioseo_notices":[],"_links":{"self":[{"href":"https:\/\/pngate.com\/fr\/wp-json\/wp\/v2\/product\/1714","targetHints":{"allow":["GET"]}}],"collection":[{"href":"https:\/\/pngate.com\/fr\/wp-json\/wp\/v2\/product"}],"about":[{"href":"https:\/\/pngate.com\/fr\/wp-json\/wp\/v2\/types\/product"}],"version-history":[{"count":2,"href":"https:\/\/pngate.com\/fr\/wp-json\/wp\/v2\/product\/1714\/revisions"}],"predecessor-version":[{"id":15461,"href":"https:\/\/pngate.com\/fr\/wp-json\/wp\/v2\/product\/1714\/revisions\/15461"}],"wp:featuredmedia":[{"embeddable":true,"href":"https:\/\/pngate.com\/fr\/wp-json\/wp\/v2\/media\/1716"}],"wp:attachment":[{"href":"https:\/\/pngate.com\/fr\/wp-json\/wp\/v2\/media?parent=1714"}],"wp:term":[{"taxonomy":"product_brand","embeddable":true,"href":"https:\/\/pngate.com\/fr\/wp-json\/wp\/v2\/product_brand?post=1714"},{"taxonomy":"product_cat","embeddable":true,"href":"https:\/\/pngate.com\/fr\/wp-json\/wp\/v2\/product_cat?post=1714"},{"taxonomy":"product_tag","embeddable":true,"href":"https:\/\/pngate.com\/fr\/wp-json\/wp\/v2\/product_tag?post=1714"}],"curies":[{"name":"wp","href":"https:\/\/api.w.org\/{rel}","templated":true}]}}