{"id":19256,"date":"2025-07-21T15:32:30","date_gmt":"2025-07-21T12:32:30","guid":{"rendered":"https:\/\/pngate.com\/product\/nossa-senhora-das-gracas-blue-robe-halo-roses-religious-art-free-png\/"},"modified":"2025-07-21T15:32:30","modified_gmt":"2025-07-21T12:32:30","slug":"nossa-senhora-das-gracas-blue-robe-halo-roses-religious-art-free-png","status":"publish","type":"product","link":"https:\/\/pngate.com\/fr\/produit\/nossa-senhora-das-gracas-blue-robe-halo-roses-religious-art-free-png\/","title":{"rendered":"Nossa Senhora das Gra\u00e7as Robe Bleue Halo Roses Art Religieux PNG gratuit"},"content":{"rendered":"<p>Cette repr\u00e9sentation de Nossa Senhora das Gra\u00e7as capture la beaut\u00e9 sereine et la gr\u00e2ce de la Vierge Marie, v\u00eatue d&#039;une robe bleue fluide aur\u00e9ol\u00e9e de roses. Son expression douce et ses bras ouverts expriment chaleur et acceptation, ce qui en fait une \u0153uvre d&#039;art pleine de sens, id\u00e9ale pour la r\u00e9flexion spirituelle ou la d\u00e9coration. L&#039;image, r\u00e9alis\u00e9e en haute qualit\u00e9 sur fond transparent au format PNG, est id\u00e9ale pour diverses utilisations cr\u00e9atives.<\/p>","protected":false},"excerpt":{"rendered":"<p>This depiction of Nossa Senhora das Gra\u00e7as captures the serene beauty and grace of the Virgin Mary, adorned in a flowing blue robe with a halo<span class=\"excerpt-hellip\"> [\u2026]<\/span><\/p>","protected":false},"featured_media":19255,"template":"","meta":{"om_disable_all_campaigns":false,"_monsterinsights_skip_tracking":false,"_monsterinsights_sitenote_active":false,"_monsterinsights_sitenote_note":"","_monsterinsights_sitenote_category":0,"_uf_show_specific_survey":0,"_uf_disable_surveys":false},"product_brand":[],"product_cat":[3211],"product_tag":[385,7260,7262,1202,7261,1850,2215],"class_list":{"0":"post-19256","1":"product","2":"type-product","3":"status-publish","4":"has-post-thumbnail","6":"product_cat-religious","7":"product_tag-art","8":"product_tag-catholic","9":"product_tag-grace","10":"product_tag-halo","11":"product_tag-mary","12":"product_tag-religious","13":"product_tag-roses","15":"first","16":"instock","17":"downloadable","18":"virtual","19":"purchasable","20":"product-type-simple"},"aioseo_notices":[],"_links":{"self":[{"href":"https:\/\/pngate.com\/fr\/wp-json\/wp\/v2\/product\/19256","targetHints":{"allow":["GET"]}}],"collection":[{"href":"https:\/\/pngate.com\/fr\/wp-json\/wp\/v2\/product"}],"about":[{"href":"https:\/\/pngate.com\/fr\/wp-json\/wp\/v2\/types\/product"}],"version-history":[{"count":0,"href":"https:\/\/pngate.com\/fr\/wp-json\/wp\/v2\/product\/19256\/revisions"}],"wp:featuredmedia":[{"embeddable":true,"href":"https:\/\/pngate.com\/fr\/wp-json\/wp\/v2\/media\/19255"}],"wp:attachment":[{"href":"https:\/\/pngate.com\/fr\/wp-json\/wp\/v2\/media?parent=19256"}],"wp:term":[{"taxonomy":"product_brand","embeddable":true,"href":"https:\/\/pngate.com\/fr\/wp-json\/wp\/v2\/product_brand?post=19256"},{"taxonomy":"product_cat","embeddable":true,"href":"https:\/\/pngate.com\/fr\/wp-json\/wp\/v2\/product_cat?post=19256"},{"taxonomy":"product_tag","embeddable":true,"href":"https:\/\/pngate.com\/fr\/wp-json\/wp\/v2\/product_tag?post=19256"}],"curies":[{"name":"wp","href":"https:\/\/api.w.org\/{rel}","templated":true}]}}