{"id":19259,"date":"2025-07-21T15:34:19","date_gmt":"2025-07-21T12:34:19","guid":{"rendered":"https:\/\/pngate.com\/product\/the-monsters-labubu-coca-cola-series-white-furry-toy-holiday-edition-free-png\/"},"modified":"2025-07-21T15:34:19","modified_gmt":"2025-07-21T12:34:19","slug":"the-monsters-labubu-coca-cola-series-white-furry-toy-holiday-edition-free-png","status":"publish","type":"product","link":"https:\/\/pngate.com\/fr\/produit\/the-monsters-labubu-coca-cola-series-white-furry-toy-holiday-edition-free-png\/","title":{"rendered":"Les Monstres Labubu S\u00e9rie Coca-Cola Peluche Blanche \u00c9dition Vacances PNG Gratuit"},"content":{"rendered":"<p>Cet adorable doudou blanc en peluche incarne l&#039;esprit des f\u00eates avec son design charmant et son allure enjou\u00e9e. V\u00eatu d&#039;une tenue festive, il tient une bouteille de Coca-Cola classique, un ajout charmant \u00e0 votre d\u00e9coration ou \u00e0 offrir. L&#039;image de haute qualit\u00e9 sur fond transparent permet une utilisation polyvalente pour divers projets cr\u00e9atifs. Parfait pour les collectionneurs ou pour tous ceux qui recherchent une touche de fantaisie.<\/p>","protected":false},"excerpt":{"rendered":"<p>Cet adorable doudou blanc incarne l&#039;esprit des f\u00eates avec son design charmant et son air enjou\u00e9. V\u00eatu d&#039;une tenue festive, il tient un Coca-Cola classique.<span class=\"excerpt-hellip\"> [\u2026]<\/span><\/p>","protected":false},"featured_media":19258,"template":"","meta":{"om_disable_all_campaigns":false,"_monsterinsights_skip_tracking":false,"_monsterinsights_sitenote_active":false,"_monsterinsights_sitenote_note":"","_monsterinsights_sitenote_category":0,"_uf_show_specific_survey":0,"_uf_disable_surveys":false},"product_brand":[],"product_cat":[798,1709,128,1435],"product_tag":[386,1583,7265,7263,5568,1157,7264],"class_list":{"0":"post-19259","1":"product","2":"type-product","3":"status-publish","4":"has-post-thumbnail","6":"product_cat-cartoon-anime","7":"product_cat-christmas","8":"product_cat-holidays","9":"product_cat-toys","10":"product_tag-character","11":"product_tag-coca-cola","12":"product_tag-cute-toy","13":"product_tag-holiday-edition","14":"product_tag-labubu","15":"product_tag-plush","16":"product_tag-white-furry-toy","18":"first","19":"instock","20":"downloadable","21":"virtual","22":"purchasable","23":"product-type-simple"},"aioseo_notices":[],"_links":{"self":[{"href":"https:\/\/pngate.com\/fr\/wp-json\/wp\/v2\/product\/19259","targetHints":{"allow":["GET"]}}],"collection":[{"href":"https:\/\/pngate.com\/fr\/wp-json\/wp\/v2\/product"}],"about":[{"href":"https:\/\/pngate.com\/fr\/wp-json\/wp\/v2\/types\/product"}],"version-history":[{"count":0,"href":"https:\/\/pngate.com\/fr\/wp-json\/wp\/v2\/product\/19259\/revisions"}],"wp:featuredmedia":[{"embeddable":true,"href":"https:\/\/pngate.com\/fr\/wp-json\/wp\/v2\/media\/19258"}],"wp:attachment":[{"href":"https:\/\/pngate.com\/fr\/wp-json\/wp\/v2\/media?parent=19259"}],"wp:term":[{"taxonomy":"product_brand","embeddable":true,"href":"https:\/\/pngate.com\/fr\/wp-json\/wp\/v2\/product_brand?post=19259"},{"taxonomy":"product_cat","embeddable":true,"href":"https:\/\/pngate.com\/fr\/wp-json\/wp\/v2\/product_cat?post=19259"},{"taxonomy":"product_tag","embeddable":true,"href":"https:\/\/pngate.com\/fr\/wp-json\/wp\/v2\/product_tag?post=19259"}],"curies":[{"name":"wp","href":"https:\/\/api.w.org\/{rel}","templated":true}]}}