{"id":19266,"date":"2025-07-21T16:03:17","date_gmt":"2025-07-21T13:03:17","guid":{"rendered":"https:\/\/pngate.com\/product\/teen-titans-go-robin-hero-with-pattern-colorful-cartoon-character-free-png\/"},"modified":"2025-07-21T16:12:41","modified_gmt":"2025-07-21T13:12:41","slug":"teen-titans-go-robin-hero-with-pattern-colorful-cartoon-character-free-png","status":"publish","type":"product","link":"https:\/\/pngate.com\/fr\/produit\/teen-titans-go-robin-hero-with-pattern-colorful-cartoon-character-free-png\/","title":{"rendered":"Personnage de dessin anim\u00e9 color\u00e9 de Teen Titans Go Robin avec motif PNG gratuit"},"content":{"rendered":"<p>Ce PNG \u00e9clatant met en sc\u00e8ne Robin, le personnage embl\u00e9matique de Teen Titans Go. V\u00eatu d&#039;un costume vert et rouge saisissant, il se tient fermement et avec assurance, incarnant l&#039;h\u00e9ro\u00efsme et l&#039;humour. Les motifs ludiques en arri\u00e8re-plan ajoutent une touche de cr\u00e9ativit\u00e9 suppl\u00e9mentaire, rendant cette image parfaite pour les fans de la s\u00e9rie. Le fond transparent permet une int\u00e9gration transparente dans divers projets.<\/p>","protected":false},"excerpt":{"rendered":"<p>This vibrant PNG features Robin, the iconic character from Teen Titans Go. With a striking green and red costume, he stands firmly with an air of<span class=\"excerpt-hellip\"> [\u2026]<\/span><\/p>","protected":false},"featured_media":19265,"template":"","meta":{"om_disable_all_campaigns":false,"_monsterinsights_skip_tracking":false,"_monsterinsights_sitenote_active":false,"_monsterinsights_sitenote_note":"","_monsterinsights_sitenote_category":0,"_uf_show_specific_survey":0,"_uf_disable_surveys":false},"product_brand":[],"product_cat":[798,1940,135,14],"product_tag":[601,1428,2469,1385,5063,245,5062],"class_list":{"0":"post-19266","1":"product","2":"type-product","3":"status-publish","4":"has-post-thumbnail","6":"product_cat-cartoon-anime","7":"product_cat-characters","8":"product_cat-gaming","9":"product_cat-icons","10":"product_tag-animation","11":"product_tag-cartoon-character","12":"product_tag-colorful-design","13":"product_tag-hero","14":"product_tag-robin","15":"product_tag-superhero","16":"product_tag-teen-titans","18":"first","19":"instock","20":"downloadable","21":"virtual","22":"purchasable","23":"product-type-simple"},"aioseo_notices":[],"_links":{"self":[{"href":"https:\/\/pngate.com\/fr\/wp-json\/wp\/v2\/product\/19266","targetHints":{"allow":["GET"]}}],"collection":[{"href":"https:\/\/pngate.com\/fr\/wp-json\/wp\/v2\/product"}],"about":[{"href":"https:\/\/pngate.com\/fr\/wp-json\/wp\/v2\/types\/product"}],"version-history":[{"count":3,"href":"https:\/\/pngate.com\/fr\/wp-json\/wp\/v2\/product\/19266\/revisions"}],"predecessor-version":[{"id":19270,"href":"https:\/\/pngate.com\/fr\/wp-json\/wp\/v2\/product\/19266\/revisions\/19270"}],"wp:featuredmedia":[{"embeddable":true,"href":"https:\/\/pngate.com\/fr\/wp-json\/wp\/v2\/media\/19265"}],"wp:attachment":[{"href":"https:\/\/pngate.com\/fr\/wp-json\/wp\/v2\/media?parent=19266"}],"wp:term":[{"taxonomy":"product_brand","embeddable":true,"href":"https:\/\/pngate.com\/fr\/wp-json\/wp\/v2\/product_brand?post=19266"},{"taxonomy":"product_cat","embeddable":true,"href":"https:\/\/pngate.com\/fr\/wp-json\/wp\/v2\/product_cat?post=19266"},{"taxonomy":"product_tag","embeddable":true,"href":"https:\/\/pngate.com\/fr\/wp-json\/wp\/v2\/product_tag?post=19266"}],"curies":[{"name":"wp","href":"https:\/\/api.w.org\/{rel}","templated":true}]}}