{"id":19287,"date":"2025-07-21T17:24:44","date_gmt":"2025-07-21T14:24:44","guid":{"rendered":"https:\/\/pngate.com\/product\/hiccup-horrendous-haddock-how-to-train-your-dragon-toothless-free-png\/"},"modified":"2025-07-21T17:24:44","modified_gmt":"2025-07-21T14:24:44","slug":"hiccup-horrendous-haddock-how-to-train-your-dragon-toothless-free-png","status":"publish","type":"product","link":"https:\/\/pngate.com\/fr\/produit\/hiccup-horrendous-haddock-how-to-train-your-dragon-toothless-free-png\/","title":{"rendered":"Hoquet, Haddock horrible, Comment dresser votre dragon Krokmou PNG gratuit"},"content":{"rendered":"<p>Cette image captivante met en sc\u00e8ne Krokmou, le c\u00e9l\u00e8bre dragon Furie Nocturne de la s\u00e9rie \u00ab\u00a0Dragons\u00a0\u00bb. Avec sa teinte bleue \u00e9clatante et sa pose dynamique, le personnage incarne \u00e0 la fois la malice et la loyaut\u00e9. Id\u00e9ale pour les fans de la franchise, cette image PNG de haute qualit\u00e9 poss\u00e8de un fond transparent, ce qui la rend id\u00e9ale pour int\u00e9grer divers projets ou cr\u00e9er des collages uniques sans retouches.<\/p>","protected":false},"excerpt":{"rendered":"<p>This captivating image features Toothless, the beloved Night Fury dragon from the &#8220;How to Train Your Dragon&#8221; series. With its striking blue hue and dynamic pose,<span class=\"excerpt-hellip\"> [\u2026]<\/span><\/p>","protected":false},"featured_media":19286,"template":"","meta":{"om_disable_all_campaigns":false,"_monsterinsights_skip_tracking":false,"_monsterinsights_sitenote_active":false,"_monsterinsights_sitenote_note":"","_monsterinsights_sitenote_category":0,"_uf_show_specific_survey":0,"_uf_disable_surveys":false},"product_brand":[],"product_cat":[798,136,135],"product_tag":[7289,1428,7287,5374,5373,7288],"class_list":{"0":"post-19287","1":"product","2":"type-product","3":"status-publish","4":"has-post-thumbnail","6":"product_cat-cartoon-anime","7":"product_cat-fantasy","8":"product_cat-gaming","9":"product_tag-blue-dragon","10":"product_tag-cartoon-character","11":"product_tag-hiccup-horrendous-haddock","12":"product_tag-how-to-train-your-dragon","13":"product_tag-night-fury","14":"product_tag-toothless","16":"first","17":"instock","18":"downloadable","19":"virtual","20":"purchasable","21":"product-type-simple"},"aioseo_notices":[],"_links":{"self":[{"href":"https:\/\/pngate.com\/fr\/wp-json\/wp\/v2\/product\/19287","targetHints":{"allow":["GET"]}}],"collection":[{"href":"https:\/\/pngate.com\/fr\/wp-json\/wp\/v2\/product"}],"about":[{"href":"https:\/\/pngate.com\/fr\/wp-json\/wp\/v2\/types\/product"}],"version-history":[{"count":0,"href":"https:\/\/pngate.com\/fr\/wp-json\/wp\/v2\/product\/19287\/revisions"}],"wp:featuredmedia":[{"embeddable":true,"href":"https:\/\/pngate.com\/fr\/wp-json\/wp\/v2\/media\/19286"}],"wp:attachment":[{"href":"https:\/\/pngate.com\/fr\/wp-json\/wp\/v2\/media?parent=19287"}],"wp:term":[{"taxonomy":"product_brand","embeddable":true,"href":"https:\/\/pngate.com\/fr\/wp-json\/wp\/v2\/product_brand?post=19287"},{"taxonomy":"product_cat","embeddable":true,"href":"https:\/\/pngate.com\/fr\/wp-json\/wp\/v2\/product_cat?post=19287"},{"taxonomy":"product_tag","embeddable":true,"href":"https:\/\/pngate.com\/fr\/wp-json\/wp\/v2\/product_tag?post=19287"}],"curies":[{"name":"wp","href":"https:\/\/api.w.org\/{rel}","templated":true}]}}