{"id":19299,"date":"2025-07-21T18:48:44","date_gmt":"2025-07-21T15:48:44","guid":{"rendered":"https:\/\/pngate.com\/product\/hiccup-and-astrid-in-how-to-train-your-dragon-animated-characters-free-png\/"},"modified":"2025-07-21T18:48:44","modified_gmt":"2025-07-21T15:48:44","slug":"hiccup-and-astrid-in-how-to-train-your-dragon-animated-characters-free-png","status":"publish","type":"product","link":"https:\/\/pngate.com\/fr\/produit\/hiccup-and-astrid-in-how-to-train-your-dragon-animated-characters-free-png\/","title":{"rendered":"Harold et Astrid dans Dragons\u00a0: personnages anim\u00e9s (PNG gratuit)"},"content":{"rendered":"<p>Cette charmante image met en sc\u00e8ne Harold et Astrid de \u00ab\u00a0Dragons\u00a0\u00bb, tous deux v\u00eatus d&#039;armures aux d\u00e9tails complexes, d\u00e9gageant courage et amiti\u00e9. Leurs sourires chaleureux refl\u00e8tent leur esprit d&#039;aventure, ce qui en fait un mod\u00e8le id\u00e9al pour divers projets, de la narration au mat\u00e9riel p\u00e9dagogique. Disponible en haute qualit\u00e9 avec un fond transparent, elle s&#039;adapte \u00e0 toutes les utilisations num\u00e9riques.<\/p>","protected":false},"excerpt":{"rendered":"<p>This charming image features Hiccup and Astrid from &#8220;How to Train Your Dragon,&#8221; both clad in intricately detailed armor, radiating a sense of bravery and friendship.<span class=\"excerpt-hellip\"> [\u2026]<\/span><\/p>","protected":false},"featured_media":19298,"template":"","meta":{"om_disable_all_campaigns":false,"_monsterinsights_skip_tracking":false,"_monsterinsights_sitenote_active":false,"_monsterinsights_sitenote_note":"","_monsterinsights_sitenote_category":0,"_uf_show_specific_survey":0,"_uf_disable_surveys":false},"product_brand":[],"product_cat":[798,136,125],"product_tag":[5271,7295,7294,803,5406,5374,106,208],"class_list":{"0":"post-19299","1":"product","2":"type-product","3":"status-publish","4":"has-post-thumbnail","6":"product_cat-cartoon-anime","7":"product_cat-fantasy","8":"product_cat-people","9":"product_tag-animated-characters","10":"product_tag-armor-detail","11":"product_tag-astrid","12":"product_tag-fantasy","13":"product_tag-hiccup","14":"product_tag-how-to-train-your-dragon","15":"product_tag-kids","16":"product_tag-smiling","18":"first","19":"instock","20":"downloadable","21":"virtual","22":"purchasable","23":"product-type-simple"},"aioseo_notices":[],"_links":{"self":[{"href":"https:\/\/pngate.com\/fr\/wp-json\/wp\/v2\/product\/19299","targetHints":{"allow":["GET"]}}],"collection":[{"href":"https:\/\/pngate.com\/fr\/wp-json\/wp\/v2\/product"}],"about":[{"href":"https:\/\/pngate.com\/fr\/wp-json\/wp\/v2\/types\/product"}],"version-history":[{"count":0,"href":"https:\/\/pngate.com\/fr\/wp-json\/wp\/v2\/product\/19299\/revisions"}],"wp:featuredmedia":[{"embeddable":true,"href":"https:\/\/pngate.com\/fr\/wp-json\/wp\/v2\/media\/19298"}],"wp:attachment":[{"href":"https:\/\/pngate.com\/fr\/wp-json\/wp\/v2\/media?parent=19299"}],"wp:term":[{"taxonomy":"product_brand","embeddable":true,"href":"https:\/\/pngate.com\/fr\/wp-json\/wp\/v2\/product_brand?post=19299"},{"taxonomy":"product_cat","embeddable":true,"href":"https:\/\/pngate.com\/fr\/wp-json\/wp\/v2\/product_cat?post=19299"},{"taxonomy":"product_tag","embeddable":true,"href":"https:\/\/pngate.com\/fr\/wp-json\/wp\/v2\/product_tag?post=19299"}],"curies":[{"name":"wp","href":"https:\/\/api.w.org\/{rel}","templated":true}]}}