{"id":19308,"date":"2025-07-21T19:51:44","date_gmt":"2025-07-21T16:51:44","guid":{"rendered":"https:\/\/pngate.com\/product\/hiccup-how-to-train-your-dragon-character-animated-warrior-costume-free-png\/"},"modified":"2025-07-21T19:51:44","modified_gmt":"2025-07-21T16:51:44","slug":"hiccup-how-to-train-your-dragon-character-animated-warrior-costume-free-png","status":"publish","type":"product","link":"https:\/\/pngate.com\/fr\/produit\/hiccup-how-to-train-your-dragon-character-animated-warrior-costume-free-png\/","title":{"rendered":"Costume de guerrier anim\u00e9 du personnage de Hiccup, Dragons, PNG gratuit"},"content":{"rendered":"<p>Ce fichier PNG de haute qualit\u00e9 pr\u00e9sente Harold de Dragons, v\u00eatu d&#039;une armure anim\u00e9e et d\u00e9taill\u00e9e refl\u00e9tant son esprit h\u00e9ro\u00efque. Son fond transparent facilite son int\u00e9gration dans divers projets, qu&#039;il s&#039;agisse d&#039;invitations th\u00e9matiques, d&#039;illustrations ou de supports p\u00e9dagogiques. Le design complexe de l&#039;armure \u00e9voque le parcours de Harold en tant que guerrier et leader, ajoutant une touche d&#039;aventure \u00e0 toute cr\u00e9ation.<\/p>","protected":false},"excerpt":{"rendered":"<p>This high-quality PNG showcases Hiccup from How to Train Your Dragon, dressed in detailed animated armor that reflects his heroic spirit. The transparent background makes it<span class=\"excerpt-hellip\"> [\u2026]<\/span><\/p>","protected":false},"featured_media":19307,"template":"","meta":{"om_disable_all_campaigns":false,"_monsterinsights_skip_tracking":false,"_monsterinsights_sitenote_active":false,"_monsterinsights_sitenote_note":"","_monsterinsights_sitenote_category":0,"_uf_show_specific_survey":0,"_uf_disable_surveys":false},"product_brand":[],"product_cat":[798,136,135],"product_tag":[7300,895,386,1569,5406,5374],"class_list":{"0":"post-19308","1":"product","2":"type-product","3":"status-publish","4":"has-post-thumbnail","6":"product_cat-cartoon-anime","7":"product_cat-fantasy","8":"product_cat-gaming","9":"product_tag-animated-warrior","10":"product_tag-armor","11":"product_tag-character","12":"product_tag-costume","13":"product_tag-hiccup","14":"product_tag-how-to-train-your-dragon","16":"first","17":"instock","18":"downloadable","19":"virtual","20":"purchasable","21":"product-type-simple"},"aioseo_notices":[],"_links":{"self":[{"href":"https:\/\/pngate.com\/fr\/wp-json\/wp\/v2\/product\/19308","targetHints":{"allow":["GET"]}}],"collection":[{"href":"https:\/\/pngate.com\/fr\/wp-json\/wp\/v2\/product"}],"about":[{"href":"https:\/\/pngate.com\/fr\/wp-json\/wp\/v2\/types\/product"}],"version-history":[{"count":0,"href":"https:\/\/pngate.com\/fr\/wp-json\/wp\/v2\/product\/19308\/revisions"}],"wp:featuredmedia":[{"embeddable":true,"href":"https:\/\/pngate.com\/fr\/wp-json\/wp\/v2\/media\/19307"}],"wp:attachment":[{"href":"https:\/\/pngate.com\/fr\/wp-json\/wp\/v2\/media?parent=19308"}],"wp:term":[{"taxonomy":"product_brand","embeddable":true,"href":"https:\/\/pngate.com\/fr\/wp-json\/wp\/v2\/product_brand?post=19308"},{"taxonomy":"product_cat","embeddable":true,"href":"https:\/\/pngate.com\/fr\/wp-json\/wp\/v2\/product_cat?post=19308"},{"taxonomy":"product_tag","embeddable":true,"href":"https:\/\/pngate.com\/fr\/wp-json\/wp\/v2\/product_tag?post=19308"}],"curies":[{"name":"wp","href":"https:\/\/api.w.org\/{rel}","templated":true}]}}