{"id":19318,"date":"2025-07-21T21:15:45","date_gmt":"2025-07-21T18:15:45","guid":{"rendered":"https:\/\/pngate.com\/product\/juneteenth-three-colored-hearts-freedom-day-celebration-free-png\/"},"modified":"2025-07-21T21:15:45","modified_gmt":"2025-07-21T18:15:45","slug":"juneteenth-three-colored-hearts-freedom-day-celebration-free-png","status":"publish","type":"product","link":"https:\/\/pngate.com\/fr\/produit\/juneteenth-three-colored-hearts-freedom-day-celebration-free-png\/","title":{"rendered":"C\u00e9l\u00e9bration de la Journ\u00e9e de la libert\u00e9 avec trois c\u0153urs color\u00e9s le 19 juin (PNG gratuit)"},"content":{"rendered":"<p>This vibrant PNG showcases three hearts in the colors of the Pan-African flag, symbolizing unity and freedom. The rich brown heart represents the African American community, while the green and red hearts reflect hope and resilience. Perfect for celebrating Juneteenth, this design adds a meaningful and colorful touch to your projects. The image features a transparent background, making it versatile for various applications.<\/p>","protected":false},"excerpt":{"rendered":"<p>This vibrant PNG showcases three hearts in the colors of the Pan-African flag, symbolizing unity and freedom. The rich brown heart represents the African American community,<span class=\"excerpt-hellip\"> [\u2026]<\/span><\/p>","protected":false},"featured_media":19317,"template":"","meta":{"om_disable_all_campaigns":false,"_monsterinsights_skip_tracking":false,"_monsterinsights_sitenote_active":false,"_monsterinsights_sitenote_note":"","_monsterinsights_sitenote_category":0,"_uf_show_specific_survey":0,"_uf_disable_surveys":false},"product_brand":[],"product_cat":[124,1739,128],"product_tag":[385,1239,1278,7309,176,2893,7301],"class_list":{"0":"post-19318","1":"product","2":"type-product","3":"status-publish","4":"has-post-thumbnail","6":"product_cat-clipart","7":"product_cat-hearts","8":"product_cat-holidays","9":"product_tag-art","10":"product_tag-celebration","11":"product_tag-culture","12":"product_tag-freedom-day","13":"product_tag-hearts","14":"product_tag-history","15":"product_tag-juneteenth","17":"first","18":"instock","19":"downloadable","20":"virtual","21":"purchasable","22":"product-type-simple"},"aioseo_notices":[],"_links":{"self":[{"href":"https:\/\/pngate.com\/fr\/wp-json\/wp\/v2\/product\/19318","targetHints":{"allow":["GET"]}}],"collection":[{"href":"https:\/\/pngate.com\/fr\/wp-json\/wp\/v2\/product"}],"about":[{"href":"https:\/\/pngate.com\/fr\/wp-json\/wp\/v2\/types\/product"}],"version-history":[{"count":0,"href":"https:\/\/pngate.com\/fr\/wp-json\/wp\/v2\/product\/19318\/revisions"}],"wp:featuredmedia":[{"embeddable":true,"href":"https:\/\/pngate.com\/fr\/wp-json\/wp\/v2\/media\/19317"}],"wp:attachment":[{"href":"https:\/\/pngate.com\/fr\/wp-json\/wp\/v2\/media?parent=19318"}],"wp:term":[{"taxonomy":"product_brand","embeddable":true,"href":"https:\/\/pngate.com\/fr\/wp-json\/wp\/v2\/product_brand?post=19318"},{"taxonomy":"product_cat","embeddable":true,"href":"https:\/\/pngate.com\/fr\/wp-json\/wp\/v2\/product_cat?post=19318"},{"taxonomy":"product_tag","embeddable":true,"href":"https:\/\/pngate.com\/fr\/wp-json\/wp\/v2\/product_tag?post=19318"}],"curies":[{"name":"wp","href":"https:\/\/api.w.org\/{rel}","templated":true}]}}