{"id":19327,"date":"2025-07-22T10:04:21","date_gmt":"2025-07-22T07:04:21","guid":{"rendered":"https:\/\/pngate.com\/product\/labubu-toy-fluffy-purple-blue-monster-figurine-with-bunny-ears-free-png\/"},"modified":"2025-07-22T10:04:21","modified_gmt":"2025-07-22T07:04:21","slug":"labubu-toy-fluffy-purple-blue-monster-figurine-with-bunny-ears-free-png","status":"publish","type":"product","link":"https:\/\/pngate.com\/fr\/produit\/labubu-toy-fluffy-purple-blue-monster-figurine-with-bunny-ears-free-png\/","title":{"rendered":"Figurine de monstre violet et bleu pelucheux Labubu Toy avec oreilles de lapin (PNG gratuit)"},"content":{"rendered":"<p>Cette adorable figurine de monstre tout doux est orn\u00e9e de ravissantes oreilles de lapin et d&#039;un design violet et bleu accrocheur. Parfaite pour ajouter une touche ludique \u00e0 vos accessoires ou comme cadeau amusant. L&#039;image est pr\u00e9sent\u00e9e en haute qualit\u00e9 sur fond transparent, id\u00e9ale pour divers projets cr\u00e9atifs.<\/p>","protected":false},"excerpt":{"rendered":"<p>This adorable fluffy monster figurine features delightful bunny ears and an eye-catching purple and blue design. Perfect for adding a playful touch to your accessories or<span class=\"excerpt-hellip\"> [\u2026]<\/span><\/p>","protected":false},"featured_media":19326,"template":"","meta":{"om_disable_all_campaigns":false,"_monsterinsights_skip_tracking":false,"_monsterinsights_sitenote_active":false,"_monsterinsights_sitenote_note":"","_monsterinsights_sitenote_category":0,"_uf_show_specific_survey":0,"_uf_disable_surveys":false},"product_brand":[],"product_cat":[798,131,1435],"product_tag":[147,7269,7272,7271,7314,5568,1350,177,644],"class_list":{"0":"post-19327","1":"product","2":"type-product","3":"status-publish","4":"has-post-thumbnail","6":"product_cat-cartoon-anime","7":"product_cat-figures","8":"product_cat-toys","9":"product_tag-blue","10":"product_tag-bunny-ears","11":"product_tag-figurine","12":"product_tag-fluffy","13":"product_tag-keychain","14":"product_tag-labubu","15":"product_tag-monster","16":"product_tag-purple","17":"product_tag-toy","19":"first","20":"instock","21":"downloadable","22":"virtual","23":"purchasable","24":"product-type-simple"},"aioseo_notices":[],"_links":{"self":[{"href":"https:\/\/pngate.com\/fr\/wp-json\/wp\/v2\/product\/19327","targetHints":{"allow":["GET"]}}],"collection":[{"href":"https:\/\/pngate.com\/fr\/wp-json\/wp\/v2\/product"}],"about":[{"href":"https:\/\/pngate.com\/fr\/wp-json\/wp\/v2\/types\/product"}],"version-history":[{"count":0,"href":"https:\/\/pngate.com\/fr\/wp-json\/wp\/v2\/product\/19327\/revisions"}],"wp:featuredmedia":[{"embeddable":true,"href":"https:\/\/pngate.com\/fr\/wp-json\/wp\/v2\/media\/19326"}],"wp:attachment":[{"href":"https:\/\/pngate.com\/fr\/wp-json\/wp\/v2\/media?parent=19327"}],"wp:term":[{"taxonomy":"product_brand","embeddable":true,"href":"https:\/\/pngate.com\/fr\/wp-json\/wp\/v2\/product_brand?post=19327"},{"taxonomy":"product_cat","embeddable":true,"href":"https:\/\/pngate.com\/fr\/wp-json\/wp\/v2\/product_cat?post=19327"},{"taxonomy":"product_tag","embeddable":true,"href":"https:\/\/pngate.com\/fr\/wp-json\/wp\/v2\/product_tag?post=19327"}],"curies":[{"name":"wp","href":"https:\/\/api.w.org\/{rel}","templated":true}]}}