{"id":19330,"date":"2025-07-22T10:49:04","date_gmt":"2025-07-22T07:49:04","guid":{"rendered":"https:\/\/pngate.com\/product\/labubu-princess-lets-checkmate-series-yellow-bunny-crown-free-png\/"},"modified":"2025-07-22T10:49:04","modified_gmt":"2025-07-22T07:49:04","slug":"labubu-princess-lets-checkmate-series-yellow-bunny-crown-free-png","status":"publish","type":"product","link":"https:\/\/pngate.com\/fr\/produit\/labubu-princess-lets-checkmate-series-yellow-bunny-crown-free-png\/","title":{"rendered":"Labubu Princess Let&#039;s Checkmate Series Couronne de lapin jaune PNG gratuit"},"content":{"rendered":"<p>Cette charmante image met en sc\u00e8ne un adorable lapin jaune portant une couronne et tenant un cadeau orn\u00e9 d&#039;un ruban pastel, rayonnant de joie et de fantaisie. Ses yeux expressifs et sa tenue adorable en font un objet id\u00e9al pour ajouter une touche ludique aux invitations d&#039;anniversaire, aux d\u00e9corations de f\u00eate ou aux chambres d&#039;enfants. Gr\u00e2ce \u00e0 son fond transparent de haute qualit\u00e9, cette image au format PNG est polyvalente et s&#039;adapte \u00e0 de nombreux projets cr\u00e9atifs.<\/p>","protected":false},"excerpt":{"rendered":"<p>This charming image showcases a delightful yellow bunny wearing a crown and holding a pastel ribboned gift, radiating joy and whimsy. Its expressive eyes and adorable<span class=\"excerpt-hellip\"> [\u2026]<\/span><\/p>","protected":false},"featured_media":19329,"template":"","meta":{"om_disable_all_campaigns":false,"_monsterinsights_skip_tracking":false,"_monsterinsights_sitenote_active":false,"_monsterinsights_sitenote_note":"","_monsterinsights_sitenote_category":0,"_uf_show_specific_survey":0,"_uf_disable_surveys":false},"product_brand":[],"product_cat":[1697,1700,798,1733,1435],"product_tag":[1645,7316,2218,5568,842,243,644],"class_list":{"0":"post-19330","1":"product","2":"type-product","3":"status-publish","4":"has-post-thumbnail","6":"product_cat-baby-shower","7":"product_cat-birthday","8":"product_cat-cartoon-anime","9":"product_cat-gifts","10":"product_cat-toys","11":"product_tag-bunny","12":"product_tag-checkmate","13":"product_tag-crown","14":"product_tag-labubu","15":"product_tag-princess","16":"product_tag-series","17":"product_tag-toy","19":"first","20":"instock","21":"downloadable","22":"virtual","23":"purchasable","24":"product-type-simple"},"aioseo_notices":[],"_links":{"self":[{"href":"https:\/\/pngate.com\/fr\/wp-json\/wp\/v2\/product\/19330","targetHints":{"allow":["GET"]}}],"collection":[{"href":"https:\/\/pngate.com\/fr\/wp-json\/wp\/v2\/product"}],"about":[{"href":"https:\/\/pngate.com\/fr\/wp-json\/wp\/v2\/types\/product"}],"version-history":[{"count":0,"href":"https:\/\/pngate.com\/fr\/wp-json\/wp\/v2\/product\/19330\/revisions"}],"wp:featuredmedia":[{"embeddable":true,"href":"https:\/\/pngate.com\/fr\/wp-json\/wp\/v2\/media\/19329"}],"wp:attachment":[{"href":"https:\/\/pngate.com\/fr\/wp-json\/wp\/v2\/media?parent=19330"}],"wp:term":[{"taxonomy":"product_brand","embeddable":true,"href":"https:\/\/pngate.com\/fr\/wp-json\/wp\/v2\/product_brand?post=19330"},{"taxonomy":"product_cat","embeddable":true,"href":"https:\/\/pngate.com\/fr\/wp-json\/wp\/v2\/product_cat?post=19330"},{"taxonomy":"product_tag","embeddable":true,"href":"https:\/\/pngate.com\/fr\/wp-json\/wp\/v2\/product_tag?post=19330"}],"curies":[{"name":"wp","href":"https:\/\/api.w.org\/{rel}","templated":true}]}}