{"id":19390,"date":"2025-07-23T01:49:06","date_gmt":"2025-07-22T22:49:06","guid":{"rendered":"https:\/\/pngate.com\/product\/champion-golden-trophy-realistic-cup-highlighted-in-gold-free-png\/"},"modified":"2025-07-23T01:49:06","modified_gmt":"2025-07-22T22:49:06","slug":"champion-golden-trophy-realistic-cup-highlighted-in-gold-free-png","status":"publish","type":"product","link":"https:\/\/pngate.com\/fr\/produit\/champion-golden-trophy-realistic-cup-highlighted-in-gold-free-png\/","title":{"rendered":"Troph\u00e9e d&#039;or du champion Coupe r\u00e9aliste surlign\u00e9e en or PNG gratuit"},"content":{"rendered":"<p>This high-quality image features a realistic golden trophy that exudes elegance and success. The intricate details, from the polished surface to the ornate handles, make it perfect for awards ceremonies or themed events. With a transparent background, this PNG image allows for seamless integration into your projects, symbolizing victory and achievement in a striking way.<\/p>","protected":false},"excerpt":{"rendered":"<p>This high-quality image features a realistic golden trophy that exudes elegance and success. The intricate details, from the polished surface to the ornate handles, make it<span class=\"excerpt-hellip\"> [\u2026]<\/span><\/p>","protected":false},"featured_media":19389,"template":"","meta":{"om_disable_all_campaigns":false,"_monsterinsights_skip_tracking":false,"_monsterinsights_sitenote_active":false,"_monsterinsights_sitenote_note":"","_monsterinsights_sitenote_category":0,"_uf_show_specific_survey":0,"_uf_disable_surveys":false},"product_brand":[],"product_cat":[1968,1785],"product_tag":[871,865,1239,7350,904,4733],"class_list":{"0":"post-19390","1":"product","2":"type-product","3":"status-publish","4":"has-post-thumbnail","6":"product_cat-awards","7":"product_cat-trophies","8":"product_tag-achievement","9":"product_tag-awards","10":"product_tag-celebration","11":"product_tag-golden-cup","12":"product_tag-trophy","13":"product_tag-victory","15":"first","16":"instock","17":"downloadable","18":"virtual","19":"purchasable","20":"product-type-simple"},"aioseo_notices":[],"_links":{"self":[{"href":"https:\/\/pngate.com\/fr\/wp-json\/wp\/v2\/product\/19390","targetHints":{"allow":["GET"]}}],"collection":[{"href":"https:\/\/pngate.com\/fr\/wp-json\/wp\/v2\/product"}],"about":[{"href":"https:\/\/pngate.com\/fr\/wp-json\/wp\/v2\/types\/product"}],"version-history":[{"count":0,"href":"https:\/\/pngate.com\/fr\/wp-json\/wp\/v2\/product\/19390\/revisions"}],"wp:featuredmedia":[{"embeddable":true,"href":"https:\/\/pngate.com\/fr\/wp-json\/wp\/v2\/media\/19389"}],"wp:attachment":[{"href":"https:\/\/pngate.com\/fr\/wp-json\/wp\/v2\/media?parent=19390"}],"wp:term":[{"taxonomy":"product_brand","embeddable":true,"href":"https:\/\/pngate.com\/fr\/wp-json\/wp\/v2\/product_brand?post=19390"},{"taxonomy":"product_cat","embeddable":true,"href":"https:\/\/pngate.com\/fr\/wp-json\/wp\/v2\/product_cat?post=19390"},{"taxonomy":"product_tag","embeddable":true,"href":"https:\/\/pngate.com\/fr\/wp-json\/wp\/v2\/product_tag?post=19390"}],"curies":[{"name":"wp","href":"https:\/\/api.w.org\/{rel}","templated":true}]}}