{"id":19411,"date":"2025-07-23T07:03:59","date_gmt":"2025-07-23T04:03:59","guid":{"rendered":"https:\/\/pngate.com\/product\/fifa-club-world-cup-2025-match-ball-free-png\/"},"modified":"2025-07-23T07:03:59","modified_gmt":"2025-07-23T04:03:59","slug":"fifa-club-world-cup-2025-match-ball-free-png","status":"publish","type":"product","link":"https:\/\/pngate.com\/fr\/produit\/fifa-club-world-cup-2025-match-ball-free-png\/","title":{"rendered":"Ballon de match de la Coupe du Monde des Clubs de la FIFA 2025 (en PNG) gratuit"},"content":{"rendered":"<p>This image features the vibrant design of the FIFA Club World Cup 2025 match ball, embodying a blend of colors and dynamic patterns that evoke the energy of international soccer. The transparent background allows for seamless integration into various projects, making it ideal for sports-themed graphics and promotional materials. Its high-quality details highlight the craftsmanship of this essential sports gear.<\/p>","protected":false},"excerpt":{"rendered":"<p>Cette image pr\u00e9sente le design dynamique du ballon de match de la Coupe du Monde des Clubs de la FIFA 2025, incarnant un m\u00e9lange de couleurs et de motifs dynamiques qui \u00e9voquent le<span class=\"excerpt-hellip\"> [\u2026]<\/span><\/p>","protected":false},"featured_media":19410,"template":"","meta":{"om_disable_all_campaigns":false,"_monsterinsights_skip_tracking":false,"_monsterinsights_sitenote_active":false,"_monsterinsights_sitenote_note":"","_monsterinsights_sitenote_category":0,"_uf_show_specific_survey":0,"_uf_disable_surveys":false},"product_brand":[],"product_cat":[135,139,1785],"product_tag":[7357,7358,7359,3248],"class_list":{"0":"post-19411","1":"product","2":"type-product","3":"status-publish","4":"has-post-thumbnail","6":"product_cat-gaming","7":"product_cat-sports","8":"product_cat-trophies","9":"product_tag-fifa-club-world-cup","10":"product_tag-match-ball","11":"product_tag-soccer-ball","12":"product_tag-sports-equipment","14":"first","15":"instock","16":"downloadable","17":"virtual","18":"purchasable","19":"product-type-simple"},"aioseo_notices":[],"_links":{"self":[{"href":"https:\/\/pngate.com\/fr\/wp-json\/wp\/v2\/product\/19411","targetHints":{"allow":["GET"]}}],"collection":[{"href":"https:\/\/pngate.com\/fr\/wp-json\/wp\/v2\/product"}],"about":[{"href":"https:\/\/pngate.com\/fr\/wp-json\/wp\/v2\/types\/product"}],"version-history":[{"count":0,"href":"https:\/\/pngate.com\/fr\/wp-json\/wp\/v2\/product\/19411\/revisions"}],"wp:featuredmedia":[{"embeddable":true,"href":"https:\/\/pngate.com\/fr\/wp-json\/wp\/v2\/media\/19410"}],"wp:attachment":[{"href":"https:\/\/pngate.com\/fr\/wp-json\/wp\/v2\/media?parent=19411"}],"wp:term":[{"taxonomy":"product_brand","embeddable":true,"href":"https:\/\/pngate.com\/fr\/wp-json\/wp\/v2\/product_brand?post=19411"},{"taxonomy":"product_cat","embeddable":true,"href":"https:\/\/pngate.com\/fr\/wp-json\/wp\/v2\/product_cat?post=19411"},{"taxonomy":"product_tag","embeddable":true,"href":"https:\/\/pngate.com\/fr\/wp-json\/wp\/v2\/product_tag?post=19411"}],"curies":[{"name":"wp","href":"https:\/\/api.w.org\/{rel}","templated":true}]}}