{"id":19481,"date":"2025-07-24T00:18:58","date_gmt":"2025-07-23T21:18:58","guid":{"rendered":"https:\/\/pngate.com\/product\/osu-logo-the-ohio-state-university-primary-mark-free-png\/"},"modified":"2025-07-24T00:18:58","modified_gmt":"2025-07-23T21:18:58","slug":"osu-logo-the-ohio-state-university-primary-mark-free-png","status":"publish","type":"product","link":"https:\/\/pngate.com\/fr\/produit\/osu-logo-the-ohio-state-university-primary-mark-free-png\/","title":{"rendered":"Logo Osu, marque principale de l&#039;universit\u00e9 d&#039;\u00c9tat de l&#039;Ohio, PNG gratuit"},"content":{"rendered":"<p>This image features the primary mark of The Ohio State University, showcasing a bold &#8220;O&#8221; that symbolizes pride and tradition. The design&#8217;s clean lines and rich color make it ideal for educational materials, promotional content, or fan merchandise. With a transparent background and in PNG format, it offers versatile use in both digital and print projects.<\/p>","protected":false},"excerpt":{"rendered":"<p>Cette image pr\u00e9sente le logo principal de l&#039;Universit\u00e9 d&#039;\u00c9tat de l&#039;Ohio, avec un \u00ab\u00a0O\u00a0\u00bb audacieux symbolisant la fiert\u00e9 et la tradition. Les lignes \u00e9pur\u00e9es et la richesse du design<span class=\"excerpt-hellip\"> [\u2026]<\/span><\/p>","protected":false},"featured_media":19480,"template":"","meta":{"om_disable_all_campaigns":false,"_monsterinsights_skip_tracking":false,"_monsterinsights_sitenote_active":false,"_monsterinsights_sitenote_note":"","_monsterinsights_sitenote_category":0,"_uf_show_specific_survey":0,"_uf_disable_surveys":false},"product_brand":[],"product_cat":[1967,129,7383],"product_tag":[7380,7393,7394,7395],"class_list":{"0":"post-19481","1":"product","2":"type-product","3":"status-publish","4":"has-post-thumbnail","6":"product_cat-education","7":"product_cat-logos","8":"product_cat-universities","9":"product_tag-ohio-state-university","10":"product_tag-osu","11":"product_tag-primary-mark","12":"product_tag-university-logo","14":"first","15":"instock","16":"downloadable","17":"virtual","18":"purchasable","19":"product-type-simple"},"aioseo_notices":[],"_links":{"self":[{"href":"https:\/\/pngate.com\/fr\/wp-json\/wp\/v2\/product\/19481","targetHints":{"allow":["GET"]}}],"collection":[{"href":"https:\/\/pngate.com\/fr\/wp-json\/wp\/v2\/product"}],"about":[{"href":"https:\/\/pngate.com\/fr\/wp-json\/wp\/v2\/types\/product"}],"version-history":[{"count":0,"href":"https:\/\/pngate.com\/fr\/wp-json\/wp\/v2\/product\/19481\/revisions"}],"wp:featuredmedia":[{"embeddable":true,"href":"https:\/\/pngate.com\/fr\/wp-json\/wp\/v2\/media\/19480"}],"wp:attachment":[{"href":"https:\/\/pngate.com\/fr\/wp-json\/wp\/v2\/media?parent=19481"}],"wp:term":[{"taxonomy":"product_brand","embeddable":true,"href":"https:\/\/pngate.com\/fr\/wp-json\/wp\/v2\/product_brand?post=19481"},{"taxonomy":"product_cat","embeddable":true,"href":"https:\/\/pngate.com\/fr\/wp-json\/wp\/v2\/product_cat?post=19481"},{"taxonomy":"product_tag","embeddable":true,"href":"https:\/\/pngate.com\/fr\/wp-json\/wp\/v2\/product_tag?post=19481"}],"curies":[{"name":"wp","href":"https:\/\/api.w.org\/{rel}","templated":true}]}}