{"id":19510,"date":"2025-07-26T20:22:18","date_gmt":"2025-07-26T17:22:18","guid":{"rendered":"https:\/\/pngate.com\/product\/happy-fourth-of-july-lettering-with-stars-free-png\/"},"modified":"2025-07-26T20:22:18","modified_gmt":"2025-07-26T17:22:18","slug":"happy-fourth-of-july-lettering-with-stars-free-png","status":"publish","type":"product","link":"https:\/\/pngate.com\/fr\/produit\/happy-fourth-of-july-lettering-with-stars-free-png\/","title":{"rendered":"Joyeux 4 juillet, lettrage avec \u00e9toiles, PNG gratuit"},"content":{"rendered":"<p>Celebrate Independence Day with this charming design featuring &#8220;Happy Fourth of July&#8221; in festive colors. The playful lettering is accentuated by stars and patriotic decorations, making it perfect for cards, banners, or party decorations. With a transparent background and high quality, this PNG image easily blends into your creative projects, enhancing the spirit of the holiday.<\/p>","protected":false},"excerpt":{"rendered":"<p>C\u00e9l\u00e9brez le Jour de l&#039;Ind\u00e9pendance avec ce charmant motif arborant l&#039;inscription \u00ab\u00a0Joyeux 4 juillet\u00a0\u00bb aux couleurs festives. Le lettrage ludique est rehauss\u00e9 d&#039;\u00e9toiles et de d\u00e9corations patriotiques, pour un effet encore plus festif.<span class=\"excerpt-hellip\"> [\u2026]<\/span><\/p>","protected":false},"featured_media":19509,"template":"","meta":{"om_disable_all_campaigns":false,"_monsterinsights_skip_tracking":false,"_monsterinsights_sitenote_active":false,"_monsterinsights_sitenote_note":"","_monsterinsights_sitenote_category":0,"_uf_show_specific_survey":0,"_uf_disable_surveys":false},"product_brand":[],"product_cat":[1693,124,128],"product_tag":[1239,2228,4534,561,2335,199],"class_list":{"0":"post-19510","1":"product","2":"type-product","3":"status-publish","4":"has-post-thumbnail","6":"product_cat-4th-of-july","7":"product_cat-clipart","8":"product_cat-holidays","9":"product_tag-celebration","10":"product_tag-decorations","11":"product_tag-fourth-of-july","12":"product_tag-lettering","13":"product_tag-patriotic","14":"product_tag-stars","16":"first","17":"instock","18":"downloadable","19":"virtual","20":"purchasable","21":"product-type-simple"},"aioseo_notices":[],"_links":{"self":[{"href":"https:\/\/pngate.com\/fr\/wp-json\/wp\/v2\/product\/19510","targetHints":{"allow":["GET"]}}],"collection":[{"href":"https:\/\/pngate.com\/fr\/wp-json\/wp\/v2\/product"}],"about":[{"href":"https:\/\/pngate.com\/fr\/wp-json\/wp\/v2\/types\/product"}],"version-history":[{"count":0,"href":"https:\/\/pngate.com\/fr\/wp-json\/wp\/v2\/product\/19510\/revisions"}],"wp:featuredmedia":[{"embeddable":true,"href":"https:\/\/pngate.com\/fr\/wp-json\/wp\/v2\/media\/19509"}],"wp:attachment":[{"href":"https:\/\/pngate.com\/fr\/wp-json\/wp\/v2\/media?parent=19510"}],"wp:term":[{"taxonomy":"product_brand","embeddable":true,"href":"https:\/\/pngate.com\/fr\/wp-json\/wp\/v2\/product_brand?post=19510"},{"taxonomy":"product_cat","embeddable":true,"href":"https:\/\/pngate.com\/fr\/wp-json\/wp\/v2\/product_cat?post=19510"},{"taxonomy":"product_tag","embeddable":true,"href":"https:\/\/pngate.com\/fr\/wp-json\/wp\/v2\/product_tag?post=19510"}],"curies":[{"name":"wp","href":"https:\/\/api.w.org\/{rel}","templated":true}]}}