{"id":19535,"date":"2025-07-27T03:07:34","date_gmt":"2025-07-27T00:07:34","guid":{"rendered":"https:\/\/pngate.com\/product\/puma-logo-main-2025-sportswear-free-png\/"},"modified":"2025-07-27T03:07:34","modified_gmt":"2025-07-27T00:07:34","slug":"puma-logo-main-2025-sportswear-free-png","status":"publish","type":"product","link":"https:\/\/pngate.com\/fr\/produit\/puma-logo-main-2025-sportswear-free-png\/","title":{"rendered":"Logo Puma principal 2025 Sportswear (PNG gratuit)"},"content":{"rendered":"<p>Ce fichier PNG haute qualit\u00e9 pr\u00e9sente le logo embl\u00e9matique de Puma dans un design saisissant, symbole de vitesse et d&#039;agilit\u00e9. Le saut du Puma capture l&#039;essence m\u00eame de l&#039;athl\u00e9tisme, ce qui en fait un outil id\u00e9al pour le branding sportif ou les supports promotionnels. L&#039;image est dot\u00e9e d&#039;un fond transparent, permettant une int\u00e9gration fluide dans divers projets et mettant en valeur l&#039;identit\u00e9 forte de Puma.<\/p>","protected":false},"excerpt":{"rendered":"<p>This high-quality PNG features the iconic Puma logo in a striking design that symbolizes speed and agility. The leap of the puma captures the essence of<span class=\"excerpt-hellip\"> [\u2026]<\/span><\/p>","protected":false},"featured_media":19534,"template":"","meta":{"om_disable_all_campaigns":false,"_monsterinsights_skip_tracking":false,"_monsterinsights_sitenote_active":false,"_monsterinsights_sitenote_note":"","_monsterinsights_sitenote_category":0,"_uf_show_specific_survey":0,"_uf_disable_surveys":false},"product_brand":[],"product_cat":[129,139],"product_tag":[2227,919,716,961,1098,7422,2177],"class_list":{"0":"post-19535","1":"product","2":"type-product","3":"status-publish","4":"has-post-thumbnail","6":"product_cat-logos","7":"product_cat-sports","8":"product_tag-apparel","9":"product_tag-athletic","10":"product_tag-branding","11":"product_tag-fashion","12":"product_tag-lifestyle","13":"product_tag-puma","14":"product_tag-sportswear","16":"first","17":"instock","18":"downloadable","19":"virtual","20":"purchasable","21":"product-type-simple"},"aioseo_notices":[],"_links":{"self":[{"href":"https:\/\/pngate.com\/fr\/wp-json\/wp\/v2\/product\/19535","targetHints":{"allow":["GET"]}}],"collection":[{"href":"https:\/\/pngate.com\/fr\/wp-json\/wp\/v2\/product"}],"about":[{"href":"https:\/\/pngate.com\/fr\/wp-json\/wp\/v2\/types\/product"}],"version-history":[{"count":0,"href":"https:\/\/pngate.com\/fr\/wp-json\/wp\/v2\/product\/19535\/revisions"}],"wp:featuredmedia":[{"embeddable":true,"href":"https:\/\/pngate.com\/fr\/wp-json\/wp\/v2\/media\/19534"}],"wp:attachment":[{"href":"https:\/\/pngate.com\/fr\/wp-json\/wp\/v2\/media?parent=19535"}],"wp:term":[{"taxonomy":"product_brand","embeddable":true,"href":"https:\/\/pngate.com\/fr\/wp-json\/wp\/v2\/product_brand?post=19535"},{"taxonomy":"product_cat","embeddable":true,"href":"https:\/\/pngate.com\/fr\/wp-json\/wp\/v2\/product_cat?post=19535"},{"taxonomy":"product_tag","embeddable":true,"href":"https:\/\/pngate.com\/fr\/wp-json\/wp\/v2\/product_tag?post=19535"}],"curies":[{"name":"wp","href":"https:\/\/api.w.org\/{rel}","templated":true}]}}