{"id":2149,"date":"2023-09-22T17:34:46","date_gmt":"2023-09-22T14:34:46","guid":{"rendered":"https:\/?post_type=product&#038;p=2149"},"modified":"2025-07-14T18:05:48","modified_gmt":"2025-07-14T15:05:48","slug":"coffee-steam-tea-cup-italy","status":"publish","type":"product","link":"https:\/\/pngate.com\/fr\/produit\/coffee-steam-tea-cup-italy\/","title":{"rendered":"Tasse \u00e0 th\u00e9 caf\u00e9 vapeur Italie"},"content":{"rendered":"","protected":false},"excerpt":{"rendered":"","protected":false},"featured_media":2151,"template":"","meta":{"om_disable_all_campaigns":false,"_monsterinsights_skip_tracking":false,"_monsterinsights_sitenote_active":false,"_monsterinsights_sitenote_note":"","_monsterinsights_sitenote_category":0,"_uf_show_specific_survey":0,"_uf_disable_surveys":false},"product_brand":[],"product_cat":[124,1713,344],"product_tag":[400,402,197,404,403,328,327,401,405],"class_list":{"0":"post-2149","1":"product","2":"type-product","3":"status-publish","4":"has-post-thumbnail","6":"product_cat-clipart","7":"product_cat-coffee-cup","8":"product_cat-food","9":"product_tag-coffee","10":"product_tag-cup","11":"product_tag-gray","12":"product_tag-italian","13":"product_tag-italy","14":"product_tag-metallic","15":"product_tag-silver","16":"product_tag-steam","17":"product_tag-tea","19":"first","20":"instock","21":"downloadable","22":"virtual","23":"purchasable","24":"product-type-simple"},"aioseo_notices":[],"_links":{"self":[{"href":"https:\/\/pngate.com\/fr\/wp-json\/wp\/v2\/product\/2149","targetHints":{"allow":["GET"]}}],"collection":[{"href":"https:\/\/pngate.com\/fr\/wp-json\/wp\/v2\/product"}],"about":[{"href":"https:\/\/pngate.com\/fr\/wp-json\/wp\/v2\/types\/product"}],"version-history":[{"count":2,"href":"https:\/\/pngate.com\/fr\/wp-json\/wp\/v2\/product\/2149\/revisions"}],"predecessor-version":[{"id":15564,"href":"https:\/\/pngate.com\/fr\/wp-json\/wp\/v2\/product\/2149\/revisions\/15564"}],"wp:featuredmedia":[{"embeddable":true,"href":"https:\/\/pngate.com\/fr\/wp-json\/wp\/v2\/media\/2151"}],"wp:attachment":[{"href":"https:\/\/pngate.com\/fr\/wp-json\/wp\/v2\/media?parent=2149"}],"wp:term":[{"taxonomy":"product_brand","embeddable":true,"href":"https:\/\/pngate.com\/fr\/wp-json\/wp\/v2\/product_brand?post=2149"},{"taxonomy":"product_cat","embeddable":true,"href":"https:\/\/pngate.com\/fr\/wp-json\/wp\/v2\/product_cat?post=2149"},{"taxonomy":"product_tag","embeddable":true,"href":"https:\/\/pngate.com\/fr\/wp-json\/wp\/v2\/product_tag?post=2149"}],"curies":[{"name":"wp","href":"https:\/\/api.w.org\/{rel}","templated":true}]}}