{"id":2209,"date":"2023-10-08T12:37:37","date_gmt":"2023-10-08T09:37:37","guid":{"rendered":"https:\/?post_type=product&#038;p=2209"},"modified":"2025-07-14T18:05:58","modified_gmt":"2025-07-14T15:05:58","slug":"white-circled-happy-birthday-balloon-with-colored-stars","status":"publish","type":"product","link":"https:\/\/pngate.com\/fr\/produit\/white-circled-happy-birthday-balloon-with-colored-stars\/","title":{"rendered":"Ballon Joyeux Anniversaire Cercl\u00e9 Blanc avec \u00e9toiles color\u00e9es"},"content":{"rendered":"","protected":false},"excerpt":{"rendered":"","protected":false},"featured_media":2211,"template":"","meta":{"om_disable_all_campaigns":false,"_monsterinsights_skip_tracking":false,"_monsterinsights_sitenote_active":false,"_monsterinsights_sitenote_note":"","_monsterinsights_sitenote_category":0,"_uf_show_specific_survey":0,"_uf_disable_surveys":false},"product_brand":[],"product_cat":[1699,1700,124],"product_tag":[428,105,375,430,199,153],"class_list":{"0":"post-2209","1":"product","2":"type-product","3":"status-publish","4":"has-post-thumbnail","6":"product_cat-balloons","7":"product_cat-birthday","8":"product_cat-clipart","9":"product_tag-balloon","10":"product_tag-circled","11":"product_tag-colored","12":"product_tag-happy-birthday","13":"product_tag-stars","14":"product_tag-white","16":"first","17":"instock","18":"downloadable","19":"virtual","20":"purchasable","21":"product-type-simple"},"aioseo_notices":[],"_links":{"self":[{"href":"https:\/\/pngate.com\/fr\/wp-json\/wp\/v2\/product\/2209","targetHints":{"allow":["GET"]}}],"collection":[{"href":"https:\/\/pngate.com\/fr\/wp-json\/wp\/v2\/product"}],"about":[{"href":"https:\/\/pngate.com\/fr\/wp-json\/wp\/v2\/types\/product"}],"version-history":[{"count":2,"href":"https:\/\/pngate.com\/fr\/wp-json\/wp\/v2\/product\/2209\/revisions"}],"predecessor-version":[{"id":15578,"href":"https:\/\/pngate.com\/fr\/wp-json\/wp\/v2\/product\/2209\/revisions\/15578"}],"wp:featuredmedia":[{"embeddable":true,"href":"https:\/\/pngate.com\/fr\/wp-json\/wp\/v2\/media\/2211"}],"wp:attachment":[{"href":"https:\/\/pngate.com\/fr\/wp-json\/wp\/v2\/media?parent=2209"}],"wp:term":[{"taxonomy":"product_brand","embeddable":true,"href":"https:\/\/pngate.com\/fr\/wp-json\/wp\/v2\/product_brand?post=2209"},{"taxonomy":"product_cat","embeddable":true,"href":"https:\/\/pngate.com\/fr\/wp-json\/wp\/v2\/product_cat?post=2209"},{"taxonomy":"product_tag","embeddable":true,"href":"https:\/\/pngate.com\/fr\/wp-json\/wp\/v2\/product_tag?post=2209"}],"curies":[{"name":"wp","href":"https:\/\/api.w.org\/{rel}","templated":true}]}}