{"id":2651,"date":"2023-11-20T11:13:35","date_gmt":"2023-11-20T08:13:35","guid":{"rendered":"https:\/?post_type=product&#038;p=2651"},"modified":"2025-07-14T18:07:48","modified_gmt":"2025-07-14T15:07:48","slug":"download-on-the-app-store-neomorphism-button","status":"publish","type":"product","link":"https:\/\/pngate.com\/fr\/produit\/bouton-de-telechargement-sur-lapp-store-neomorphism\/","title":{"rendered":"T\u00e9l\u00e9charger sur l&#039;App Store Bouton N\u00e9omorphisme"},"content":{"rendered":"","protected":false},"excerpt":{"rendered":"","protected":false},"featured_media":2653,"template":"","meta":{"om_disable_all_campaigns":false,"_monsterinsights_skip_tracking":false,"_monsterinsights_sitenote_active":false,"_monsterinsights_sitenote_note":"","_monsterinsights_sitenote_category":0,"_uf_show_specific_survey":0,"_uf_disable_surveys":false},"product_brand":[],"product_cat":[126,1706,124,1752,1661],"product_tag":[605,359,152,568,608],"class_list":{"0":"post-2651","1":"product","2":"type-product","3":"status-publish","4":"has-post-thumbnail","6":"product_cat-3d-graphics","7":"product_cat-buttons-ui","8":"product_cat-clipart","9":"product_cat-minimalist","10":"product_cat-patterns","11":"product_tag-app-store","12":"product_tag-apple","13":"product_tag-button","14":"product_tag-download","15":"product_tag-neomorphism","17":"first","18":"instock","19":"downloadable","20":"virtual","21":"purchasable","22":"product-type-simple"},"aioseo_notices":[],"_links":{"self":[{"href":"https:\/\/pngate.com\/fr\/wp-json\/wp\/v2\/product\/2651","targetHints":{"allow":["GET"]}}],"collection":[{"href":"https:\/\/pngate.com\/fr\/wp-json\/wp\/v2\/product"}],"about":[{"href":"https:\/\/pngate.com\/fr\/wp-json\/wp\/v2\/types\/product"}],"version-history":[{"count":2,"href":"https:\/\/pngate.com\/fr\/wp-json\/wp\/v2\/product\/2651\/revisions"}],"predecessor-version":[{"id":15687,"href":"https:\/\/pngate.com\/fr\/wp-json\/wp\/v2\/product\/2651\/revisions\/15687"}],"wp:featuredmedia":[{"embeddable":true,"href":"https:\/\/pngate.com\/fr\/wp-json\/wp\/v2\/media\/2653"}],"wp:attachment":[{"href":"https:\/\/pngate.com\/fr\/wp-json\/wp\/v2\/media?parent=2651"}],"wp:term":[{"taxonomy":"product_brand","embeddable":true,"href":"https:\/\/pngate.com\/fr\/wp-json\/wp\/v2\/product_brand?post=2651"},{"taxonomy":"product_cat","embeddable":true,"href":"https:\/\/pngate.com\/fr\/wp-json\/wp\/v2\/product_cat?post=2651"},{"taxonomy":"product_tag","embeddable":true,"href":"https:\/\/pngate.com\/fr\/wp-json\/wp\/v2\/product_tag?post=2651"}],"curies":[{"name":"wp","href":"https:\/\/api.w.org\/{rel}","templated":true}]}}