{"id":2891,"date":"2023-12-13T10:35:16","date_gmt":"2023-12-13T07:35:16","guid":{"rendered":"https:\/?post_type=product&#038;p=2891"},"modified":"2025-07-14T18:08:35","modified_gmt":"2025-07-14T15:08:35","slug":"blunt-in-hand-transparent-png","status":"publish","type":"product","link":"https:\/\/pngate.com\/fr\/produit\/emousse-dans-la-main-transparent-png\/","title":{"rendered":"\u00c9mouss\u00e9 \u00e0 la main png transparent"},"content":{"rendered":"","protected":false},"excerpt":{"rendered":"","protected":false},"featured_media":2893,"template":"","meta":{"om_disable_all_campaigns":false,"_monsterinsights_skip_tracking":false,"_monsterinsights_sitenote_active":false,"_monsterinsights_sitenote_note":"","_monsterinsights_sitenote_category":0,"_uf_show_specific_survey":0,"_uf_disable_surveys":false},"product_brand":[],"product_cat":[14,124],"product_tag":[672,657,656,651,673,654,655,653,652],"class_list":{"0":"post-2891","1":"product","2":"type-product","3":"status-publish","4":"has-post-thumbnail","6":"product_cat-icons","7":"product_cat-clipart","8":"product_tag-blunt","9":"product_tag-download-transparent-png","10":"product_tag-free","11":"product_tag-free-png","12":"product_tag-hand","13":"product_tag-png","14":"product_tag-png-image","15":"product_tag-transparent-background","16":"product_tag-transparent-png","18":"first","19":"instock","20":"downloadable","21":"virtual","22":"purchasable","23":"product-type-simple"},"aioseo_notices":[],"_links":{"self":[{"href":"https:\/\/pngate.com\/fr\/wp-json\/wp\/v2\/product\/2891","targetHints":{"allow":["GET"]}}],"collection":[{"href":"https:\/\/pngate.com\/fr\/wp-json\/wp\/v2\/product"}],"about":[{"href":"https:\/\/pngate.com\/fr\/wp-json\/wp\/v2\/types\/product"}],"version-history":[{"count":2,"href":"https:\/\/pngate.com\/fr\/wp-json\/wp\/v2\/product\/2891\/revisions"}],"predecessor-version":[{"id":15737,"href":"https:\/\/pngate.com\/fr\/wp-json\/wp\/v2\/product\/2891\/revisions\/15737"}],"wp:featuredmedia":[{"embeddable":true,"href":"https:\/\/pngate.com\/fr\/wp-json\/wp\/v2\/media\/2893"}],"wp:attachment":[{"href":"https:\/\/pngate.com\/fr\/wp-json\/wp\/v2\/media?parent=2891"}],"wp:term":[{"taxonomy":"product_brand","embeddable":true,"href":"https:\/\/pngate.com\/fr\/wp-json\/wp\/v2\/product_brand?post=2891"},{"taxonomy":"product_cat","embeddable":true,"href":"https:\/\/pngate.com\/fr\/wp-json\/wp\/v2\/product_cat?post=2891"},{"taxonomy":"product_tag","embeddable":true,"href":"https:\/\/pngate.com\/fr\/wp-json\/wp\/v2\/product_tag?post=2891"}],"curies":[{"name":"wp","href":"https:\/\/api.w.org\/{rel}","templated":true}]}}